{"id":3723,"date":"2024-05-25T22:22:55","date_gmt":"2024-05-25T22:22:55","guid":{"rendered":"https:\/\/komood.shop\/?post_type=product&#038;p=3723"},"modified":"2025-12-10T20:11:16","modified_gmt":"2025-12-10T20:11:16","slug":"abrigo-003-color-bolsillos-elegancia-neo-neoxl","status":"publish","type":"product","link":"https:\/\/testlab.komood.shop\/es\/produkt\/mantel-003-farbfaecher-elegance-neo-neoxl\/","title":{"rendered":"Vaina #003 para ventiladores de color Elegance y Neo\/Neo XL"},"content":{"rendered":"<div class=\"ux-logo has-hover align-middle ux_logo inline-block\" style=\"max-width: 100%!important; width: 237px!important\"><a class=\"ux-logo-link block image-\" title=\"Pases de color y material de consulta de komood\" href=\"https:\/\/testlab.komood.shop\/es\/caracteristica\/komood\/\" style=\"padding: 15px;\"><img decoding=\"async\" src=\"https:\/\/testlab.komood.shop\/wp-content\/uploads\/komood-logo-klein.png\" title=\"Pases de color y material de consulta de komood\" alt=\"Pases de color y material de consulta de komood\" class=\"ux-logo-image block\" style=\"height:50px;\" \/><\/a><\/div>\n<h2>Cubrepa\u00f1al de color, motivo n\u00ba 003 | Colores de ropa 02<\/h2>\n<h3>para los amantes del color en las series Elegance, Neo y Neo XL<\/h3>\n<div class=\"is-divider divider clearfix\" style=\"max-width:small;\"><\/div>\n<p>Este accesorio se caracteriza por las siguientes particularidades:<\/p>\n<ul>\n<li class=\"bullet-checkmark\">Cart\u00f3n de sulfato de cromo de 330 g, blanco, sin madera, de una sola capa, resistente a la flexi\u00f3n,<\/li>\n<li class=\"bullet-checkmark\">Anverso\/exterior: doble revestimiento, liso, con impresi\u00f3n de motivos en offset,<\/li>\n<li class=\"bullet-checkmark\">Dorso\/interior: sin recubrimiento, liso, con impresi\u00f3n informativa en offset,<\/li>\n<li class=\"bullet-checkmark\">Dimensiones: 126 x 86 x 0,3 mm,<\/li>\n<li class=\"bullet-checkmark\">sin pliegues (posibilidad de arrugas gratuitas),<\/li>\n<li class=\"bullet-checkmark\">N\u00famero de motivo: 003,<\/li>\n<li class=\"bullet-checkmark\">Nombre del motivo: Colores del vestido 02.<\/li>\n<\/ul>\n<div class=\"is-divider divider clearfix\" style=\"max-width:small;\"><\/div>\n<h3>Asignaci\u00f3n conforme al tipo y uso previsto<\/h3>\n<p>El dise\u00f1o es neutro y no est\u00e1 asignado a ning\u00fan tipo de color en particular. Por ello, la cubierta es especialmente adecuada para las siguientes aplicaciones:<\/p>\n<ul>\n<li class=\"bullet-checkmark\"><strong>Compra \u00fanica:<\/strong> Sustituci\u00f3n de sobres da\u00f1ados,<\/li>\n<li class=\"bullet-checkmark\"><strong>como opci\u00f3n de producto:<\/strong> Configuraci\u00f3n de ventiladores de color individuales (clientes particulares),<\/li>\n<li class=\"bullet-checkmark\"><strong>como opci\u00f3n de producto:<\/strong> Configuraci\u00f3n de abanicos de colores estandarizados o compilados individualmente (B2B).<\/li>\n<\/ul>\n<div class=\"is-divider divider clearfix\" style=\"max-width:small;\"><\/div>\n<h3>Abanico en color con sobrecubierta individual<\/h3>\n<p>Esta oferta s\u00f3lo incluye el abrigo mencionado, es decir, ning\u00fan abanico de colores.<\/p>\n<p>Al adquirir un ventilador de color de las series Elegance, Neo o Neo XL, tiene la opci\u00f3n de elegir una cubierta alternativa. <strong>con importantes descuentos<\/strong> ofrecido.<\/p>\n<div class=\"is-divider divider clearfix\" style=\"max-width:small;\"><\/div>\n<h3>Desarrollo y producci\u00f3n<\/h3>\n<p>Esta funda de abrigo es un producto de Komood, Marion Zens.<\/p>\n<div class=\"is-divider divider clearfix\" style=\"max-width:small;\"><\/div>\n<h3>Visualizaci\u00f3n de los colores de los productos<\/h3>\n<p>Por razones t\u00e9cnicas, las representaciones de los colores en la tienda Komood (por ejemplo, en las fotos de los productos) son s\u00f3lo valores aproximados y, por tanto, pueden diferir significativamente de los colores reales.<\/p>\n<div class=\"is-divider divider clearfix\" style=\"max-width:small;\"><\/div>\n<h3>Contacte con nosotros<\/h3>\n<p>Si tiene alguna pregunta o sugerencia sobre esta oferta, no dude en ponerse en contacto con nosotros - <strong><a href=\"https:\/\/testlab.komood.shop\/es\/servicio-de-informacion\/pongase-en-contacto-con\/\">Contacte con nosotros<\/a><\/strong>.<\/p>","protected":false},"excerpt":{"rendered":"<ul>\n<li class=\"bullet-star\">Cubierta neutra para los amantes del color Komood,<\/li>\n<li class=\"bullet-star\">Motivo n\u00famero 003,<\/li>\n<li class=\"bullet-star\">Nombre del motivo: Colores del vestido 02.<\/li>\n<\/ul>","protected":false},"featured_media":3720,"comment_status":"open","ping_status":"closed","template":"","meta":[],"product_brand":[],"product_cat":[341,342,352],"product_tag":[318,232,317,300,282,258,354,425],"giftcard-category":[],"class_list":{"0":"post-3723","1":"product","2":"type-product","3":"status-publish","4":"has-post-thumbnail","6":"product_cat-zubehoer","7":"product_cat-farbkarten-farbfaecher","8":"product_cat-farbfaecher-mantelumschlaege","9":"product_tag-farbfaecher","10":"product_tag-b2b","11":"product_tag-elegance","12":"product_tag-neo","13":"product_tag-neo-xl-40","14":"product_tag-komood","15":"product_tag-motiv-kleiderfarben","16":"product_tag-b2c","18":"first","19":"instock","20":"taxable","21":"shipping-taxable","22":"purchasable","23":"product-type-simple"},"_links":{"self":[{"href":"https:\/\/testlab.komood.shop\/es\/wp-json\/wp\/v2\/product\/3723","targetHints":{"allow":["GET"]}}],"collection":[{"href":"https:\/\/testlab.komood.shop\/es\/wp-json\/wp\/v2\/product"}],"about":[{"href":"https:\/\/testlab.komood.shop\/es\/wp-json\/wp\/v2\/types\/product"}],"replies":[{"embeddable":true,"href":"https:\/\/testlab.komood.shop\/es\/wp-json\/wp\/v2\/comments?post=3723"}],"wp:featuredmedia":[{"embeddable":true,"href":"https:\/\/testlab.komood.shop\/es\/wp-json\/wp\/v2\/media\/3720"}],"wp:attachment":[{"href":"https:\/\/testlab.komood.shop\/es\/wp-json\/wp\/v2\/media?parent=3723"}],"wp:term":[{"taxonomy":"product_brand","embeddable":true,"href":"https:\/\/testlab.komood.shop\/es\/wp-json\/wp\/v2\/product_brand?post=3723"},{"taxonomy":"product_cat","embeddable":true,"href":"https:\/\/testlab.komood.shop\/es\/wp-json\/wp\/v2\/product_cat?post=3723"},{"taxonomy":"product_tag","embeddable":true,"href":"https:\/\/testlab.komood.shop\/es\/wp-json\/wp\/v2\/product_tag?post=3723"},{"taxonomy":"giftcard-category","embeddable":true,"href":"https:\/\/testlab.komood.shop\/es\/wp-json\/wp\/v2\/giftcard-category?post=3723"}],"curies":[{"name":"wp","href":"https:\/\/api.w.org\/{rel}","templated":true}]}}