{"id":4691,"date":"2024-06-25T06:21:15","date_gmt":"2024-06-25T06:21:15","guid":{"rendered":"https:\/\/komood.shop\/?post_type=product&#038;p=4691"},"modified":"2025-11-20T15:28:50","modified_gmt":"2025-11-20T15:28:50","slug":"barra-de-labios-natural-mate-muse-de-benecos","status":"publish","type":"product","link":"https:\/\/testlab.komood.shop\/es\/produkt\/muse-matt-natural-lipstick-von-benecos\/","title":{"rendered":"musa - Barra de labios mate natural de Benecos"},"content":{"rendered":"<div class=\"ux-logo has-hover align-middle ux_logo inline-block\" style=\"max-width: 100%!important; width: 170px!important\"><a class=\"ux-logo-link block image-\" title=\"Cosm\u00e9tica natural de benecos\" href=\"https:\/\/testlab.komood.shop\/es\/caracteristica\/benecos\/\" style=\"padding: 15px;\"><img decoding=\"async\" src=\"https:\/\/testlab.komood.shop\/wp-content\/uploads\/benecos-logo-klein.png\" title=\"Cosm\u00e9tica natural de benecos\" alt=\"Cosm\u00e9tica natural de benecos\" class=\"ux-logo-image block\" style=\"height:50px;\" \/><\/a><\/div>\n<h2>Pintalabios \"musa\" de Benecos<\/h2>\n<h3>Cosm\u00e9ticos naturales certificados y controlados (BDIH)<\/h3>\n<div class=\"is-divider divider clearfix\" style=\"max-width:small;\"><\/div>\n<p>Esta barra de labios altamente pigmentada y nutritiva de Benecos es adecuada para los siguientes tipos de color:<\/p>\n<p><strong>Sistema fr\u00edo-calor<\/strong><\/p>\n<ul>\n<li class=\"bullet-checkmark\">tiende a ser de tonos c\u00e1lidos<\/li>\n<\/ul>\n<p><strong>Sistema de tipos de color 4|6|10<\/strong><\/p>\n<ul>\n<li class=\"bullet-checkmark\">Primavera<\/li>\n<li class=\"bullet-checkmark\">Primavera-Verano<\/li>\n<li class=\"bullet-checkmark\">Primavera-oto\u00f1o<\/li>\n<\/ul>\n<p><strong>Sistema tipo de 12 colores<\/strong><\/p>\n<ul>\n<li class=\"bullet-checkmark\">Primavera ligera<\/li>\n<li class=\"bullet-checkmark\">Primavera c\u00e1lida<\/li>\n<li class=\"bullet-checkmark\">Primavera clara<\/li>\n<li class=\"bullet-checkmark\">Verano ligero<\/li>\n<li class=\"bullet-checkmark\">Oto\u00f1o suave<\/li>\n<\/ul>\n<div class=\"is-divider divider clearfix\" style=\"max-width:small;\"><\/div>\n<h3>Descripci\u00f3n del fabricante<\/h3>\n<p>Acabado mate aterciopelado, ligeramente empolvado. El efecto mate se consigue utilizando s\u00edlice en combinaci\u00f3n con almid\u00f3n de ma\u00edz ecol\u00f3gico. Al mismo tiempo, varias ceras y aceites org\u00e1nicos, como la cera de abeja, el aguacate y el aceite de babas\u00fa, dejan los labios suaves e hidratados.<\/p>\n<p>\u2713 <em>musa<\/em> es un c\u00e1lido palisandro<br \/>\n\u2713 Acabado mate aterciopelado, ligeramente empolvado.<br \/>\n\u2713 Con cera de abeja y aceite de aguacate.<br \/>\n\u2713 Alta pigmentaci\u00f3n, liberaci\u00f3n intensa del color<br \/>\n\u2713 Complejo de cuidado protector para unos labios suaves<br \/>\n\u2713 Cosm\u00e9ticos naturales certificados y controlados (BDIH)<\/p>\n<h4>Aplicaci\u00f3n<\/h4>\n<p>Aplique la barra de labios directamente sobre los labios o con el pincel para labios de benecos. Para que dure m\u00e1s, puede delinear previamente los labios con el perfilador de labios de benecos. Para que la barra de labios dure a\u00fan m\u00e1s, puede delinearse completamente los labios con el perfilador y aplicar despu\u00e9s la barra de labios.<\/p>\n<h4>Es bueno saberlo<\/h4>\n<p>Para resaltar realmente el coraz\u00f3n de sus labios, puede rellenarlos con brillo de labios para que parezcan m\u00e1s carnosos.<\/p>\n<p>Eliminaci\u00f3n: Una vez agotada la barra de labios, separe los componentes del envase y des\u00e9chelos en el centro de reciclaje\/bolsa amarilla.<\/p>\n<h4>Ingredientes<\/h4>\n<p>INGREDIENTES (INCI): \u00c9STERES DEC\u00cdLICOS DE ACEITE DE OLIVA\u00b0, POLIGLIC\u00c9RIDOS HIDROXIESTE\u00c1RICO\/LINOL\u00c9NICO\/OLEICO, ACEITE DE SEMILLAS DE RICINO (RICINUS COMMUNIS)\u00b0, S\u00cdLICE, CERA ALBA (CERA DE ABEJAS)\u00b0, ACEITE DE AGUACATE (PERSEA GRATISSIMA)\u00b0, CERA COPERNICIA CERIFERA CERA\/ CERA COPERNICIA CERIFERA (CARNAUBA)\u00b0, ACEITE DE SEMILLAS DE ORBIGNYA OLEIFERA (BABASSU)\u00b0, OLEIL OLEATO, ESCUALENO, EUPHORBIA CERIFERA CERA\/ CERA DE EUPHORBIA CERIFERA (CANDELILLA), ALMID\u00d3N DE ZEA MAYS (MA\u00cdZ)\u00b0, TOCOFEROL, PARFUM (FRAGANCIA), LIMONENO, LINALOL, CI 77742, CI 77891 (DI\u00d3XIDO DE TITANIO), CI 77491 (\u00d3XIDOS DE HIERRO), CI 77492 (\u00d3XIDOS DE HIERRO), CI 77499 (\u00d3XIDOS DE HIERRO).<\/p>\n<p>\u00b0 aus kontrolliert biologischem Anbau \/ procedente de agricultura ecol\u00f3gica certificada \u00b0\u00b0 nat\u00fcrliche Perfumekomposition \/ fragancia natural \u00b0\u00b0\u00b0 hergestellt aus Bio-Rohstoffen \/ elaborada con ingredientes ecol\u00f3gicos<\/p>\n<div class=\"is-divider divider clearfix\" style=\"max-width:small;\"><\/div>\n<h3>Contacte con nosotros<\/h3>\n<p>Si tiene alguna pregunta o sugerencia sobre esta oferta, no dude en ponerse en contacto con nosotros - <strong><a href=\"https:\/\/testlab.komood.shop\/es\/servicio-de-informacion\/pongase-en-contacto-con\/\">Contacte con nosotros<\/a><\/strong>.<\/p>","protected":false},"excerpt":{"rendered":"<ul>\n<li class=\"bullet-star\">Barra de labios de cosm\u00e9tica natural mate de Benecos<\/li>\n<li class=\"bullet-star\">Complejo de cuidado con cera de abeja y aceite de aguacate<\/li>\n<li class=\"bullet-star\">Dulzura de miel en mate<\/li>\n<\/ul>","protected":false},"featured_media":4581,"comment_status":"open","ping_status":"closed","template":"","meta":[],"product_brand":[],"product_cat":[321,462,463,473,464,476,470,491,587,609,588,614,589,619,590,624,593,668,449,450],"product_tag":[452,451,433,517,524,518,439,434,530,425,441,446,440],"giftcard-category":[],"class_list":{"0":"post-4691","1":"product","2":"type-product","3":"status-publish","4":"has-post-thumbnail","6":"product_cat-b2c","7":"product_cat-farbtypen","8":"product_cat-farbtyp-fruehling","9":"product_cat-lippenstifte-fruehlingstyp","10":"product_cat-farbtyp-fruehling-sommer","11":"product_cat-lippenstifte-fruehling-sommertyp","12":"product_cat-farbtyp-fruehling-herbst","13":"product_cat-lippenstifte-fruehling-herbsttyp","14":"product_cat-farbtyp-light-spring","15":"product_cat-lippenstifte-light-spring","16":"product_cat-farbtyp-warm-spring","17":"product_cat-lippenstifte-warm-spring","18":"product_cat-farbtyp-clear-spring","19":"product_cat-lippenstifte-clear-spring","20":"product_cat-farbtyp-light-summer","21":"product_cat-lippenstifte-light-summer","22":"product_cat-farbtyp-soft-autumn","23":"product_cat-lippenstifte-soft-autumn","24":"product_cat-dekorative-naturkosmetik","25":"product_cat-lippenstifte","26":"product_tag-natural-lipstick","27":"product_tag-benecos","28":"product_tag-farbtyp-clear-spring","29":"product_tag-fruehling","30":"product_tag-fruehling-herbst","31":"product_tag-fruehling-sommer","32":"product_tag-farbtyp-light-spring","33":"product_tag-farbtyp-light-summer","34":"product_tag-lippen","35":"product_tag-b2c","36":"product_tag-farbtyp-soft-autumn","37":"product_tag-tendenz-warm","38":"product_tag-farbtyp-warm-spring","40":"first","41":"instock","42":"taxable","43":"shipping-taxable","44":"purchasable","45":"product-type-simple"},"_links":{"self":[{"href":"https:\/\/testlab.komood.shop\/es\/wp-json\/wp\/v2\/product\/4691","targetHints":{"allow":["GET"]}}],"collection":[{"href":"https:\/\/testlab.komood.shop\/es\/wp-json\/wp\/v2\/product"}],"about":[{"href":"https:\/\/testlab.komood.shop\/es\/wp-json\/wp\/v2\/types\/product"}],"replies":[{"embeddable":true,"href":"https:\/\/testlab.komood.shop\/es\/wp-json\/wp\/v2\/comments?post=4691"}],"wp:featuredmedia":[{"embeddable":true,"href":"https:\/\/testlab.komood.shop\/es\/wp-json\/wp\/v2\/media\/4581"}],"wp:attachment":[{"href":"https:\/\/testlab.komood.shop\/es\/wp-json\/wp\/v2\/media?parent=4691"}],"wp:term":[{"taxonomy":"product_brand","embeddable":true,"href":"https:\/\/testlab.komood.shop\/es\/wp-json\/wp\/v2\/product_brand?post=4691"},{"taxonomy":"product_cat","embeddable":true,"href":"https:\/\/testlab.komood.shop\/es\/wp-json\/wp\/v2\/product_cat?post=4691"},{"taxonomy":"product_tag","embeddable":true,"href":"https:\/\/testlab.komood.shop\/es\/wp-json\/wp\/v2\/product_tag?post=4691"},{"taxonomy":"giftcard-category","embeddable":true,"href":"https:\/\/testlab.komood.shop\/es\/wp-json\/wp\/v2\/giftcard-category?post=4691"}],"curies":[{"name":"wp","href":"https:\/\/api.w.org\/{rel}","templated":true}]}}