{"id":4696,"date":"2024-06-25T09:02:35","date_gmt":"2024-06-25T09:02:35","guid":{"rendered":"https:\/\/komood.shop\/?post_type=product&#038;p=4696"},"modified":"2025-11-20T15:28:48","modified_gmt":"2025-11-20T15:28:48","slug":"barra-de-labios-natural-sandia-de-benecos","status":"publish","type":"product","link":"https:\/\/testlab.komood.shop\/es\/produkt\/watermelon-natural-lipstick-von-benecos\/","title":{"rendered":"sand\u00eda - Barra de labios natural de Benecos"},"content":{"rendered":"<div class=\"ux-logo has-hover align-middle ux_logo inline-block\" style=\"max-width: 100%!important; width: 170px!important\"><a class=\"ux-logo-link block image-\" title=\"Cosm\u00e9tica natural de benecos\" href=\"https:\/\/testlab.komood.shop\/es\/caracteristica\/benecos\/\" style=\"padding: 15px;\"><img decoding=\"async\" src=\"https:\/\/testlab.komood.shop\/wp-content\/uploads\/benecos-logo-klein.png\" title=\"Cosm\u00e9tica natural de benecos\" alt=\"Cosm\u00e9tica natural de benecos\" class=\"ux-logo-image block\" style=\"height:50px;\" \/><\/a><\/div>\n<h2>Barra de labios \"sand\u00eda\" de Benecos<\/h2>\n<h3>Cosm\u00e9ticos naturales certificados y controlados (BDIH)<\/h3>\n<div class=\"is-divider divider clearfix\" style=\"max-width:small;\"><\/div>\n<p>Esta barra de labios altamente pigmentada y nutritiva de Benecos es adecuada para los siguientes tipos de color:<\/p>\n<p><strong>Sistema fr\u00edo-calor<\/strong><\/p>\n<ul>\n<li class=\"bullet-checkmark\">genial<\/li>\n<\/ul>\n<p><strong>Sistema de tipos de color 4|6|10<\/strong><\/p>\n<ul>\n<li class=\"bullet-checkmark\">Verano<\/li>\n<li class=\"bullet-checkmark\">Invierno<\/li>\n<li class=\"bullet-checkmark\">Primavera-invierno<\/li>\n<li class=\"bullet-checkmark\">Verano-invierno<\/li>\n<\/ul>\n<p><strong>Sistema tipo de 12 colores<\/strong><\/p>\n<ul>\n<li class=\"bullet-checkmark\">Verano ligero<\/li>\n<li class=\"bullet-checkmark\">Verano fresco<\/li>\n<li class=\"bullet-checkmark\">Verano suave<\/li>\n<li class=\"bullet-checkmark\">Invierno despejado<\/li>\n<li class=\"bullet-checkmark\">Invierno fresco<\/li>\n<li class=\"bullet-checkmark\">Invierno profundo<\/li>\n<\/ul>\n<div class=\"is-divider divider clearfix\" style=\"max-width:small;\"><\/div>\n<h3>Descripci\u00f3n del fabricante<\/h3>\n<p>Barra de labios cremosa con una gran intensidad de color que nutre, protege y deja los labios aterciopelados gracias a un complejo de aceite org\u00e1nico de semillas de \u00e1rbol milagroso, cera de candelilla y vitamina E. Para unos labios irresistibles<\/p>\n<p>\u2713 Brillante, rojo oscuro adecuado para el uso diario.<br \/>\n\u2713 Complejo de cuidado protector para unos labios suaves y aterciopelados<br \/>\n\u2713 Alta pigmentaci\u00f3n, liberaci\u00f3n intensa del color<br \/>\n\u2713 Cosm\u00e9ticos naturales certificados y controlados (BDIH)<\/p>\n<h4>Aplicaci\u00f3n<\/h4>\n<p>Aplique la barra de labios directamente sobre los labios o con el pincel para labios de benecos. Para que dure m\u00e1s, puede delinear previamente los labios con el perfilador de labios de benecos. Para que la barra de labios dure a\u00fan m\u00e1s, puede delinearse completamente los labios con el perfilador y aplicar despu\u00e9s la barra de labios.<\/p>\n<h4>Es bueno saberlo<\/h4>\n<p>Para resaltar realmente el coraz\u00f3n de sus labios, puede rellenarlos con brillo de labios para que parezcan m\u00e1s carnosos.<\/p>\n<p>Eliminaci\u00f3n: Una vez agotada la barra de labios, separe los componentes del envase y des\u00e9chelos en el centro de reciclaje\/bolsa amarilla.<\/p>\n<h4>Ingredientes<\/h4>\n<p>INGREDIENTES (INCI): ACEITE DE SEMILLAS DE RICINUS COMMUNIS (RICINO)\u00b0, CERA DE EUPHORBIA CERIFERA\/EUPHORBIA CERIFERA (CANDELILLA), \u00c9STERES ESTEAR\u00cdLICOS DE ACEITE DE OLIVA HIDROGENADO\u00b0, POLIGLIC\u00c9RIDOS OLEICO\/LINOLEICO\/LINOL\u00c9NICO, TOCOFEROL, PARFUM (FRAGANCIA)\u00b0\u00b0, ACEITE DE SEMILLA DE SIMMONDSIA CHINENSIS (JOJOBA)\u00b0, LIMONENO\u00b0\u00b0, LINALOOL\u00b0\u00b0, CI 77891 (DI\u00d3XIDO DE TITANIO), CI 77492 (\u00d3XIDOS DE HIERRO), CI 77491 (\u00d3XIDOS DE HIERRO), CI 75470 (CARM\u00cdN)<\/p>\n<p>\u00b0 aus kontrolliert biologischem Anbau \/ procedente de agricultura ecol\u00f3gica certificada \u00b0\u00b0 nat\u00fcrliche Perfumekomposition \/ fragancia natural \u00b0\u00b0\u00b0 hergestellt aus Bio-Rohstoffen \/ elaborada con ingredientes ecol\u00f3gicos<\/p>\n<div class=\"is-divider divider clearfix\" style=\"max-width:small;\"><\/div>\n<h3>Contacte con nosotros<\/h3>\n<p>Si tiene alguna pregunta o sugerencia sobre esta oferta, no dude en ponerse en contacto con nosotros - <strong><a href=\"https:\/\/testlab.komood.shop\/es\/servicio-de-informacion\/pongase-en-contacto-con\/\">Contacte con nosotros<\/a><\/strong>.<\/p>","protected":false},"excerpt":{"rendered":"<ul>\n<li class=\"bullet-star\">barra de labios de cosm\u00e9tica natural nutritiva de Benecos<\/li>\n<li class=\"bullet-star\">con aceite de semilla de \u00e1rbol milagroso ecol\u00f3gico, cera de candelilla y vitamina E<\/li>\n<li class=\"bullet-star\">un rojo fresco transl\u00facido<\/li>\n<\/ul>","protected":false},"featured_media":4593,"comment_status":"open","ping_status":"closed","template":"","meta":[],"product_brand":[],"product_cat":[321,462,465,481,469,489,471,493,472,495,590,624,591,629,592,634,596,648,597,649,598,651,449,450],"product_tag":[452,451,437,435,438,444,525,429,434,530,425,436,519,526,523],"giftcard-category":[],"class_list":{"0":"post-4696","1":"product","2":"type-product","3":"status-publish","4":"has-post-thumbnail","6":"product_cat-b2c","7":"product_cat-farbtypen","8":"product_cat-farbtyp-sommer","9":"product_cat-lippenstifte-sommertyp","10":"product_cat-farbtyp-winter","11":"product_cat-lippenstifte-wintertyp","12":"product_cat-farbtyp-fruehling-winter","13":"product_cat-lippenstifte-fruehling-wintertyp","14":"product_cat-farbtyp-sommer-winter","15":"product_cat-lippenstifte-sommer-wintertyp","16":"product_cat-farbtyp-light-summer","17":"product_cat-lippenstifte-light-summer","18":"product_cat-farbtyp-cool-summer","19":"product_cat-lippenstifte-cool-summer","20":"product_cat-farbtyp-soft-summer","21":"product_cat-lippenstifte-soft-summer","22":"product_cat-farbtyp-clear-winter","23":"product_cat-lippenstifte-clear-winter","24":"product_cat-farbtyp-cool-winter","25":"product_cat-lippenstifte-cool-winter","26":"product_cat-farbtyp-deep-winter","27":"product_cat-lippenstifte-deep-winter","28":"product_cat-dekorative-naturkosmetik","29":"product_cat-lippenstifte","30":"product_tag-natural-lipstick","31":"product_tag-benecos","32":"product_tag-farbtyp-clear-winter","33":"product_tag-farbtyp-cool-summer","34":"product_tag-farbtyp-cool-winter","35":"product_tag-farbtyp-deep-winter","36":"product_tag-fruehling-winter","37":"product_tag-kuehl","38":"product_tag-farbtyp-light-summer","39":"product_tag-lippen","40":"product_tag-b2c","41":"product_tag-farbtyp-soft-summer","42":"product_tag-sommer","43":"product_tag-sommer-winter","44":"product_tag-winter","46":"first","47":"instock","48":"taxable","49":"shipping-taxable","50":"purchasable","51":"product-type-simple"},"_links":{"self":[{"href":"https:\/\/testlab.komood.shop\/es\/wp-json\/wp\/v2\/product\/4696","targetHints":{"allow":["GET"]}}],"collection":[{"href":"https:\/\/testlab.komood.shop\/es\/wp-json\/wp\/v2\/product"}],"about":[{"href":"https:\/\/testlab.komood.shop\/es\/wp-json\/wp\/v2\/types\/product"}],"replies":[{"embeddable":true,"href":"https:\/\/testlab.komood.shop\/es\/wp-json\/wp\/v2\/comments?post=4696"}],"wp:featuredmedia":[{"embeddable":true,"href":"https:\/\/testlab.komood.shop\/es\/wp-json\/wp\/v2\/media\/4593"}],"wp:attachment":[{"href":"https:\/\/testlab.komood.shop\/es\/wp-json\/wp\/v2\/media?parent=4696"}],"wp:term":[{"taxonomy":"product_brand","embeddable":true,"href":"https:\/\/testlab.komood.shop\/es\/wp-json\/wp\/v2\/product_brand?post=4696"},{"taxonomy":"product_cat","embeddable":true,"href":"https:\/\/testlab.komood.shop\/es\/wp-json\/wp\/v2\/product_cat?post=4696"},{"taxonomy":"product_tag","embeddable":true,"href":"https:\/\/testlab.komood.shop\/es\/wp-json\/wp\/v2\/product_tag?post=4696"},{"taxonomy":"giftcard-category","embeddable":true,"href":"https:\/\/testlab.komood.shop\/es\/wp-json\/wp\/v2\/giftcard-category?post=4696"}],"curies":[{"name":"wp","href":"https:\/\/api.w.org\/{rel}","templated":true}]}}