{"id":4731,"date":"2024-06-27T13:14:02","date_gmt":"2024-06-27T13:14:02","guid":{"rendered":"https:\/\/komood.shop\/?post_type=product&#038;p=4731"},"modified":"2025-11-20T15:26:23","modified_gmt":"2025-11-20T15:26:23","slug":"barra-de-labios-natural-berry-pride-1-3-de-marie-w","status":"publish","type":"product","link":"https:\/\/testlab.komood.shop\/es\/produkt\/beerenstolz-1-3-natur-lippenstift-von-marie-w\/","title":{"rendered":"Berry Pride 1-3 - Barra de labios natural de marie w."},"content":{"rendered":"<div class=\"ux-logo has-hover align-middle ux_logo inline-block\" style=\"max-width: 100%!important; width: 271px!important\"><a class=\"ux-logo-link block image-\" title=\"Cosm\u00e9ticos naturales de Marie W.\" href=\"https:\/\/testlab.komood.shop\/es\/caracteristica\/marie-w\/\" style=\"padding: 15px;\"><img decoding=\"async\" src=\"https:\/\/testlab.komood.shop\/wp-content\/uploads\/marie-w-logo-klein.png\" title=\"Cosm\u00e9ticos naturales de Marie W.\" alt=\"Cosm\u00e9ticos naturales de Marie W.\" class=\"ux-logo-image block\" style=\"height:50px;\" \/><\/a><\/div>\n<h2>Barra de labios \"Berry Pride 1-3\"<\/h2>\n<h3>Barra de labios natural certificada con oro aut\u00e9ntico de gran pureza<\/h3>\n<div class=\"is-divider divider clearfix\" style=\"max-width:small;\"><\/div>\n<p>Esta barra de labios nutritiva y de alta calidad de marie w. con ingredientes de comercio justo es adecuada para los siguientes tipos de color:<\/p>\n<p><strong>Sistema fr\u00edo-calor<\/strong><\/p>\n<ul>\n<li class=\"bullet-checkmark\">Neutro<\/li>\n<\/ul>\n<p><strong>Sistema de tipos de color 4|6|10<\/strong><\/p>\n<ul>\n<li class=\"bullet-checkmark\">Verano-oto\u00f1o<\/li>\n<li class=\"bullet-checkmark\">Oto\u00f1o<\/li>\n<li class=\"bullet-checkmark\">Oto\u00f1o-Invierno<\/li>\n<li class=\"bullet-checkmark\">Invierno<\/li>\n<\/ul>\n<p><strong>Sistema tipo de 12 colores<\/strong><\/p>\n<ul>\n<li class=\"bullet-checkmark\">Oto\u00f1o suave<\/li>\n<li class=\"bullet-checkmark\">C\u00e1lido oto\u00f1o<\/li>\n<li class=\"bullet-checkmark\">Oto\u00f1o profundo<\/li>\n<li class=\"bullet-checkmark\">Invierno despejado<\/li>\n<li class=\"bullet-checkmark\">Invierno fresco<\/li>\n<li class=\"bullet-checkmark\">Invierno profundo<\/li>\n<\/ul>\n<div class=\"is-divider divider clearfix\" style=\"max-width:small;\"><\/div>\n<h3>Descripci\u00f3n del fabricante<\/h3>\n<h4>Orgullo de las bayas<\/h4>\n<p>Favorecedor para todas las complexiones. Este tono combina el c\u00e1lido rojo de la fruta con un toque del fresco azul de las jugosas bayas. El rojo intenso con un toque de azul baya es el color para las mujeres que irradian confianza en s\u00ed mismas, energ\u00eda y salud, combinadas con un toque de extravagancia y misticismo.<\/p>\n<h4>marie w. barra de labios natural con oro aut\u00e9ntico<\/h4>\n<ul>\n<li class=\"bullet-star\">Con los aceites org\u00e1nicos m\u00e1s preciados, prensados en fr\u00edo, procedentes de proyectos de mujeres africanas.<\/li>\n<li class=\"bullet-star\">El oro, como la mejor alternativa al gloss convencional, suaviza visualmente las l\u00edneas finas gracias a la refracci\u00f3n especial de la luz. Este hidratante de lujo tambi\u00e9n alivia la piel sensible de los labios y la deja agradablemente fresca.<\/li>\n<li class=\"bullet-star\">Los colores deben su m\u00e1gico resplandor a la combinaci\u00f3n de \u00f3xidos de hierro seleccionados y se funden con el tono natural de los labios. Por ello, el resultado es siempre natural, armonioso y completamente individual.<\/li>\n<li class=\"bullet-star\">Los preciados aceites y ceras vegetales se funden en los labios 1-2 minutos despu\u00e9s de su aplicaci\u00f3n. Con cada aplicaci\u00f3n, la piel se siente m\u00e1s suave y tersa y \"aprende\" a regenerarse sin necesidad de una hidrataci\u00f3n constante.<\/li>\n<li class=\"bullet-star\">La piel se siente ligera como una pluma, suave y flexible: no hay pel\u00edcula de grasa y color, sino una nueva ligereza.<\/li>\n<li class=\"bullet-star\">Certificado seg\u00fan NATRUE<\/li>\n<\/ul>\n<h4>Ingredientes<\/h4>\n<p>ACEITE DE COCO NUCIFERA* , ESTEARATO DE OCTILDODECILO , ACEITE VEGETAL HIDROGENADO , MICA , TRIGLIC\u00c9RIDOS C10-18 , COPERNICIA CERIFERA CERA* , CANDELILLA CERA , POLIGLICERIL-3 DIISOESTEARATO , ORIZANOL , CAPRILATO DE GLICERILO , TOCOFEROL , TALCO , MANTECA DE BUTYROSPERMUM PARKII* , CI 75470 , CI 77480 (ORO) , +\/- [CI 77491, CI 77492, CI 77499, CI 77510<\/p>\n<p>* procedentes de cultivos ecol\u00f3gicos certificados<\/p>\n<div class=\"is-divider divider clearfix\" style=\"max-width:small;\"><\/div>\n<h3>Contacte con nosotros<\/h3>\n<p>Si tiene alguna pregunta o sugerencia sobre esta oferta, no dude en ponerse en contacto con nosotros - <strong><a href=\"https:\/\/testlab.komood.shop\/es\/servicio-de-informacion\/pongase-en-contacto-con\/\">Contacte con nosotros<\/a><\/strong>.<\/p>","protected":false},"excerpt":{"rendered":"<ul>\n<li class=\"bullet-star\">Pintalabios natural a base de sabrosos aceites y ceras<\/li>\n<li class=\"bullet-star\">Refinado eficazmente con oro aut\u00e9ntico de gran pureza<\/li>\n<li class=\"bullet-star\">la experiencia sensual para toda autoconciencia<\/li>\n<\/ul>","protected":false},"featured_media":4609,"comment_status":"open","ping_status":"closed","template":"","meta":[],"product_brand":[],"product_cat":[321,462,466,483,467,485,468,487,469,489,593,668,594,646,595,647,596,648,597,649,598,651,449,450],"product_tag":[437,438,443,444,521,522,530,459,458,425,441,520,445,442,523],"giftcard-category":[],"class_list":{"0":"post-4731","1":"product","2":"type-product","3":"status-publish","4":"has-post-thumbnail","6":"product_cat-b2c","7":"product_cat-farbtypen","8":"product_cat-farbtyp-sommer-herbst","9":"product_cat-lippenstifte-sommer-herbsttyp","10":"product_cat-farbtyp-herbst","11":"product_cat-lippenstifte-herbsttyp","12":"product_cat-farbtyp-herbst-winter","13":"product_cat-lippenstifte-herbst-wintertyp","14":"product_cat-farbtyp-winter","15":"product_cat-lippenstifte-wintertyp","16":"product_cat-farbtyp-soft-autumn","17":"product_cat-lippenstifte-soft-autumn","18":"product_cat-farbtyp-warm-autumn","19":"product_cat-lippenstifte-warm-autumn","20":"product_cat-farbtyp-deep-autumn","21":"product_cat-lippenstifte-deep-autumn","22":"product_cat-farbtyp-clear-winter","23":"product_cat-lippenstifte-clear-winter","24":"product_cat-farbtyp-cool-winter","25":"product_cat-lippenstifte-cool-winter","26":"product_cat-farbtyp-deep-winter","27":"product_cat-lippenstifte-deep-winter","28":"product_cat-dekorative-naturkosmetik","29":"product_cat-lippenstifte","30":"product_tag-farbtyp-clear-winter","31":"product_tag-farbtyp-cool-winter","32":"product_tag-farbtyp-deep-autumn","33":"product_tag-farbtyp-deep-winter","34":"product_tag-herbst","35":"product_tag-herbst-winter","36":"product_tag-lippen","37":"product_tag-marie-w","38":"product_tag-natur-lippenstift","39":"product_tag-b2c","40":"product_tag-farbtyp-soft-autumn","41":"product_tag-sommer-herbst","42":"product_tag-tendenz-kuehl","43":"product_tag-farbtyp-warm-autumn","44":"product_tag-winter","46":"first","47":"instock","48":"taxable","49":"shipping-taxable","50":"purchasable","51":"product-type-simple"},"_links":{"self":[{"href":"https:\/\/testlab.komood.shop\/es\/wp-json\/wp\/v2\/product\/4731","targetHints":{"allow":["GET"]}}],"collection":[{"href":"https:\/\/testlab.komood.shop\/es\/wp-json\/wp\/v2\/product"}],"about":[{"href":"https:\/\/testlab.komood.shop\/es\/wp-json\/wp\/v2\/types\/product"}],"replies":[{"embeddable":true,"href":"https:\/\/testlab.komood.shop\/es\/wp-json\/wp\/v2\/comments?post=4731"}],"wp:featuredmedia":[{"embeddable":true,"href":"https:\/\/testlab.komood.shop\/es\/wp-json\/wp\/v2\/media\/4609"}],"wp:attachment":[{"href":"https:\/\/testlab.komood.shop\/es\/wp-json\/wp\/v2\/media?parent=4731"}],"wp:term":[{"taxonomy":"product_brand","embeddable":true,"href":"https:\/\/testlab.komood.shop\/es\/wp-json\/wp\/v2\/product_brand?post=4731"},{"taxonomy":"product_cat","embeddable":true,"href":"https:\/\/testlab.komood.shop\/es\/wp-json\/wp\/v2\/product_cat?post=4731"},{"taxonomy":"product_tag","embeddable":true,"href":"https:\/\/testlab.komood.shop\/es\/wp-json\/wp\/v2\/product_tag?post=4731"},{"taxonomy":"giftcard-category","embeddable":true,"href":"https:\/\/testlab.komood.shop\/es\/wp-json\/wp\/v2\/giftcard-category?post=4731"}],"curies":[{"name":"wp","href":"https:\/\/api.w.org\/{rel}","templated":true}]}}