{"id":5100,"date":"2024-07-30T18:47:23","date_gmt":"2024-07-30T18:47:23","guid":{"rendered":"https:\/\/komood.shop\/?post_type=product&#038;p=5100"},"modified":"2026-02-16T17:44:46","modified_gmt":"2026-02-16T17:44:46","slug":"barra-de-labios-liquida-mate-natural-bloody-berry-de-benecos","status":"publish","type":"product","link":"https:\/\/testlab.komood.shop\/es\/produkt\/bloody-berry-natural-matte-liquid-lipstick-von-benecos\/","title":{"rendered":"bloody berry - Barra de labios l\u00edquida mate natural de Benecos"},"content":{"rendered":"<div class=\"ux-logo has-hover align-middle ux_logo inline-block\" style=\"max-width: 100%!important; width: 170px!important\"><a class=\"ux-logo-link block image-\" title=\"Cosm\u00e9tica natural de benecos\" href=\"https:\/\/testlab.komood.shop\/es\/caracteristica\/benecos\/\" style=\"padding: 15px;\"><img decoding=\"async\" src=\"https:\/\/testlab.komood.shop\/wp-content\/uploads\/benecos-logo-klein.png\" title=\"Cosm\u00e9tica natural de benecos\" alt=\"Cosm\u00e9tica natural de benecos\" class=\"ux-logo-image block\" style=\"height:50px;\" \/><\/a><\/div>\n<h2>Barra de labios l\u00edquida mate natural \"bloody berry\" de Benecos<\/h2>\n<h3>Cosm\u00e9ticos naturales certificados y controlados (BDIH)<\/h3>\n<div class=\"is-divider divider clearfix\" style=\"max-width:small;\"><\/div>\n<p>Esta barra de labios l\u00edquida y f\u00e1cil de aplicar de Benecos proporciona a los siguientes tipos de color un aspecto mate perfecto.<\/p>\n<p><strong>Sistema fr\u00edo-calor<\/strong><\/p>\n<ul>\n<li class=\"bullet-checkmark\">tiende a ser de tono fr\u00edo<\/li>\n<\/ul>\n<p><strong>Sistema de tipos de color 4|6|10<\/strong><\/p>\n<ul>\n<li class=\"bullet-checkmark\">Verano<\/li>\n<li class=\"bullet-checkmark\">Verano-oto\u00f1o<\/li>\n<li class=\"bullet-checkmark\">Oto\u00f1o<\/li>\n<li class=\"bullet-checkmark\">Oto\u00f1o-Invierno<\/li>\n<li class=\"bullet-checkmark\">Invierno<\/li>\n<li class=\"bullet-checkmark\">Primavera-invierno<\/li>\n<li class=\"bullet-checkmark\">Verano-invierno<\/li>\n<\/ul>\n<p><strong>Sistema tipo de 12 colores<\/strong><\/p>\n<ul>\n<li class=\"bullet-checkmark\">Primavera clara<\/li>\n<li class=\"bullet-checkmark\">Verano fresco<\/li>\n<li class=\"bullet-checkmark\">Verano suave<\/li>\n<li class=\"bullet-checkmark\">C\u00e1lido oto\u00f1o<\/li>\n<li class=\"bullet-checkmark\">Oto\u00f1o profundo<\/li>\n<li class=\"bullet-checkmark\">Invierno despejado<\/li>\n<li class=\"bullet-checkmark\">Invierno fresco<\/li>\n<li class=\"bullet-checkmark\">Invierno profundo<\/li>\n<\/ul>\n<div class=\"is-divider divider clearfix\" style=\"max-width:small;\"><\/div>\n<h3>Descripci\u00f3n del fabricante<\/h3>\n<p>Las BARRAS DE LABIAL L\u00cdQUIDAS MATE de benecos, veganas, altamente pigmentadas y de efecto mate sedoso, con aceite de ricino nutritivo y cera de carnauba, te proporcionan una mirada expresiva. El almid\u00f3n de ma\u00edz proporciona el efecto mate de moda. Su f\u00f3rmula ligera como una pluma es f\u00e1cil de aplicar en los labios. Buena fijaci\u00f3n.<\/p>\n<p>\u2713 bloody berry es un tono oto\u00f1al, rojo brillante.<br \/>\nL\u00e1piz labial l\u00edquido de alta pigmentaci\u00f3n, mate como la seda<br \/>\n\u2713 Sin charla y vegano<br \/>\nBuena durabilidad<br \/>\n\u2713 Una combinaci\u00f3n de aceites vegetales, ceras y vitamina E nutre los labios.<br \/>\n\u2713 Cosm\u00e9ticos ecol\u00f3gicos certificados COSMOS Organic<br \/>\nContenido: 5 ml<\/p>\n<h4>Aplicaci\u00f3n<\/h4>\n<p>Para unos labios perfectamente definidos, delinea primero tu boca con un perfilador. A continuaci\u00f3n, aplica la barra de labios l\u00edquida con el aplicador o el pincel.<\/p>\n<h4>Es bueno saberlo<\/h4>\n<p>La preparaci\u00f3n lo es todo. Lo ideal es exfoliar los labios antes de la aplicaci\u00f3n para que desaparezcan las peque\u00f1as irregularidades.<\/p>\n<p>Eliminaci\u00f3n:<br \/>\nUna vez agotada la barra de labios l\u00edquida, separe los componentes del envase y des\u00e9chelos en el centro de reciclaje\/bolsa amarilla.<\/p>\n<h4>Ingredientes<\/h4>\n<p>MICA, UNDECANO, ACEITE DE SEMILLA DE RICINO (RICINUS COMMUNIS)\u00b0, POLIGLIC\u00c9RIDOS OLEICO\/LINOLEICO\/LINOL\u00c9NICO, ALMID\u00d3N DE MA\u00cdZ (ZEA MAYS)\u00b0, TRIDECANO, ROSINATO DE GLICERILO, CAPRATO DE POLIGLICERILO-4, S\u00cdLICE, CERA DE CARNAUBA (COPERNICIA CERIFERA), ACEITE DE JOJOBA HIDROGENADO, PARFUM (FRAGANCIA), POLIGLICERIL-3 DIISOESTEARATO, LECITINA, TOCOFEROL, PALMITATO DE ASCORBILO, \u00c1CIDO C\u00cdTRICO, CI 77742 (VIOLETA DE MANGANESO), CI 77491 (\u00d3XIDOS DE HIERRO), CI 77891 (DI\u00d3XIDO DE TITANIO), CI 77007 (ULTRAMARINAS).<\/p>\n<p>\u00b0 aus kontrolliert biologischem Anbau \/ procedente de agricultura ecol\u00f3gica certificada \u00b0\u00b0 nat\u00fcrliche Perfumekomposition \/ fragancia natural \u00b0\u00b0\u00b0 hergestellt aus Bio-Rohstoffen \/ elaborada con ingredientes ecol\u00f3gicos<\/p>\n<div class=\"is-divider divider clearfix\" style=\"max-width:small;\"><\/div>\n<h3>Contacte con nosotros<\/h3>\n<p>Si tiene alguna pregunta o sugerencia sobre esta oferta, no dude en ponerse en contacto con nosotros - <strong><a href=\"https:\/\/testlab.komood.shop\/es\/servicio-de-informacion\/pongase-en-contacto-con\/\">Contacte con nosotros<\/a><\/strong>.<\/p>","protected":false},"excerpt":{"rendered":"<ul>\n<li class=\"bullet-star\">Pintalabios l\u00edquido de color de cosm\u00e9tica natural de Benecos<\/li>\n<li class=\"bullet-star\">con aceite de ricino org\u00e1nico y cera de carnauba<\/li>\n<li class=\"bullet-star\">un rojo baya vers\u00e1til<\/li>\n<\/ul>","protected":false},"featured_media":5009,"comment_status":"open","ping_status":"closed","template":"","meta":[],"product_brand":[],"product_cat":[321,462,465,481,466,483,467,485,468,487,469,489,471,493,472,495,589,619,591,629,592,634,594,646,595,647,596,648,597,649,598,651,449,450],"product_tag":[514,451,515,437,435,438,443,444,525,521,522,530,425,436,519,520,526,445,442,523],"giftcard-category":[],"class_list":{"0":"post-5100","1":"product","2":"type-product","3":"status-publish","4":"has-post-thumbnail","6":"product_cat-b2c","7":"product_cat-farbtypen","8":"product_cat-farbtyp-sommer","9":"product_cat-lippenstifte-sommertyp","10":"product_cat-farbtyp-sommer-herbst","11":"product_cat-lippenstifte-sommer-herbsttyp","12":"product_cat-farbtyp-herbst","13":"product_cat-lippenstifte-herbsttyp","14":"product_cat-farbtyp-herbst-winter","15":"product_cat-lippenstifte-herbst-wintertyp","16":"product_cat-farbtyp-winter","17":"product_cat-lippenstifte-wintertyp","18":"product_cat-farbtyp-fruehling-winter","19":"product_cat-lippenstifte-fruehling-wintertyp","20":"product_cat-farbtyp-sommer-winter","21":"product_cat-lippenstifte-sommer-wintertyp","22":"product_cat-farbtyp-clear-spring","23":"product_cat-lippenstifte-clear-spring","24":"product_cat-farbtyp-cool-summer","25":"product_cat-lippenstifte-cool-summer","26":"product_cat-farbtyp-soft-summer","27":"product_cat-lippenstifte-soft-summer","28":"product_cat-farbtyp-warm-autumn","29":"product_cat-lippenstifte-warm-autumn","30":"product_cat-farbtyp-deep-autumn","31":"product_cat-lippenstifte-deep-autumn","32":"product_cat-farbtyp-clear-winter","33":"product_cat-lippenstifte-clear-winter","34":"product_cat-farbtyp-cool-winter","35":"product_cat-lippenstifte-cool-winter","36":"product_cat-farbtyp-deep-winter","37":"product_cat-lippenstifte-deep-winter","38":"product_cat-dekorative-naturkosmetik","39":"product_cat-lippenstifte","40":"product_tag-natural-matte-liquid-lipstick","41":"product_tag-benecos","42":"product_tag-clear","43":"product_tag-farbtyp-clear-winter","44":"product_tag-farbtyp-cool-summer","45":"product_tag-farbtyp-cool-winter","46":"product_tag-farbtyp-deep-autumn","47":"product_tag-farbtyp-deep-winter","48":"product_tag-fruehling-winter","49":"product_tag-herbst","50":"product_tag-herbst-winter","51":"product_tag-lippen","52":"product_tag-b2c","53":"product_tag-farbtyp-soft-summer","54":"product_tag-sommer","55":"product_tag-sommer-herbst","56":"product_tag-sommer-winter","57":"product_tag-tendenz-kuehl","58":"product_tag-farbtyp-warm-autumn","59":"product_tag-winter","61":"first","62":"outofstock","63":"taxable","64":"shipping-taxable","65":"purchasable","66":"product-type-simple"},"_links":{"self":[{"href":"https:\/\/testlab.komood.shop\/es\/wp-json\/wp\/v2\/product\/5100","targetHints":{"allow":["GET"]}}],"collection":[{"href":"https:\/\/testlab.komood.shop\/es\/wp-json\/wp\/v2\/product"}],"about":[{"href":"https:\/\/testlab.komood.shop\/es\/wp-json\/wp\/v2\/types\/product"}],"replies":[{"embeddable":true,"href":"https:\/\/testlab.komood.shop\/es\/wp-json\/wp\/v2\/comments?post=5100"}],"wp:featuredmedia":[{"embeddable":true,"href":"https:\/\/testlab.komood.shop\/es\/wp-json\/wp\/v2\/media\/5009"}],"wp:attachment":[{"href":"https:\/\/testlab.komood.shop\/es\/wp-json\/wp\/v2\/media?parent=5100"}],"wp:term":[{"taxonomy":"product_brand","embeddable":true,"href":"https:\/\/testlab.komood.shop\/es\/wp-json\/wp\/v2\/product_brand?post=5100"},{"taxonomy":"product_cat","embeddable":true,"href":"https:\/\/testlab.komood.shop\/es\/wp-json\/wp\/v2\/product_cat?post=5100"},{"taxonomy":"product_tag","embeddable":true,"href":"https:\/\/testlab.komood.shop\/es\/wp-json\/wp\/v2\/product_tag?post=5100"},{"taxonomy":"giftcard-category","embeddable":true,"href":"https:\/\/testlab.komood.shop\/es\/wp-json\/wp\/v2\/giftcard-category?post=5100"}],"curies":[{"name":"wp","href":"https:\/\/api.w.org\/{rel}","templated":true}]}}