{"id":5117,"date":"2024-08-01T20:19:34","date_gmt":"2024-08-01T20:19:34","guid":{"rendered":"https:\/\/komood.shop\/?post_type=product&#038;p=5117"},"modified":"2025-11-20T15:28:32","modified_gmt":"2025-11-20T15:28:32","slug":"barra-de-labios-jumbo-natural-marron-rosado-de-benecos","status":"publish","type":"product","link":"https:\/\/testlab.komood.shop\/es\/produkt\/rosy-brown-natural-jumbo-lipstick-von-benecos\/","title":{"rendered":"marr\u00f3n rosado - Barra de labios natural Jumbo de Benecos"},"content":{"rendered":"<div class=\"ux-logo has-hover align-middle ux_logo inline-block\" style=\"max-width: 100%!important; width: 170px!important\"><a class=\"ux-logo-link block image-\" title=\"Cosm\u00e9tica natural de benecos\" href=\"https:\/\/testlab.komood.shop\/es\/caracteristica\/benecos\/\" style=\"padding: 15px;\"><img decoding=\"async\" src=\"https:\/\/testlab.komood.shop\/wp-content\/uploads\/benecos-logo-klein.png\" title=\"Cosm\u00e9tica natural de benecos\" alt=\"Cosm\u00e9tica natural de benecos\" class=\"ux-logo-image block\" style=\"height:50px;\" \/><\/a><\/div>\n<h2>Barra de labios jumbo \"marr\u00f3n rosado\" de Benecos<\/h2>\n<h3>Cosm\u00e9ticos naturales certificados y controlados (BDIH)<\/h3>\n<div class=\"is-divider divider clearfix\" style=\"max-width:small;\"><\/div>\n<p>Recomendamos esta suave y nutritiva barra de labios de madera de Benecos para los siguientes tipos de color:<\/p>\n<p><strong>Sistema fr\u00edo-calor<\/strong><\/p>\n<ul>\n<li class=\"bullet-checkmark\">tiende a ser de tono fr\u00edo<\/li>\n<\/ul>\n<p><strong>Sistema de tipos de color 4|6|10<\/strong><\/p>\n<ul>\n<li class=\"bullet-checkmark\">Primavera-Verano<\/li>\n<li class=\"bullet-checkmark\">Verano<\/li>\n<li class=\"bullet-checkmark\">Verano-oto\u00f1o<\/li>\n<li class=\"bullet-checkmark\">Verano-invierno<\/li>\n<\/ul>\n<p><strong>Sistema tipo de 12 colores<\/strong><\/p>\n<ul>\n<li class=\"bullet-checkmark\">Primavera ligera<\/li>\n<li class=\"bullet-checkmark\">Verano ligero<\/li>\n<li class=\"bullet-checkmark\">Verano fresco<\/li>\n<li class=\"bullet-checkmark\">Verano suave<\/li>\n<li class=\"bullet-checkmark\">Oto\u00f1o suave<\/li>\n<\/ul>\n<div class=\"is-divider divider clearfix\" style=\"max-width:small;\"><\/div>\n<h3>Descripci\u00f3n del fabricante<\/h3>\n<p>El suave benecos NATURAL JUMBO LIPSTICK en cinco intensos colores est\u00e1 completamente libre de pl\u00e1stico*. La barra es de madera y el tap\u00f3n de aluminio. La f\u00f3rmula natural 100% con aceites y ceras vegetales org\u00e1nicos, as\u00ed como vitamina E protectora de las c\u00e9lulas, proporciona una sensaci\u00f3n de labios mega. El aceite de coco org\u00e1nico hidratante los mantiene suaves y flexibles, mientras que la cera de carnauba org\u00e1nica garantiza una consistencia agradable y un brillo suave. Ya sea en la oficina, en la pr\u00f3xima fiesta o para un viaje corto - en el futuro, \u00a1s\u00f3lo t\u00fa y tu JUMBO LIPSTICK!<\/p>\n<p>\u2713 delicado rosa oscuro, vegano<br \/>\n\u2713 Certificado COSMOS BIO<br \/>\n\u2713 Pasador de madera, tapa de aluminio<br \/>\n\u2713 vegano y sin pl\u00e1stico*<br \/>\n\u2713 Buena liberaci\u00f3n del color<br \/>\n\u2713 con aceite de coco org\u00e1nico y vitamina E<\/p>\n<h4>Aplicaci\u00f3n<\/h4>\n<p>El formato en barra es muy pr\u00e1ctico y f\u00e1cil de usar: Basta con aplicarlo sobre los labios.<\/p>\n<h4>Es bueno saberlo<\/h4>\n<p>NATURAL JUMBO LIPSTICK es muy vers\u00e1til y tambi\u00e9n se puede utilizar como perfilador de labios. Para conseguir unos labios visualmente m\u00e1s carnosos, basta con acentuarlos con un brillo de labios, por ejemplo, en el coraz\u00f3n del labio.<\/p>\n<p>Puede conseguir resultados especialmente precisos afilando los JUMBOS (utilice una abertura mayor).<\/p>\n<h4>Ingredientes<\/h4>\n<p>ACEITE DE COCOS NUCIFERA (COCO)\u00b0, ESTEARATO DE OCTILDODECILO, TRIGLIC\u00c9RIDOS C10-18, CERA DE COPERNICIA CERIFERA (CARNAUBA)\u00b0, ACEITE VEGETAL HIDROGENADO, MICA, DIISOESTEARATO DE POLIGLICERILO-3, S\u00cdLICE, ORIZANOL, TOCOFEROL, UNDECILENATO DE GLICERILO, CAOL\u00cdN, CI 77891 (DI\u00d3XIDO DE TITANIO), CI 77742 (VIOLETA DE MANGANESO), CI 77491 (\u00d3XIDOS DE HIERRO), CI 77499 (\u00d3XIDOS DE HIERRO).<\/p>\n<p>\u00b0certificado ecol\u00f3gico \/ procedente de cultivo ecol\u00f3gico controlado \u00b0\u00b0fragancia natural \/ composici\u00f3n natural del perfume \u00b0\u00b0\u00b0fabricado con ingredientes ecol\u00f3gicos \/ elaborado con materias primas ecol\u00f3gicas 30% ecol\u00f3gicos del total\/ 100% de origen natural del total\"<\/p>\n<div class=\"is-divider divider clearfix\" style=\"max-width:small;\"><\/div>\n<h3>Contacte con nosotros<\/h3>\n<p>Si tiene alguna pregunta o sugerencia sobre esta oferta, no dude en ponerse en contacto con nosotros - <strong><a href=\"https:\/\/testlab.komood.shop\/es\/servicio-de-informacion\/pongase-en-contacto-con\/\">Contacte con nosotros<\/a><\/strong>.<\/p>","protected":false},"excerpt":{"rendered":"<ul>\n<li class=\"bullet-star\">Barra de labios nutritiva jumbo de Benecos<\/li>\n<li class=\"bullet-star\">vegano, con aceite de coco org\u00e1nico y vitamina E<\/li>\n<li class=\"bullet-star\">el palo de rosa para Blancanieves<\/li>\n<\/ul>","protected":false},"featured_media":5071,"comment_status":"open","ping_status":"closed","template":"","meta":[],"product_brand":[],"product_cat":[321,462,464,476,465,481,466,483,472,495,587,609,590,624,591,629,592,634,593,668,449,450],"product_tag":[516,451,435,518,439,434,530,425,441,436,519,520,526,445],"giftcard-category":[],"class_list":{"0":"post-5117","1":"product","2":"type-product","3":"status-publish","4":"has-post-thumbnail","6":"product_cat-b2c","7":"product_cat-farbtypen","8":"product_cat-farbtyp-fruehling-sommer","9":"product_cat-lippenstifte-fruehling-sommertyp","10":"product_cat-farbtyp-sommer","11":"product_cat-lippenstifte-sommertyp","12":"product_cat-farbtyp-sommer-herbst","13":"product_cat-lippenstifte-sommer-herbsttyp","14":"product_cat-farbtyp-sommer-winter","15":"product_cat-lippenstifte-sommer-wintertyp","16":"product_cat-farbtyp-light-spring","17":"product_cat-lippenstifte-light-spring","18":"product_cat-farbtyp-light-summer","19":"product_cat-lippenstifte-light-summer","20":"product_cat-farbtyp-cool-summer","21":"product_cat-lippenstifte-cool-summer","22":"product_cat-farbtyp-soft-summer","23":"product_cat-lippenstifte-soft-summer","24":"product_cat-farbtyp-soft-autumn","25":"product_cat-lippenstifte-soft-autumn","26":"product_cat-dekorative-naturkosmetik","27":"product_cat-lippenstifte","28":"product_tag-natural-jumbo-lipstick","29":"product_tag-benecos","30":"product_tag-farbtyp-cool-summer","31":"product_tag-fruehling-sommer","32":"product_tag-farbtyp-light-spring","33":"product_tag-farbtyp-light-summer","34":"product_tag-lippen","35":"product_tag-b2c","36":"product_tag-farbtyp-soft-autumn","37":"product_tag-farbtyp-soft-summer","38":"product_tag-sommer","39":"product_tag-sommer-herbst","40":"product_tag-sommer-winter","41":"product_tag-tendenz-kuehl","43":"first","44":"instock","45":"taxable","46":"shipping-taxable","47":"purchasable","48":"product-type-simple"},"_links":{"self":[{"href":"https:\/\/testlab.komood.shop\/es\/wp-json\/wp\/v2\/product\/5117","targetHints":{"allow":["GET"]}}],"collection":[{"href":"https:\/\/testlab.komood.shop\/es\/wp-json\/wp\/v2\/product"}],"about":[{"href":"https:\/\/testlab.komood.shop\/es\/wp-json\/wp\/v2\/types\/product"}],"replies":[{"embeddable":true,"href":"https:\/\/testlab.komood.shop\/es\/wp-json\/wp\/v2\/comments?post=5117"}],"wp:featuredmedia":[{"embeddable":true,"href":"https:\/\/testlab.komood.shop\/es\/wp-json\/wp\/v2\/media\/5071"}],"wp:attachment":[{"href":"https:\/\/testlab.komood.shop\/es\/wp-json\/wp\/v2\/media?parent=5117"}],"wp:term":[{"taxonomy":"product_brand","embeddable":true,"href":"https:\/\/testlab.komood.shop\/es\/wp-json\/wp\/v2\/product_brand?post=5117"},{"taxonomy":"product_cat","embeddable":true,"href":"https:\/\/testlab.komood.shop\/es\/wp-json\/wp\/v2\/product_cat?post=5117"},{"taxonomy":"product_tag","embeddable":true,"href":"https:\/\/testlab.komood.shop\/es\/wp-json\/wp\/v2\/product_tag?post=5117"},{"taxonomy":"giftcard-category","embeddable":true,"href":"https:\/\/testlab.komood.shop\/es\/wp-json\/wp\/v2\/giftcard-category?post=5117"}],"curies":[{"name":"wp","href":"https:\/\/api.w.org\/{rel}","templated":true}]}}