{"id":5395,"date":"2024-09-03T12:42:12","date_gmt":"2024-09-03T12:42:12","guid":{"rendered":"https:\/\/komood.shop\/?post_type=product&#038;p=5395"},"modified":"2025-11-20T15:28:28","modified_gmt":"2025-11-20T15:28:28","slug":"barra-de-labios-rosewater-01-candy-quartz-de-lavera","status":"publish","type":"product","link":"https:\/\/testlab.komood.shop\/es\/produkt\/rosewater-01-candy-quartz-lipstick-von-lavera\/","title":{"rendered":"Rosewater 01 - Barra de labios Candy Quartz de Lavera"},"content":{"rendered":"<div class=\"ux-logo has-hover align-middle ux_logo inline-block\" style=\"max-width: 100%!important; width: 139px!important\"><a class=\"ux-logo-link block image-\" title=\"Cosm\u00e9tica natural de Lavera\" href=\"https:\/\/testlab.komood.shop\/es\/caracteristica\/lavera\/\" style=\"padding: 15px;\"><img decoding=\"async\" src=\"https:\/\/testlab.komood.shop\/wp-content\/uploads\/lavera-logo-klein.png\" title=\"Cosm\u00e9tica natural de Lavera\" alt=\"Cosm\u00e9tica natural de Lavera\" class=\"ux-logo-image block\" style=\"height:50px;\" \/><\/a><\/div>\n<h2>Barra de labios brillante \"Rosewater\" de Lavera<\/h2>\n<h3>Cosm\u00e9tica natural certificada, Made in Germany<\/h3>\n<div class=\"is-divider divider clearfix\" style=\"max-width:small;\"><\/div>\n<p>Esta barra de labios naturalmente nutritiva de Lavera con un intenso efecto de brillo es adecuada para los siguientes tipos de color:<\/p>\n<p><strong>Sistema fr\u00edo-calor<\/strong><\/p>\n<ul>\n<li class=\"bullet-checkmark\">tiende a ser de tono fr\u00edo<\/li>\n<\/ul>\n<p><strong>Sistema de tipos de color 4|6|10<\/strong><\/p>\n<ul>\n<li class=\"bullet-checkmark\">Primavera-Verano<\/li>\n<li class=\"bullet-checkmark\">Verano<\/li>\n<li class=\"bullet-checkmark\">Verano-invierno<\/li>\n<\/ul>\n<p><strong>Sistema tipo de 12 colores<\/strong><\/p>\n<ul>\n<li class=\"bullet-checkmark\">Primavera ligera<\/li>\n<li class=\"bullet-checkmark\">Verano ligero<\/li>\n<li class=\"bullet-checkmark\">Verano fresco<\/li>\n<li class=\"bullet-checkmark\">Verano suave<\/li>\n<li class=\"bullet-checkmark\">Invierno despejado<\/li>\n<\/ul>\n<div class=\"is-divider divider clearfix\" style=\"max-width:small;\"><\/div>\n<h3>Descripci\u00f3n del fabricante<\/h3>\n<p>La barra de labios Candy Quartz de lavera aporta a los labios un toque de color y un brillo intenso, con una fijaci\u00f3n de hasta 6H.<\/p>\n<p>La barra de labios Candy Quartz de lavera aporta a los labios un toque de color y un brillo intenso. Aplicada sin esfuerzo, la barra de labios hace brillar los labios al instante. Su innovadora f\u00f3rmula impresiona por su textura ligera como una pluma y su gran comodidad de uso, con una duraci\u00f3n de hasta 6 horas sin correrse. Gracias a sus ingredientes naturalmente nutritivos, como la manteca de karit\u00e9 org\u00e1nica y la manteca de cacao org\u00e1nica, los labios est\u00e1n protegidos de la sequedad durante mucho tiempo.<\/p>\n<p>- Vegano<br \/>\n- Sin gluten<br \/>\n- Sin siliconas<br \/>\n- Sin aceite mineral<br \/>\n- Sin micropl\u00e1sticos<br \/>\n- Dermatol\u00f3gicamente probado<br \/>\n- Cosm\u00e9ticos naturales certificados<br \/>\n- Fabricado en Alemania<\/p>\n<p>\u2713 Brillo intenso<br \/>\n\u2713 Textura ligera como una pluma<br \/>\n\u2713 Gran comodidad de uso<br \/>\n\u2713 Hasta 6 horas de retenci\u00f3n<\/p>\n<p>Protege los labios de la sequedad durante mucho tiempo<\/p>\n<h4>Aplicaci\u00f3n<\/h4>\n<p>Aplicar la barra de labios directamente sobre los labios o con un pincel.<\/p>\n<h4>Ingredientes<\/h4>\n<p>Aceite de semilla de Ricinus Communis (ricino)*, Aceite de canola, Cera de c\u00e1scara de Rhus Verniciflua, Cera de Euphorbia Cerifera (candelilla), Cera de salvado de Oryza Sativa (arroz), Borosilicato de calcio y aluminio, Borosilicato de calcio y sodio, Di\u00f3xido de titanio (CI 77891), Manteca de semilla de Theobroma Cacao (cacao)*, Manteca de Butyrospermum Parkii (karit\u00e9)*, Aceite de Olea Europaea (oliva)*, Extracto de flor de Rosa Centifolia*, Alcohol* denat., S\u00edlice, tocoferol, \u00f3xido de esta\u00f1o, aceite de semillas de Helianthus annuus (girasol)*, \u00f3xido de hierro (CI 77491), palmitato de ascorbilo, agua (Aqua), fragancia (Parfum)**, citronelol**, limoneno**, geraniol**, linalol**, alcohol benc\u00edlico**, eugenol**, citral**.<\/p>\n<p>* ingredientes procedentes de la agricultura ecol\u00f3gica certificada<br \/>\n** aceites esenciales naturales<\/p>\n<h4>Al\u00e9rgenos<\/h4>\n<p>Alcohol benc\u00edlico<br \/>\nCitral<br \/>\nCitronelol<br \/>\nEugenol<br \/>\nGeraniol<br \/>\nLinalool<br \/>\nd-Limoneno<\/p>\n<div class=\"is-divider divider clearfix\" style=\"max-width:small;\"><\/div>\n<h3>Contacte con nosotros<\/h3>\n<p>Si tiene alguna pregunta o sugerencia sobre esta oferta, no dude en ponerse en contacto con nosotros - <strong><a href=\"https:\/\/testlab.komood.shop\/es\/servicio-de-informacion\/pongase-en-contacto-con\/\">Contacte con nosotros<\/a><\/strong>.<\/p>","protected":false},"excerpt":{"rendered":"<ul>\n<li class=\"bullet-star\">Barra de labios cosm\u00e9tica natural con efecto brillo<\/li>\n<li class=\"bullet-star\">Sin gluten, siliconas, aceite mineral ni micropl\u00e1sticos<\/li>\n<li class=\"bullet-star\">Brillo resplandeciente para unos labios carnosos<\/li>\n<\/ul>","protected":false},"featured_media":5366,"comment_status":"open","ping_status":"closed","template":"","meta":[],"product_brand":[],"product_cat":[321,462,464,476,465,481,472,495,587,609,590,624,591,629,592,634,596,648,449,450],"product_tag":[411,437,435,518,527,455,439,434,530,425,436,519,526,445],"giftcard-category":[],"class_list":{"0":"post-5395","1":"product","2":"type-product","3":"status-publish","4":"has-post-thumbnail","6":"product_cat-b2c","7":"product_cat-farbtypen","8":"product_cat-farbtyp-fruehling-sommer","9":"product_cat-lippenstifte-fruehling-sommertyp","10":"product_cat-farbtyp-sommer","11":"product_cat-lippenstifte-sommertyp","12":"product_cat-farbtyp-sommer-winter","13":"product_cat-lippenstifte-sommer-wintertyp","14":"product_cat-farbtyp-light-spring","15":"product_cat-lippenstifte-light-spring","16":"product_cat-farbtyp-light-summer","17":"product_cat-lippenstifte-light-summer","18":"product_cat-farbtyp-cool-summer","19":"product_cat-lippenstifte-cool-summer","20":"product_cat-farbtyp-soft-summer","21":"product_cat-lippenstifte-soft-summer","22":"product_cat-farbtyp-clear-winter","23":"product_cat-lippenstifte-clear-winter","24":"product_cat-dekorative-naturkosmetik","25":"product_cat-lippenstifte","26":"product_tag-brilliante-farben","27":"product_tag-farbtyp-clear-winter","28":"product_tag-farbtyp-cool-summer","29":"product_tag-fruehling-sommer","30":"product_tag-candy-quartz-lipstick","31":"product_tag-lavera","32":"product_tag-farbtyp-light-spring","33":"product_tag-farbtyp-light-summer","34":"product_tag-lippen","35":"product_tag-b2c","36":"product_tag-farbtyp-soft-summer","37":"product_tag-sommer","38":"product_tag-sommer-winter","39":"product_tag-tendenz-kuehl","41":"first","42":"instock","43":"taxable","44":"shipping-taxable","45":"purchasable","46":"product-type-simple"},"_links":{"self":[{"href":"https:\/\/testlab.komood.shop\/es\/wp-json\/wp\/v2\/product\/5395","targetHints":{"allow":["GET"]}}],"collection":[{"href":"https:\/\/testlab.komood.shop\/es\/wp-json\/wp\/v2\/product"}],"about":[{"href":"https:\/\/testlab.komood.shop\/es\/wp-json\/wp\/v2\/types\/product"}],"replies":[{"embeddable":true,"href":"https:\/\/testlab.komood.shop\/es\/wp-json\/wp\/v2\/comments?post=5395"}],"wp:featuredmedia":[{"embeddable":true,"href":"https:\/\/testlab.komood.shop\/es\/wp-json\/wp\/v2\/media\/5366"}],"wp:attachment":[{"href":"https:\/\/testlab.komood.shop\/es\/wp-json\/wp\/v2\/media?parent=5395"}],"wp:term":[{"taxonomy":"product_brand","embeddable":true,"href":"https:\/\/testlab.komood.shop\/es\/wp-json\/wp\/v2\/product_brand?post=5395"},{"taxonomy":"product_cat","embeddable":true,"href":"https:\/\/testlab.komood.shop\/es\/wp-json\/wp\/v2\/product_cat?post=5395"},{"taxonomy":"product_tag","embeddable":true,"href":"https:\/\/testlab.komood.shop\/es\/wp-json\/wp\/v2\/product_tag?post=5395"},{"taxonomy":"giftcard-category","embeddable":true,"href":"https:\/\/testlab.komood.shop\/es\/wp-json\/wp\/v2\/giftcard-category?post=5395"}],"curies":[{"name":"wp","href":"https:\/\/api.w.org\/{rel}","templated":true}]}}