{"id":5409,"date":"2024-09-05T17:49:24","date_gmt":"2024-09-05T17:49:24","guid":{"rendered":"https:\/\/komood.shop\/?post_type=product&#038;p=5409"},"modified":"2025-11-20T15:28:28","modified_gmt":"2025-11-20T15:28:28","slug":"barra-de-labios-cayena-01-confort-mate-de-lavera","status":"publish","type":"product","link":"https:\/\/testlab.komood.shop\/es\/produkt\/cayenne-01-comfort-matt-lipstick-von-lavera\/","title":{"rendered":"Cayenne 01 - Barra de labios mate confort de Lavera"},"content":{"rendered":"<div class=\"ux-logo has-hover align-middle ux_logo inline-block\" style=\"max-width: 100%!important; width: 139px!important\"><a class=\"ux-logo-link block image-\" title=\"Naturkosmetik von Lavera\" href=\"https:\/\/testlab.komood.shop\/merkmal\/lavera\/\" style=\"padding: 15px;\"><img decoding=\"async\" src=\"https:\/\/testlab.komood.shop\/wp-content\/uploads\/lavera-logo-klein.png\" title=\"Naturkosmetik von Lavera\" alt=\"Naturkosmetik von Lavera\" class=\"ux-logo-image block\" style=\"height:50px;\" \/><\/a><\/div>\n<h2>Lippenstift &#8222;Cayenne&#8220; von Lavera mit mattem Finish<\/h2>\n<h3>Zertifizierte Naturkosmetik, Made in Germany<\/h3>\n<div class=\"is-divider divider clearfix\" style=\"max-width:small;\"><\/div>\n<p>Dieser nat\u00fcrlich pflegende matte Lippenstift von Lavera mit langanhaltender Farbe ist f\u00fcr folgende Farbtypen geeignet:<\/p>\n<p><strong>K\u00fchl-Warm-System<\/strong><\/p>\n<ul>\n<li class=\"bullet-checkmark\">tendenziell warmtonig<\/li>\n<\/ul>\n<p><strong>4|6|10-Farbtypen-System<\/strong><\/p>\n<ul>\n<li class=\"bullet-checkmark\">Herbst<\/li>\n<li class=\"bullet-checkmark\">Herbst-Winter<\/li>\n<li class=\"bullet-checkmark\">Fr\u00fchling-Herbst<\/li>\n<\/ul>\n<p><strong>12-Farbtypen-System<\/strong><\/p>\n<ul>\n<li class=\"bullet-checkmark\">Warm Spring<\/li>\n<li class=\"bullet-checkmark\">Clear Spring<\/li>\n<li class=\"bullet-checkmark\">Soft Autumn<\/li>\n<li class=\"bullet-checkmark\">Warm Autumn<\/li>\n<li class=\"bullet-checkmark\">Deep Autumn<\/li>\n<li class=\"bullet-checkmark\">Deep Winter<\/li>\n<\/ul>\n<div class=\"is-divider divider clearfix\" style=\"max-width:small;\"><\/div>\n<h3>Beschreibung des Herstellers<\/h3>\n<p>Der lavera Comfort Matt Lipstick schenkt den Lippen intensive Farbe im matten Finish &#8211; bei bis zu 6H Halt.<\/p>\n<p>Der lavera Comfort Matt Lipstick schenkt den Lippen intensive Farbe im angesagten matten Finish. M\u00fchelos aufgetragen setzt er die Lippen perfekt in Szene. Die innovative Formel begeistert durch ihre samtig-zarte Textur und ein angenehmes Tragegef\u00fchl &#8211; bei bis zu 6H Halt, kein Verschmieren, kein Verblassen. Dank nat\u00fcrlich pflegender Inhaltsstoffe wie Bio-Sheabutter und Bio-Kakaobutter werden die Lippen vor dem Austrocknen gesch\u00fctzt.<\/p>\n<p>&#8211; Vegan<br \/>\n&#8211; Glutenfrei<br \/>\n&#8211; Ohne Silikone<br \/>\n&#8211; Ohne Mineral\u00f6l<br \/>\n&#8211; Ohne Mikroplastik<br \/>\n&#8211; Dermatologisch getestet<br \/>\n&#8211; Zertifizierte Naturkosmetik<br \/>\n&#8211; Made in Germany<\/p>\n<p>\u2713 Intensive Farbe<br \/>\n\u2713 Mattes Finish<br \/>\n\u2713 Angenehmes Tragegef\u00fchl<br \/>\n\u2713 Bis zu 6 Stunden Halt<br \/>\n\u2713 Sch\u00fctzt die Lippen vor dem Austrocknen<\/p>\n<h4>Anwendung<\/h4>\n<p>Trage den Lippenstift direkt oder mit einem Lippenpinsel auf die Lippen auf.<\/p>\n<h4>Inhaltsstoffe<\/h4>\n<p>Caprylic\/Capric Triglyceride, Triheptanoin, Silica, Glycine Soja (Soybean) Oil*, Oryza Sativa (Rice) Bran Wax, Euphorbia Cerifera (Candelilla) Wax, Butyrospermum Parkii (Shea) Butter, Rhus Verniciflua Peel Wax, Trihydroxystearin, C10-18 Triglycerides, Glyceryl Rosinate, Theobroma Cacao (Cocoa) Seed Butter*, Olea Europaea (Olive) Fruit Oil*, Rosa Centifolia Flower Extract*, Olea Europaea (Olive) Oil Unsaponifiables, Tocopherol, Helianthus Annuus (Sunflower) Seed Oil*, Dipotassium Glycyrrhizate, Alcohol* denat., Ascorbyl Palmitate, Water (Aqua), Fragrance (Parfum)**, Citronellol**, Limonene**, Geraniol**, Linalool**, Benzyl Alcohol**, Eugenol**, Citral**, [+\/- Ultramarines (CI 77007), Iron Oxide (CI 77491), Iron Oxide (CI 77492), Iron Oxide (CI 77499), Titanium Dioxide (CI 77891)]\n<p>* ingredients from certified organic agriculture<br \/>\n** natural essential oils<\/p>\n<h4>Allergene<\/h4>\n<p>Benzylalkohol<br \/>\nCitral<br \/>\nCitronellol<br \/>\nEugenol<br \/>\nGeraniol<br \/>\nLinalool<br \/>\nd-Limonene<\/p>\n<div class=\"is-divider divider clearfix\" style=\"max-width:small;\"><\/div>\n<h3>Kontakt<\/h3>\n<p>Bei Fragen oder Anregungen zu diesem Angebot stehen wir Ihnen sehr gern zur Verf\u00fcgung &#8211; <strong><a href=\"https:\/\/testlab.komood.shop\/informationen-service\/kontakt\/\">Kontakt<\/a><\/strong>.<\/p>\n","protected":false},"excerpt":{"rendered":"<ul>\n<li class=\"bullet-star\">Barra de labios de cosm\u00e9tica natural con acabado mate de Lavera<\/li>\n<li class=\"bullet-star\">Sin gluten, siliconas, aceite mineral ni micropl\u00e1sticos<\/li>\n<li class=\"bullet-star\">para unos labios ardientes en rojo-marr\u00f3n<\/li>\n<\/ul>","protected":false},"featured_media":5403,"comment_status":"open","ping_status":"closed","template":"","meta":[],"product_brand":[],"product_cat":[321,462,467,485,468,487,470,491,588,614,589,619,593,668,594,646,595,647,598,651,449,450],"product_tag":[433,443,444,524,521,522,528,455,530,425,441,446,442,440],"giftcard-category":[],"class_list":{"0":"post-5409","1":"product","2":"type-product","3":"status-publish","4":"has-post-thumbnail","6":"product_cat-b2c","7":"product_cat-farbtypen","8":"product_cat-farbtyp-herbst","9":"product_cat-lippenstifte-herbsttyp","10":"product_cat-farbtyp-herbst-winter","11":"product_cat-lippenstifte-herbst-wintertyp","12":"product_cat-farbtyp-fruehling-herbst","13":"product_cat-lippenstifte-fruehling-herbsttyp","14":"product_cat-farbtyp-warm-spring","15":"product_cat-lippenstifte-warm-spring","16":"product_cat-farbtyp-clear-spring","17":"product_cat-lippenstifte-clear-spring","18":"product_cat-farbtyp-soft-autumn","19":"product_cat-lippenstifte-soft-autumn","20":"product_cat-farbtyp-warm-autumn","21":"product_cat-lippenstifte-warm-autumn","22":"product_cat-farbtyp-deep-autumn","23":"product_cat-lippenstifte-deep-autumn","24":"product_cat-farbtyp-deep-winter","25":"product_cat-lippenstifte-deep-winter","26":"product_cat-dekorative-naturkosmetik","27":"product_cat-lippenstifte","28":"product_tag-farbtyp-clear-spring","29":"product_tag-farbtyp-deep-autumn","30":"product_tag-farbtyp-deep-winter","31":"product_tag-fruehling-herbst","32":"product_tag-herbst","33":"product_tag-herbst-winter","34":"product_tag-comfort-matt-lipstick","35":"product_tag-lavera","36":"product_tag-lippen","37":"product_tag-b2c","38":"product_tag-farbtyp-soft-autumn","39":"product_tag-tendenz-warm","40":"product_tag-farbtyp-warm-autumn","41":"product_tag-farbtyp-warm-spring","43":"first","44":"instock","45":"taxable","46":"shipping-taxable","47":"purchasable","48":"product-type-simple"},"_links":{"self":[{"href":"https:\/\/testlab.komood.shop\/es\/wp-json\/wp\/v2\/product\/5409","targetHints":{"allow":["GET"]}}],"collection":[{"href":"https:\/\/testlab.komood.shop\/es\/wp-json\/wp\/v2\/product"}],"about":[{"href":"https:\/\/testlab.komood.shop\/es\/wp-json\/wp\/v2\/types\/product"}],"replies":[{"embeddable":true,"href":"https:\/\/testlab.komood.shop\/es\/wp-json\/wp\/v2\/comments?post=5409"}],"wp:featuredmedia":[{"embeddable":true,"href":"https:\/\/testlab.komood.shop\/es\/wp-json\/wp\/v2\/media\/5403"}],"wp:attachment":[{"href":"https:\/\/testlab.komood.shop\/es\/wp-json\/wp\/v2\/media?parent=5409"}],"wp:term":[{"taxonomy":"product_brand","embeddable":true,"href":"https:\/\/testlab.komood.shop\/es\/wp-json\/wp\/v2\/product_brand?post=5409"},{"taxonomy":"product_cat","embeddable":true,"href":"https:\/\/testlab.komood.shop\/es\/wp-json\/wp\/v2\/product_cat?post=5409"},{"taxonomy":"product_tag","embeddable":true,"href":"https:\/\/testlab.komood.shop\/es\/wp-json\/wp\/v2\/product_tag?post=5409"},{"taxonomy":"giftcard-category","embeddable":true,"href":"https:\/\/testlab.komood.shop\/es\/wp-json\/wp\/v2\/giftcard-category?post=5409"}],"curies":[{"name":"wp","href":"https:\/\/api.w.org\/{rel}","templated":true}]}}