{"id":5516,"date":"2024-09-23T08:06:23","date_gmt":"2024-09-23T08:06:23","guid":{"rendered":"https:\/\/komood.shop\/?post_type=product&#038;p=5516"},"modified":"2026-01-31T19:58:43","modified_gmt":"2026-01-31T19:58:43","slug":"sombra-de-ojos-moon-shell-05-signature-colour-de-lavera","status":"publish","type":"product","link":"https:\/\/testlab.komood.shop\/es\/produkt\/moon-shell-05-signature-colour-eyeshadow-von-lavera\/","title":{"rendered":"Moon Shell 05 - Sombra de ojos Signature Colour de Lavera"},"content":{"rendered":"<div class=\"ux-logo has-hover align-middle ux_logo inline-block\" style=\"max-width: 100%!important; width: 139px!important\"><a class=\"ux-logo-link block image-\" title=\"Naturkosmetik von Lavera\" href=\"https:\/\/testlab.komood.shop\/merkmal\/lavera\/\" style=\"padding: 15px;\"><img decoding=\"async\" src=\"https:\/\/testlab.komood.shop\/wp-content\/uploads\/lavera-logo-klein.png\" title=\"Naturkosmetik von Lavera\" alt=\"Naturkosmetik von Lavera\" class=\"ux-logo-image block\" style=\"height:50px;\" \/><\/a><\/div>\n<h2>Cremiger Lidschatten &#8222;Moon Shell 05&#8220; von Lavera<\/h2>\n<h3>Zertifizierte Naturkosmetik, Made in Germany<\/h3>\n<div class=\"is-divider divider clearfix\" style=\"max-width:small;\"><\/div>\n<p>Dieser nat\u00fcrlich pflegende cremige Lidschatten von Lavera mit langanhaltender Farbe ist f\u00fcr folgende Farbtypen geeignet:<\/p>\n<p><strong>K\u00fchl-Warm-System<\/strong><\/p>\n<ul>\n<li class=\"bullet-checkmark\">tendenziell kalttonig<\/li>\n<\/ul>\n<p><strong>4|6|10-Farbtypen-System<\/strong><\/p>\n<ul>\n<li class=\"bullet-checkmark\">Fr\u00fchling-Sommer<\/li>\n<li class=\"bullet-checkmark\">Sommer<\/li>\n<li class=\"bullet-checkmark\">Sommer-Herbst<\/li>\n<li class=\"bullet-checkmark\">Fr\u00fchling-Herbst<\/li>\n<li class=\"bullet-checkmark\">Sommer-Winter<\/li>\n<\/ul>\n<p><strong>12-Farbtypen-System<\/strong><\/p>\n<ul>\n<li class=\"bullet-checkmark\">Light Spring<\/li>\n<li class=\"bullet-checkmark\">Light Summer<\/li>\n<li class=\"bullet-checkmark\">Cool Summer<\/li>\n<li class=\"bullet-checkmark\">Soft Summer<\/li>\n<li class=\"bullet-checkmark\">Soft Autumn<\/li>\n<li class=\"bullet-checkmark\">Clear Winter<\/li>\n<li class=\"bullet-checkmark\">Cool Winter<\/li>\n<\/ul>\n<div class=\"is-divider divider clearfix\" style=\"max-width:small;\"><\/div>\n<h3>Beschreibung des Herstellers<\/h3>\n<p>Die lavera Signature Colour Eyeshadows \u00fcberzeugen durch die m\u00fchelos verblendbare, cremige Textur.<\/p>\n<p>Mit den lavera Signature Colour Eyeshadows lassen sich atemberaubende Looks kreieren. Die cremige Textur der hochpigmentierten Eyeshadows l\u00e4sst sich m\u00fchelos auftragen und nahtlos verblenden. Mineralische Farbpigmente sorgen f\u00fcr intensive Farbabgabe und extra langen Halt, ohne sich in der Lidfalte abzusetzen. Die Formel mit hochwertigen Inhaltsstoffen wie Bio-Mandel\u00f6l und Vitamin E pflegt die sensiblen Augenlider.<\/p>\n<p>Moon Shell 05: Zarter Nude Ton mit silbernem Shimmer<\/p>\n<p>&#8211; Vegan<br \/>\n&#8211; Ohne Silikone<br \/>\n&#8211; Ohne Mineral\u00f6l<br \/>\n&#8211; Ohne Mikroplastik<br \/>\n&#8211; Dermatologisch und augen\u00e4rztlich getestet<br \/>\n&#8211; F\u00fcr Kontaktlinsentr\u00e4ger geeignet<br \/>\n&#8211; Zertifizierte Naturkosmetik<br \/>\n&#8211; Made in Germany<\/p>\n<p>\u2713 Intensive Farbabgabe<br \/>\n\u2713 M\u00fchelos verblendbar<br \/>\n\u2713 Extra langer Halt<br \/>\n\u2713 Kein Absetzen in der Lidfalte<br \/>\n\u2713 Vegan<\/p>\n<h4>Anwendung<\/h4>\n<p>Den Lidschatten mit einem Pinsel oder sauberen Fingern auf das Augenlid auftragen.<\/p>\n<h4>Inhaltsstoffe<\/h4>\n<p>Tricaprylin, Magnesium Stearate, Trihydroxystearin, Simmondsia Chinensis (Jojoba) Seed Oil*, Prunus Amygdalus Dulcis (Sweet Almond) Oil*, Tocopheryl Acetate, Water (Aqua), Levulinic Acid, Tocopherol, Glycine Soja (Soybean) Oil, Glycerin, Sodium Levulinate, Helianthus Annuus (Sunflower) Seed Oil*, Fragrance (Parfum)**, Citronellol**, Limonene**, Linalool**; [+\/-Mica, Iron Oxide (CI 77491), Titanium Dioxide (CI 77891)]\n<p>* ingredients from certified organic agriculture<br \/>\n** from natural essential oils<\/p>\n<h4>Allergene<\/h4>\n<p>Citronellol<br \/>\nLinalool<br \/>\nd-Limonene<\/p>\n<div class=\"is-divider divider clearfix\" style=\"max-width:small;\"><\/div>\n<h3>Kontakt<\/h3>\n<p>Bei Fragen oder Anregungen zu diesem Angebot stehen wir Ihnen sehr gern zur Verf\u00fcgung &#8211; <strong><a href=\"https:\/\/testlab.komood.shop\/informationen-service\/kontakt\/\">Kontakt<\/a><\/strong>.<\/p>\n","protected":false},"excerpt":{"rendered":"<ul>\n<li class=\"bullet-star\">Sombra de ojos cosm\u00e9tica natural de textura cremosa de Lavera<\/li>\n<li class=\"bullet-star\">vegano, sin siliconas, aceite mineral ni micropl\u00e1sticos<\/li>\n<li class=\"bullet-star\">El iluminador elegante para cada momento<\/li>\n<\/ul>","protected":false},"featured_media":5386,"comment_status":"open","ping_status":"closed","template":"","meta":[],"product_brand":[],"product_cat":[321,462,464,534,465,535,466,536,470,540,472,542,587,612,590,627,591,632,592,637,593,663,596,665,597,666,449,532],"product_tag":[531,437,435,438,529,455,439,434,425,441,436,445],"giftcard-category":[],"class_list":{"0":"post-5516","1":"product","2":"type-product","3":"status-publish","4":"has-post-thumbnail","6":"product_cat-b2c","7":"product_cat-farbtypen","8":"product_cat-farbtyp-fruehling-sommer","9":"product_cat-eyeshadow-fruehling-sommertyp","10":"product_cat-farbtyp-sommer","11":"product_cat-eyeshadow-sommertyp","12":"product_cat-farbtyp-sommer-herbst","13":"product_cat-eyeshadow-sommer-herbsttyp","14":"product_cat-farbtyp-fruehling-herbst","15":"product_cat-eyeshadow-fruehling-herbsttyp","16":"product_cat-farbtyp-sommer-winter","17":"product_cat-eyeshadow-sommer-wintertyp","18":"product_cat-farbtyp-light-spring","19":"product_cat-eyeshadow-light-spring","20":"product_cat-farbtyp-light-summer","21":"product_cat-eyeshadow-light-summer","22":"product_cat-farbtyp-cool-summer","23":"product_cat-eyeshadow-cool-summer","24":"product_cat-farbtyp-soft-summer","25":"product_cat-eyeshadow-soft-summer","26":"product_cat-farbtyp-soft-autumn","27":"product_cat-eyeshadow-soft-autumn","28":"product_cat-farbtyp-clear-winter","29":"product_cat-eyeshadow-clear-winter","30":"product_cat-farbtyp-cool-winter","31":"product_cat-eyeshadow-cool-winter","32":"product_cat-dekorative-naturkosmetik","33":"product_cat-eyeshadow","34":"product_tag-augen","35":"product_tag-farbtyp-clear-winter","36":"product_tag-farbtyp-cool-summer","37":"product_tag-farbtyp-cool-winter","38":"product_tag-signature-colour-eyeshadow","39":"product_tag-lavera","40":"product_tag-farbtyp-light-spring","41":"product_tag-farbtyp-light-summer","42":"product_tag-b2c","43":"product_tag-farbtyp-soft-autumn","44":"product_tag-farbtyp-soft-summer","45":"product_tag-tendenz-kuehl","47":"first","48":"instock","49":"taxable","50":"shipping-taxable","51":"purchasable","52":"product-type-simple"},"_links":{"self":[{"href":"https:\/\/testlab.komood.shop\/es\/wp-json\/wp\/v2\/product\/5516","targetHints":{"allow":["GET"]}}],"collection":[{"href":"https:\/\/testlab.komood.shop\/es\/wp-json\/wp\/v2\/product"}],"about":[{"href":"https:\/\/testlab.komood.shop\/es\/wp-json\/wp\/v2\/types\/product"}],"replies":[{"embeddable":true,"href":"https:\/\/testlab.komood.shop\/es\/wp-json\/wp\/v2\/comments?post=5516"}],"wp:featuredmedia":[{"embeddable":true,"href":"https:\/\/testlab.komood.shop\/es\/wp-json\/wp\/v2\/media\/5386"}],"wp:attachment":[{"href":"https:\/\/testlab.komood.shop\/es\/wp-json\/wp\/v2\/media?parent=5516"}],"wp:term":[{"taxonomy":"product_brand","embeddable":true,"href":"https:\/\/testlab.komood.shop\/es\/wp-json\/wp\/v2\/product_brand?post=5516"},{"taxonomy":"product_cat","embeddable":true,"href":"https:\/\/testlab.komood.shop\/es\/wp-json\/wp\/v2\/product_cat?post=5516"},{"taxonomy":"product_tag","embeddable":true,"href":"https:\/\/testlab.komood.shop\/es\/wp-json\/wp\/v2\/product_tag?post=5516"},{"taxonomy":"giftcard-category","embeddable":true,"href":"https:\/\/testlab.komood.shop\/es\/wp-json\/wp\/v2\/giftcard-category?post=5516"}],"curies":[{"name":"wp","href":"https:\/\/api.w.org\/{rel}","templated":true}]}}