{"id":5634,"date":"2024-10-17T15:41:25","date_gmt":"2024-10-17T15:41:25","guid":{"rendered":"https:\/\/komood.shop\/?post_type=product&#038;p=5634"},"modified":"2025-11-20T15:28:25","modified_gmt":"2025-11-20T15:28:25","slug":"barra-de-labios-retro-rose-02-cream-glow-de-lavera","status":"publish","type":"product","link":"https:\/\/testlab.komood.shop\/es\/produkt\/retro-rose-02-cream-glow-lipstick-von-lavera\/","title":{"rendered":"Retro Rose 02 - Barra de labios Cream Glow de Lavera"},"content":{"rendered":"<div class=\"ux-logo has-hover align-middle ux_logo inline-block\" style=\"max-width: 100%!important; width: 139px!important\"><a class=\"ux-logo-link block image-\" title=\"Naturkosmetik von Lavera\" href=\"https:\/\/testlab.komood.shop\/merkmal\/lavera\/\" style=\"padding: 15px;\"><img decoding=\"async\" src=\"https:\/\/testlab.komood.shop\/wp-content\/uploads\/lavera-logo-klein.png\" title=\"Naturkosmetik von Lavera\" alt=\"Naturkosmetik von Lavera\" class=\"ux-logo-image block\" style=\"height:50px;\" \/><\/a><\/div>\n<h2>Lippenstift &#8222;Retro Rose&#8220; von Lavera mit seidig-gl\u00e4nzendem Finish<\/h2>\n<h3>Zertifizierte Naturkosmetik, Made in Germany<\/h3>\n<div class=\"is-divider divider clearfix\" style=\"max-width:small;\"><\/div>\n<p>Dieser nat\u00fcrlich pflegende und seidig gl\u00e4nzende Lippenstift von Lavera mit langanhaltender Farbe ist f\u00fcr folgende Farbtypen geeignet:<\/p>\n<p><strong>K\u00fchl-Warm-System<\/strong><\/p>\n<ul>\n<li class=\"bullet-checkmark\">neutral<\/li>\n<\/ul>\n<p><strong>4|6|10-Farbtypen-System<\/strong><\/p>\n<ul>\n<li class=\"bullet-checkmark\">Fr\u00fchling<\/li>\n<li class=\"bullet-checkmark\">Fr\u00fchling-Sommer<\/li>\n<li class=\"bullet-checkmark\">Sommer<\/li>\n<li class=\"bullet-checkmark\">Sommer-Herbst<\/li>\n<li class=\"bullet-checkmark\">Sommer-Winter<\/li>\n<\/ul>\n<p><strong>12-Farbtypen-System<\/strong><\/p>\n<ul>\n<li class=\"bullet-checkmark\">Light Spring<\/li>\n<li class=\"bullet-checkmark\">Warm Spring<\/li>\n<li class=\"bullet-checkmark\">Light Summer<\/li>\n<li class=\"bullet-checkmark\">Soft Summer<\/li>\n<li class=\"bullet-checkmark\">Soft Autumn<\/li>\n<\/ul>\n<div class=\"is-divider divider clearfix\" style=\"max-width:small;\"><\/div>\n<h3>Beschreibung des Herstellers<\/h3>\n<p>Der lavera Cream Glow Lipstick schenkt den Lippen intensive Farbe im seidig-gl\u00e4nzendem Finish &#8211; bei bis zu 6H Halt.<\/p>\n<p>Der lavera Cream Glow Lipstick schenkt den Lippen intensive Farbe im unwiderstehlich seidig-gl\u00e4nzendem Finish. M\u00fchelos aufgetragen bringt der Lipstick die Lippen augenblicklich zum Strahlen. Die innovative Formel begeistert durch ihre cremige Textur und hohen Tragekomfort &#8211; bei bis zu 6H Halt, ohne Verschmieren. Dank nat\u00fcrlich pflegender Inhaltsstoffe wie Bio-Sheabutter und Bio-Kakaobutter werden die Lippen langanhaltend vor dem Austrocknen gesch\u00fctzt.<\/p>\n<p>&#8211; Vegan<br \/>\n&#8211; Glutenfrei<br \/>\n&#8211; Ohne Silikone<br \/>\n&#8211; Ohne Mineral\u00f6l<br \/>\n&#8211; Ohne Mikroplastik<br \/>\n&#8211; Dermatologisch getestet<br \/>\n&#8211; Zertifizierte Naturkosmetik<br \/>\n&#8211; Made in Germany<\/p>\n<p>\u2713 Intensive Farbe<br \/>\n\u2713 Seidig-gl\u00e4nzendes Finish<br \/>\n\u2713 Hoher Tragekomfort<br \/>\n\u2713 Bis zu 6 Stunden Halt<br \/>\n\u2713 Sch\u00fctzt die Lippen langanhaltend vor dem Austrocknen<\/p>\n<h4>Anwendung<\/h4>\n<p>Trage den Lippenstift direkt oder mit einem Lippenpinsel auf die Lippen auf.<\/p>\n<h4>Inhaltsstoffe<\/h4>\n<p>Ricinus Communis (Castor) Seed Oil*, Canola Oil, Rhus Verniciflua Peel Wax, Euphorbia Cerifera (Candelilla) Wax, Oryza Sativa (Rice) Bran Wax, Butyrospermum Parkii (Shea) Butter*, Theobroma Cacao (Cocoa) Seed Butter*, Olea Europaea (Olive) Fruit Oil*, Rosa Centifolia Flower Extract*, Alcohol* denat., Tocopherol, Helianthus Annuus (Sunflower) Seed Oil*, Ascorbyl Palmitate, Water (Aqua), Fragrance (Parfum)**, Citronellol**, Limonene**, Geraniol**, Linalool**, Benzyl Alcohol**, Eugenol**, Citral**, [+\/- Mica, Iron Oxide (CI 77491), Iron Oxide (CI 77492), Iron Oxide (CI 77499), Titanium Dioxide (CI 77891)]\n<p>* ingredients from certified organic agriculture<br \/>\n** natural essential oils<\/p>\n<h4>Allergene<\/h4>\n<p>Benzylalkohol<br \/>\nCitral<br \/>\nCitronellol<br \/>\nEugenol<br \/>\nGeraniol<br \/>\nLinalool<br \/>\nd-Limonene<\/p>\n<div class=\"is-divider divider clearfix\" style=\"max-width:small;\"><\/div>\n<h3>Kontakt<\/h3>\n<p>Bei Fragen oder Anregungen zu diesem Angebot stehen wir Ihnen sehr gern zur Verf\u00fcgung &#8211; <strong><a href=\"https:\/\/testlab.komood.shop\/informationen-service\/kontakt\/\">Kontakt<\/a><\/strong>.<\/p>\n","protected":false},"excerpt":{"rendered":"<ul>\n<li class=\"bullet-star\">Barra de labios de cosm\u00e9tica natural con un acabado sedoso y brillante de Lavera<\/li>\n<li class=\"bullet-star\">Sin gluten, siliconas, aceite mineral ni micropl\u00e1sticos<\/li>\n<li class=\"bullet-star\">brillo discreto para los tipos claros<\/li>\n<\/ul>","protected":false},"featured_media":5378,"comment_status":"open","ping_status":"closed","template":"","meta":[],"product_brand":[],"product_cat":[321,462,463,473,464,476,465,481,466,483,472,495,587,609,588,614,590,624,592,634,593,668,449,450],"product_tag":[517,518,543,455,439,434,530,447,425,441,436,519,520,526,440],"giftcard-category":[],"class_list":{"0":"post-5634","1":"product","2":"type-product","3":"status-publish","4":"has-post-thumbnail","6":"product_cat-b2c","7":"product_cat-farbtypen","8":"product_cat-farbtyp-fruehling","9":"product_cat-lippenstifte-fruehlingstyp","10":"product_cat-farbtyp-fruehling-sommer","11":"product_cat-lippenstifte-fruehling-sommertyp","12":"product_cat-farbtyp-sommer","13":"product_cat-lippenstifte-sommertyp","14":"product_cat-farbtyp-sommer-herbst","15":"product_cat-lippenstifte-sommer-herbsttyp","16":"product_cat-farbtyp-sommer-winter","17":"product_cat-lippenstifte-sommer-wintertyp","18":"product_cat-farbtyp-light-spring","19":"product_cat-lippenstifte-light-spring","20":"product_cat-farbtyp-warm-spring","21":"product_cat-lippenstifte-warm-spring","22":"product_cat-farbtyp-light-summer","23":"product_cat-lippenstifte-light-summer","24":"product_cat-farbtyp-soft-summer","25":"product_cat-lippenstifte-soft-summer","26":"product_cat-farbtyp-soft-autumn","27":"product_cat-lippenstifte-soft-autumn","28":"product_cat-dekorative-naturkosmetik","29":"product_cat-lippenstifte","30":"product_tag-fruehling","31":"product_tag-fruehling-sommer","32":"product_tag-cream-glow-lipstick","33":"product_tag-lavera","34":"product_tag-farbtyp-light-spring","35":"product_tag-farbtyp-light-summer","36":"product_tag-lippen","37":"product_tag-neutral","38":"product_tag-b2c","39":"product_tag-farbtyp-soft-autumn","40":"product_tag-farbtyp-soft-summer","41":"product_tag-sommer","42":"product_tag-sommer-herbst","43":"product_tag-sommer-winter","44":"product_tag-farbtyp-warm-spring","46":"first","47":"instock","48":"taxable","49":"shipping-taxable","50":"purchasable","51":"product-type-simple"},"_links":{"self":[{"href":"https:\/\/testlab.komood.shop\/es\/wp-json\/wp\/v2\/product\/5634","targetHints":{"allow":["GET"]}}],"collection":[{"href":"https:\/\/testlab.komood.shop\/es\/wp-json\/wp\/v2\/product"}],"about":[{"href":"https:\/\/testlab.komood.shop\/es\/wp-json\/wp\/v2\/types\/product"}],"replies":[{"embeddable":true,"href":"https:\/\/testlab.komood.shop\/es\/wp-json\/wp\/v2\/comments?post=5634"}],"wp:featuredmedia":[{"embeddable":true,"href":"https:\/\/testlab.komood.shop\/es\/wp-json\/wp\/v2\/media\/5378"}],"wp:attachment":[{"href":"https:\/\/testlab.komood.shop\/es\/wp-json\/wp\/v2\/media?parent=5634"}],"wp:term":[{"taxonomy":"product_brand","embeddable":true,"href":"https:\/\/testlab.komood.shop\/es\/wp-json\/wp\/v2\/product_brand?post=5634"},{"taxonomy":"product_cat","embeddable":true,"href":"https:\/\/testlab.komood.shop\/es\/wp-json\/wp\/v2\/product_cat?post=5634"},{"taxonomy":"product_tag","embeddable":true,"href":"https:\/\/testlab.komood.shop\/es\/wp-json\/wp\/v2\/product_tag?post=5634"},{"taxonomy":"giftcard-category","embeddable":true,"href":"https:\/\/testlab.komood.shop\/es\/wp-json\/wp\/v2\/giftcard-category?post=5634"}],"curies":[{"name":"wp","href":"https:\/\/api.w.org\/{rel}","templated":true}]}}