{"id":6181,"date":"2024-11-21T18:35:28","date_gmt":"2024-11-21T18:35:28","guid":{"rendered":"https:\/\/komood.shop\/?post_type=product&#038;p=6181"},"modified":"2025-10-28T14:00:41","modified_gmt":"2025-10-28T14:00:41","slug":"vale-marion-zens-komood-berlin","status":"publish","type":"product","link":"https:\/\/testlab.komood.shop\/es\/produkt\/gutschein-marion-zens-komood-berlin\/","title":{"rendered":"Vale - Marion Zens | komood | Berl\u00edn"},"content":{"rendered":"<h2>Un consejo sobre vales de la tienda komood.shop<\/h2>\n<p><strong>Esta p\u00e1gina no contiene una oferta de komood.shop, sino un simple enlace a una oferta externa en el sentido de una recomendaci\u00f3n.<\/strong><\/p>\n<p>Con un clic en el bot\u00f3n<\/p>\n<a class=\"button secondary is-secondary is-small\" >\n\t\t<span>komood.de - Vales para asesoramiento sobre color y estilo en Berl\u00edn<\/span>\n\t<\/a>\n\n<p>est\u00e1 abandonando nuestra tienda web y con ella nuestra gama.<\/p>\n<p>El operador del sitio respectivo es el \u00fanico responsable de la oferta enlazada y de sus condiciones. Es posible que la oferta enlazada no est\u00e9 o haya dejado de estar disponible en el momento en que usted acceda a ella. En ese caso, le agradecer\u00edamos que nos lo comunicara.<\/p>\n<div class=\"is-divider divider clearfix\" style=\"max-width:small;\"><\/div>\n<h3>Acerca de la oferta de vales externos<\/h3>\n<p>Por supuesto, estamos muy familiarizados con la proveedora Marion Zens, ya que somos una empresa independiente que surgi\u00f3 en \u00faltima instancia de su trabajo de consultor\u00eda en Berl\u00edn y el n\u00facleo de nuestra gama est\u00e1 formado por sus productos o por productos que hemos desarrollado juntos. En este sentido, nos complace hacer referencia al trabajo de consultor\u00eda de Marion y a la oferta de vales asociada.<\/p>\n<p>Si est\u00e1 interesado, puede encontrar toda la informaci\u00f3n sobre los servicios de asesoramiento que ofrece Marion Zens | komood en la p\u00e1gina web www.komood.de.<\/p>\n<div class=\"is-divider divider clearfix\" style=\"max-width:small;\"><\/div>\n<h3>Contacte con nosotros<\/h3>\n<p>Si tiene alguna pregunta, sugerencia o comentario sobre esta recomendaci\u00f3n, no dude en ponerse en contacto con nosotros - <strong><a href=\"https:\/\/testlab.komood.shop\/es\/servicio-de-informacion\/pongase-en-contacto-con\/\">Contacte con nosotros<\/a><\/strong>.<\/p>","protected":false},"excerpt":{"rendered":"<h3>Recomendaci\u00f3n del vale<\/h3>\n<p>Descubra y compre el <strong>Vales de marion zens | komood<\/strong> para diversos servicios de asesoramiento sobre temas de color, estilo, revisi\u00f3n del guardarropa y compras personales en Berl\u00edn y sus alrededores directamente en la p\u00e1gina web del proveedor.<\/p>","protected":false},"featured_media":6186,"comment_status":"closed","ping_status":"closed","template":"","meta":[],"product_brand":[],"product_cat":[555],"product_tag":[565,554],"giftcard-category":[],"class_list":{"0":"post-6181","1":"product","2":"type-product","3":"status-publish","4":"has-post-thumbnail","6":"product_cat-gutscheine","7":"product_tag-empfehlungslink","8":"product_tag-gutschein","10":"first","11":"instock","12":"purchasable","13":"product-type-external"},"_links":{"self":[{"href":"https:\/\/testlab.komood.shop\/es\/wp-json\/wp\/v2\/product\/6181","targetHints":{"allow":["GET"]}}],"collection":[{"href":"https:\/\/testlab.komood.shop\/es\/wp-json\/wp\/v2\/product"}],"about":[{"href":"https:\/\/testlab.komood.shop\/es\/wp-json\/wp\/v2\/types\/product"}],"replies":[{"embeddable":true,"href":"https:\/\/testlab.komood.shop\/es\/wp-json\/wp\/v2\/comments?post=6181"}],"wp:featuredmedia":[{"embeddable":true,"href":"https:\/\/testlab.komood.shop\/es\/wp-json\/wp\/v2\/media\/6186"}],"wp:attachment":[{"href":"https:\/\/testlab.komood.shop\/es\/wp-json\/wp\/v2\/media?parent=6181"}],"wp:term":[{"taxonomy":"product_brand","embeddable":true,"href":"https:\/\/testlab.komood.shop\/es\/wp-json\/wp\/v2\/product_brand?post=6181"},{"taxonomy":"product_cat","embeddable":true,"href":"https:\/\/testlab.komood.shop\/es\/wp-json\/wp\/v2\/product_cat?post=6181"},{"taxonomy":"product_tag","embeddable":true,"href":"https:\/\/testlab.komood.shop\/es\/wp-json\/wp\/v2\/product_tag?post=6181"},{"taxonomy":"giftcard-category","embeddable":true,"href":"https:\/\/testlab.komood.shop\/es\/wp-json\/wp\/v2\/giftcard-category?post=6181"}],"curies":[{"name":"wp","href":"https:\/\/api.w.org\/{rel}","templated":true}]}}