{"id":6849,"date":"2025-01-14T20:58:26","date_gmt":"2025-01-14T20:58:26","guid":{"rendered":"https:\/\/komood.shop\/?post_type=product&#038;p=6849"},"modified":"2025-11-27T09:59:07","modified_gmt":"2025-11-27T09:59:07","slug":"lapiz-de-ojos-duo-kraftschoepferin-de-marie-w","status":"publish","type":"product","link":"https:\/\/testlab.komood.shop\/es\/produkt\/kraftschoepferin-duo-lidschattenstift-von-marie-w\/","title":{"rendered":"KraftSch\u00f6pferin - L\u00e1piz de ojos d\u00fao de marie w."},"content":{"rendered":"<div class=\"ux-logo has-hover align-middle ux_logo inline-block\" style=\"max-width: 100%!important; width: 271px!important\"><a class=\"ux-logo-link block image-\" title=\"Cosm\u00e9ticos naturales de Marie W.\" href=\"https:\/\/testlab.komood.shop\/es\/caracteristica\/marie-w\/\" style=\"padding: 15px;\"><img decoding=\"async\" src=\"https:\/\/testlab.komood.shop\/wp-content\/uploads\/marie-w-logo-klein.png\" title=\"Cosm\u00e9ticos naturales de Marie W.\" alt=\"Cosm\u00e9ticos naturales de Marie W.\" class=\"ux-logo-image block\" style=\"height:50px;\" \/><\/a><\/div>\n<h2>Sombra de ojos \"PowerCreator<\/h2>\n<h3>L\u00e1piz de ojos d\u00fao 06 con oro aut\u00e9ntico de gran pureza | cosm\u00e9tica natural certificada<\/h3>\n<div class=\"is-divider divider clearfix\" style=\"max-width:small;\"><\/div>\n<p>Esta sombra de ojos vegana, nutritiva y de alta calidad de marie w. es adecuada para los siguientes colores y tipos de ojos:<\/p>\n<p><strong>Colores de ojos<\/strong><\/p>\n<ul>\n<li class=\"bullet-checkmark\">Azul<\/li>\n<li class=\"bullet-checkmark\">Gris<\/li>\n<li class=\"bullet-checkmark\">Verde<\/li>\n<\/ul>\n<p><strong>Sistema fr\u00edo-calor<\/strong><\/p>\n<ul>\n<li class=\"bullet-checkmark\">tiende a ser de tono fr\u00edo<\/li>\n<\/ul>\n<p><strong>Sistema de tipos de color 4|6|10<\/strong><\/p>\n<ul>\n<li class=\"bullet-checkmark\">Primavera-Verano<\/li>\n<li class=\"bullet-checkmark\">Verano<\/li>\n<li class=\"bullet-checkmark\">Verano-oto\u00f1o<\/li>\n<li class=\"bullet-checkmark\">Oto\u00f1o-Invierno<\/li>\n<li class=\"bullet-checkmark\">Invierno<\/li>\n<li class=\"bullet-checkmark\">Primavera-invierno<\/li>\n<li class=\"bullet-checkmark\">Verano-invierno<\/li>\n<\/ul>\n<p><strong>Sistema tipo de 12 colores<\/strong><\/p>\n<ul>\n<li class=\"bullet-checkmark\">Primavera clara<\/li>\n<li class=\"bullet-checkmark\">Verano ligero<\/li>\n<li class=\"bullet-checkmark\">Verano fresco<\/li>\n<li class=\"bullet-checkmark\">Verano suave<\/li>\n<li class=\"bullet-checkmark\">Oto\u00f1o suave<\/li>\n<li class=\"bullet-checkmark\">Invierno despejado<\/li>\n<li class=\"bullet-checkmark\">Invierno fresco<\/li>\n<li class=\"bullet-checkmark\">Invierno profundo<\/li>\n<\/ul>\n<div class=\"is-divider divider clearfix\" style=\"max-width:small;\"><\/div>\n<h3>Descripci\u00f3n del fabricante<\/h3>\n<p>L\u00e1piz de sombras Duosolid 06 PowerCreator<\/p>\n<p><b><span class=\"text-delta\">Simple:<\/span><\/b> Combinaciones de colores armoniosas seleccionadas que favorecen todos los estilos<b><br \/>\n<span class=\"text-delta\">Por supuesto:<\/span><\/b> Cosm\u00e9tica natural certificada, 100% vegana<b><br \/>\n<span class=\"text-delta\">Completado:<\/span><\/b> Aporta una luminosidad naturalmente bella y hace brillar los ojos<\/p>\n<p>Fascinantes tonos de verde que act\u00faan como potenciadores del color y mediadores de todos los dem\u00e1s colores. Intensifican todos los colores de ojos, combinan con todos los tonos de pintalabios y pueden llevarse con todos los colores de ropa. Mensaje crom\u00e1tico: vitalidad, inspiraci\u00f3n, fortalecedor, equilibrante, regenerador<\/p>\n<p>Los dos tonos suavemente brillantes de los l\u00e1pices de sombras de ojos D\u00fao est\u00e1n perfectamente coordinados. Favorecen a todo tipo de rostros y garantizan unos ojos radiantes y expresivos. La sombra de ojos es f\u00e1cil de aplicar en todo el contorno y puede difuminarse perfectamente con un pincel gracias a su f\u00f3rmula nutritiva y cremosa. Reci\u00e9n afilada y aplicada de forma selectiva, podr\u00e1 crear sofisticados acentos.<\/p>\n<h4>Aplicaci\u00f3n<\/h4>\n<ol>\n<li style=\"list-style-type: none;\">\n<ol>\n<li>Para prepararse, aplique el Corrector Anti-rojeces marie w., el corrector y el maquillaje como de costumbre. Utilice el corrector que haya quedado en el pincel como imprimaci\u00f3n para los p\u00e1rpados.<\/li>\n<li>Aplique primero el color m\u00e1s oscuro del l\u00e1piz de sombra de ojos d\u00fao en el p\u00e1rpado m\u00f3vil y a lo largo de la l\u00ednea de las pesta\u00f1as inferiores. Utilice un aplicador, un pincel o el dedo para difuminar el color, especialmente en los \u00e1ngulos del ojo.<\/li>\n<li>Ahora utilice el lado m\u00e1s claro para resaltar las esquinas interiores de los ojos y debajo de las cejas. Para dar un toque de luz especial, puede colocar otro punto en el centro del p\u00e1rpado m\u00f3vil. Una vez m\u00e1s, difumine los bordes visibles.<\/li>\n<\/ol>\n<\/li>\n<\/ol>\n<h4>Ingredientes<\/h4>\n<p>MATIZ CLARO , ACEITE DE COCO NUCIFERA* , ESTEARATO DE OCTILDODECILO , TRIGLIC\u00c9RIDOS C10-18 , COPERNICIA CERIFERA CERA* , S\u00cdLICE , ACEITE VEGETAL HIDROGENADO , POLIGLICERIL-3 DIISOESTEARATO , ORIZANOL , UNDECILENATO DE GLICERILO , TOCOFEROL , TRIGLIC\u00c9RIDO CAPR\u00cdLICO\/C\u00c1PRICO , CAOL\u00cdN , EXTRACTO DE ALARIA ESCULENTA , CI 77891 (DI\u00d3XIDO DE TITANIO) , CI 77492 (\u00d3XIDOS DE HIERRO) , CI 77480 (ORO) , CI 77007 (ULTRAMARINAS),<\/p>\n<p>TONO M\u00c1S OSCURO , ACEITE DE COCOS NUCIFERA* , ESTEARATO DE OCTILDODECILO , CERA DE COPERNICIA CERIFERA* , TRIGLIC\u00c9RIDOS C10-18 , MICA , S\u00cdLICE , ACEITE VEGETAL HIDROGENADO , DIISOESTEARATO DE POLIGLICERILO-3 , ORIZANOL , TOCOFEROL , CAPRILATO DE GLICERILO , TRIGLIC\u00c9RIDO CAPR\u00cdLICO\/C\u00c1PRICO , EXTRACTO DE ALARIA ESCULENTA , CI 77499 (\u00d3XIDOS DE HIERRO) , CI 77891 (DI\u00d3XIDO DE TITANIO) , CI 77480 (ORO)<\/p>\n<p>* procedentes de cultivos ecol\u00f3gicos certificados<\/p>\n<div class=\"is-divider divider clearfix\" style=\"max-width:small;\"><\/div>\n<h3>Contacte con nosotros<\/h3>\n<p>Si tiene alguna pregunta o sugerencia sobre esta oferta, no dude en ponerse en contacto con nosotros - <strong><a href=\"https:\/\/testlab.komood.shop\/es\/servicio-de-informacion\/pongase-en-contacto-con\/\">Contacte con nosotros<\/a><\/strong>.<\/p>","protected":false},"excerpt":{"rendered":"<ul>\n<li class=\"bullet-star\">l\u00e1piz de ojos d\u00fao cremoso y nutritivo<\/li>\n<li class=\"bullet-star\">Vegano y eficazmente refinado con oro aut\u00e9ntico de gran pureza<\/li>\n<li class=\"bullet-star\">la fresca potencia continua<\/li>\n<\/ul>","protected":false},"featured_media":6850,"comment_status":"open","ping_status":"closed","template":"","meta":[],"product_brand":[],"product_cat":[321,462,464,534,465,535,466,536,468,538,469,539,471,541,472,542,589,622,590,627,591,632,592,637,593,663,596,665,597,666,598,667,449,532],"product_tag":[531,433,437,435,438,444,518,525,522,434,459,575,425,441,436,519,520,526,445,523],"giftcard-category":[],"class_list":{"0":"post-6849","1":"product","2":"type-product","3":"status-publish","4":"has-post-thumbnail","6":"product_cat-b2c","7":"product_cat-farbtypen","8":"product_cat-farbtyp-fruehling-sommer","9":"product_cat-eyeshadow-fruehling-sommertyp","10":"product_cat-farbtyp-sommer","11":"product_cat-eyeshadow-sommertyp","12":"product_cat-farbtyp-sommer-herbst","13":"product_cat-eyeshadow-sommer-herbsttyp","14":"product_cat-farbtyp-herbst-winter","15":"product_cat-eyeshadow-herbst-wintertyp","16":"product_cat-farbtyp-winter","17":"product_cat-eyeshadow-wintertyp","18":"product_cat-farbtyp-fruehling-winter","19":"product_cat-eyeshadow-fruehling-wintertyp","20":"product_cat-farbtyp-sommer-winter","21":"product_cat-eyeshadow-sommer-wintertyp","22":"product_cat-farbtyp-clear-spring","23":"product_cat-eyeshadow-clear-spring","24":"product_cat-farbtyp-light-summer","25":"product_cat-eyeshadow-light-summer","26":"product_cat-farbtyp-cool-summer","27":"product_cat-eyeshadow-cool-summer","28":"product_cat-farbtyp-soft-summer","29":"product_cat-eyeshadow-soft-summer","30":"product_cat-farbtyp-soft-autumn","31":"product_cat-eyeshadow-soft-autumn","32":"product_cat-farbtyp-clear-winter","33":"product_cat-eyeshadow-clear-winter","34":"product_cat-farbtyp-cool-winter","35":"product_cat-eyeshadow-cool-winter","36":"product_cat-farbtyp-deep-winter","37":"product_cat-eyeshadow-deep-winter","38":"product_cat-dekorative-naturkosmetik","39":"product_cat-eyeshadow","40":"product_tag-augen","41":"product_tag-farbtyp-clear-spring","42":"product_tag-farbtyp-clear-winter","43":"product_tag-farbtyp-cool-summer","44":"product_tag-farbtyp-cool-winter","45":"product_tag-farbtyp-deep-winter","46":"product_tag-fruehling-sommer","47":"product_tag-fruehling-winter","48":"product_tag-herbst-winter","49":"product_tag-farbtyp-light-summer","50":"product_tag-marie-w","51":"product_tag-maw-duo-lidschattenstift","52":"product_tag-b2c","53":"product_tag-farbtyp-soft-autumn","54":"product_tag-farbtyp-soft-summer","55":"product_tag-sommer","56":"product_tag-sommer-herbst","57":"product_tag-sommer-winter","58":"product_tag-tendenz-kuehl","59":"product_tag-winter","61":"first","62":"instock","63":"taxable","64":"shipping-taxable","65":"purchasable","66":"product-type-simple"},"_links":{"self":[{"href":"https:\/\/testlab.komood.shop\/es\/wp-json\/wp\/v2\/product\/6849","targetHints":{"allow":["GET"]}}],"collection":[{"href":"https:\/\/testlab.komood.shop\/es\/wp-json\/wp\/v2\/product"}],"about":[{"href":"https:\/\/testlab.komood.shop\/es\/wp-json\/wp\/v2\/types\/product"}],"replies":[{"embeddable":true,"href":"https:\/\/testlab.komood.shop\/es\/wp-json\/wp\/v2\/comments?post=6849"}],"wp:featuredmedia":[{"embeddable":true,"href":"https:\/\/testlab.komood.shop\/es\/wp-json\/wp\/v2\/media\/6850"}],"wp:attachment":[{"href":"https:\/\/testlab.komood.shop\/es\/wp-json\/wp\/v2\/media?parent=6849"}],"wp:term":[{"taxonomy":"product_brand","embeddable":true,"href":"https:\/\/testlab.komood.shop\/es\/wp-json\/wp\/v2\/product_brand?post=6849"},{"taxonomy":"product_cat","embeddable":true,"href":"https:\/\/testlab.komood.shop\/es\/wp-json\/wp\/v2\/product_cat?post=6849"},{"taxonomy":"product_tag","embeddable":true,"href":"https:\/\/testlab.komood.shop\/es\/wp-json\/wp\/v2\/product_tag?post=6849"},{"taxonomy":"giftcard-category","embeddable":true,"href":"https:\/\/testlab.komood.shop\/es\/wp-json\/wp\/v2\/giftcard-category?post=6849"}],"curies":[{"name":"wp","href":"https:\/\/api.w.org\/{rel}","templated":true}]}}