{"id":8592,"date":"2024-05-05T20:55:10","date_gmt":"2024-05-05T20:55:10","guid":{"rendered":"https:\/\/komood.shop\/?post_type=product&#038;p=8592"},"modified":"2025-11-25T12:57:12","modified_gmt":"2025-11-25T12:57:12","slug":"paso-de-color-primavera-otono-tejido-color-abanico-neo-40","status":"publish","type":"product","link":"https:\/\/testlab.komood.shop\/es\/produkt\/farbpass-fruehling-herbst-stoff-farbfaecher-neo-40\/","title":{"rendered":"Pasaporte de colores primavera-oto\u00f1o | abanico de colores Neo 4.0"},"content":{"rendered":"<div class=\"ux-logo has-hover align-middle ux_logo inline-block\" style=\"max-width: 100%!important; width: 237px!important\"><a class=\"ux-logo-link block image-\" title=\"Pases de color y material de consulta de komood\" href=\"https:\/\/testlab.komood.shop\/es\/caracteristica\/komood\/\" style=\"padding: 15px;\"><img decoding=\"async\" src=\"https:\/\/testlab.komood.shop\/wp-content\/uploads\/komood-logo-klein.png\" title=\"Pases de color y material de consulta de komood\" alt=\"Pases de color y material de consulta de komood\" class=\"ux-logo-image block\" style=\"height:50px;\" \/><\/a><\/div>\n<h2>Abanico de colores textiles para el tipo de color Primavera-Oto\u00f1o | Neo - Versi\u00f3n 4.0<\/h2>\n<h3>Espectro crom\u00e1tico medio.c\u00e1lido<\/h3>\n<div class=\"is-divider divider clearfix\" style=\"max-width:small;\"><\/div>\n<p>Este ventilador de color \u00fanico de Komood se caracteriza por las siguientes particularidades:<\/p>\n<ul>\n<li class=\"bullet-checkmark\">muy grande <strong>Selecci\u00f3n de colores conforme al tipo<\/strong> (consulte nuestra informaci\u00f3n \"Colores y visualizaci\u00f3n de colores\"),<\/li>\n<li class=\"bullet-checkmark\">2 tarjetas Informaci\u00f3n textual sobre el <strong>Tipo de color primavera-oto\u00f1o<\/strong>impreso por ambas caras,<\/li>\n<li class=\"bullet-checkmark\">30 cartas de colores hechas a mano con tela de algod\u00f3n reforzada por el reverso,<\/li>\n<li class=\"bullet-checkmark\">Sobrecubierta de cart\u00f3n resistente,<\/li>\n<li class=\"bullet-checkmark\">Encuadernaci\u00f3n con un tornillo de libro asegurado contra la torsi\u00f3n,<\/li>\n<li class=\"bullet-checkmark\">muy f\u00e1cil de abanicar,<\/li>\n<li class=\"bullet-checkmark\">superficies mates para una comparaci\u00f3n \u00f3ptima de los colores bajo luz artificial.<\/li>\n<\/ul>\n<div class=\"is-divider divider clearfix\" style=\"max-width:small;\"><\/div>\n<h3>Opciones y accesorios<\/h3>\n<p><strong>El caso<\/strong><\/p>\n<p>Como accesorio, le ofrecemos una funda hecha a mano de Alc\u00e1ntara en el formato aprox. 70 x 100 x 25 mm en varios colores. Seg\u00fan el tipo de color, le recomendamos la siguiente selecci\u00f3n de colores:<\/p>\n\r\n<table>\r\n<tbody>\r\n<tr>\r\n<th>Tipo de color<\/th>\r\n<th>Color de la caja<\/th>\r\n<\/tr>\r\n<tr>\r\n<td>\n\t\t<div class=\"icon-box featured-box icon-box-left text-left\"  >\n\t\t\t\t\t<div class=\"icon-box-img\" style=\"width: 20px\">\n\t\t\t\t<div class=\"icon\">\n\t\t\t\t\t<div class=\"icon-inner\" >\n\t\t\t\t\t\t<img decoding=\"async\" src=\"https:\/\/testlab.komood.shop\/wp-content\/uploads\/symbol-fruehlingstyp.avif\" alt=\"Primavera\"\/>\t\t\t\t\t<\/div>\n\t\t\t\t<\/div>\n\t\t\t<\/div>\n\t\t\t\t<div class=\"icon-box-text last-reset\">\n\t\t\t<h5 class=\"uppercase\">Primavera<\/h5>\t\t\t\t\t\t\t\t<\/div>\n\t<\/div>\n\t\n\t<\/td>\r\n<td>Beige, crema, verde<\/td>\r\n<\/tr>\r\n<tr>\r\n<td>\n\t\t<div class=\"icon-box featured-box icon-box-left text-left\"  >\n\t\t\t\t\t<div class=\"icon-box-img\" style=\"width: 20px\">\n\t\t\t\t<div class=\"icon\">\n\t\t\t\t\t<div class=\"icon-inner\" >\n\t\t\t\t\t\t<img decoding=\"async\" src=\"https:\/\/testlab.komood.shop\/wp-content\/uploads\/symbol-fruehling-sommertyp.avif\" alt=\"Primavera-Verano\"\/>\t\t\t\t\t<\/div>\n\t\t\t\t<\/div>\n\t\t\t<\/div>\n\t\t\t\t<div class=\"icon-box-text last-reset\">\n\t\t\t<h5 class=\"uppercase\">Primavera-Verano<\/h5>\t\t\t\t\t\t\t\t<\/div>\n\t<\/div>\n\t\n\t<\/td>\r\n<td>Beige, crema, verde, rosa<\/td>\r\n<\/tr>\r\n<tr>\r\n<td>\n\t\t<div class=\"icon-box featured-box icon-box-left text-left\"  >\n\t\t\t\t\t<div class=\"icon-box-img\" style=\"width: 20px\">\n\t\t\t\t<div class=\"icon\">\n\t\t\t\t\t<div class=\"icon-inner\" >\n\t\t\t\t\t\t<img decoding=\"async\" src=\"https:\/\/testlab.komood.shop\/wp-content\/uploads\/symbol-sommertyp.avif\" alt=\"Verano\"\/>\t\t\t\t\t<\/div>\n\t\t\t\t<\/div>\n\t\t\t<\/div>\n\t\t\t\t<div class=\"icon-box-text last-reset\">\n\t\t\t<h5 class=\"uppercase\">Verano<\/h5>\t\t\t\t\t\t\t\t<\/div>\n\t<\/div>\n\t\n\t<\/td>\r\n<td>Azul, Burdeos, Crema, Gris, Rosa<\/td>\r\n<\/tr>\r\n<tr>\r\n<td>\n\t\t<div class=\"icon-box featured-box icon-box-left text-left\"  >\n\t\t\t\t\t<div class=\"icon-box-img\" style=\"width: 20px\">\n\t\t\t\t<div class=\"icon\">\n\t\t\t\t\t<div class=\"icon-inner\" >\n\t\t\t\t\t\t<img decoding=\"async\" src=\"https:\/\/testlab.komood.shop\/wp-content\/uploads\/symbol-sommer-herbsttyp.avif\" alt=\"Verano-oto\u00f1o\"\/>\t\t\t\t\t<\/div>\n\t\t\t\t<\/div>\n\t\t\t<\/div>\n\t\t\t\t<div class=\"icon-box-text last-reset\">\n\t\t\t<h5 class=\"uppercase\">Verano-oto\u00f1o<\/h5>\t\t\t\t\t\t\t\t<\/div>\n\t<\/div>\n\t\n\t<\/td>\r\n<td>Burdeos, crema, rosa<\/td>\r\n<\/tr>\r\n<tr>\r\n<td>\n\t\t<div class=\"icon-box featured-box icon-box-left text-left\"  >\n\t\t\t\t\t<div class=\"icon-box-img\" style=\"width: 20px\">\n\t\t\t\t<div class=\"icon\">\n\t\t\t\t\t<div class=\"icon-inner\" >\n\t\t\t\t\t\t<img decoding=\"async\" src=\"https:\/\/testlab.komood.shop\/wp-content\/uploads\/symbol-herbsttyp.avif\" alt=\"Oto\u00f1o\"\/>\t\t\t\t\t<\/div>\n\t\t\t\t<\/div>\n\t\t\t<\/div>\n\t\t\t\t<div class=\"icon-box-text last-reset\">\n\t\t\t<h5 class=\"uppercase\">Oto\u00f1o<\/h5>\t\t\t\t\t\t\t\t<\/div>\n\t<\/div>\n\t\n\t<\/td>\r\n<td>Beige, Burdeos, Verde<\/td>\r\n<\/tr>\r\n<tr>\r\n<td>\n\t\t<div class=\"icon-box featured-box icon-box-left text-left\"  >\n\t\t\t\t\t<div class=\"icon-box-img\" style=\"width: 20px\">\n\t\t\t\t<div class=\"icon\">\n\t\t\t\t\t<div class=\"icon-inner\" >\n\t\t\t\t\t\t<img decoding=\"async\" src=\"https:\/\/testlab.komood.shop\/wp-content\/uploads\/symbol-herbst-wintertyp.avif\" alt=\"Oto\u00f1o-Invierno\"\/>\t\t\t\t\t<\/div>\n\t\t\t\t<\/div>\n\t\t\t<\/div>\n\t\t\t\t<div class=\"icon-box-text last-reset\">\n\t\t\t<h5 class=\"uppercase\">Oto\u00f1o-Invierno<\/h5>\t\t\t\t\t\t\t\t<\/div>\n\t<\/div>\n\t\n\t<\/td>\r\n<td>Azul, Burdeos, Gris<\/td>\r\n<\/tr>\r\n<tr>\r\n<td>\n\t\t<div class=\"icon-box featured-box icon-box-left text-left\"  >\n\t\t\t\t\t<div class=\"icon-box-img\" style=\"width: 20px\">\n\t\t\t\t<div class=\"icon\">\n\t\t\t\t\t<div class=\"icon-inner\" >\n\t\t\t\t\t\t<img decoding=\"async\" src=\"https:\/\/testlab.komood.shop\/wp-content\/uploads\/symbol-wintertyp.avif\" alt=\"Invierno\"\/>\t\t\t\t\t<\/div>\n\t\t\t\t<\/div>\n\t\t\t<\/div>\n\t\t\t\t<div class=\"icon-box-text last-reset\">\n\t\t\t<h5 class=\"uppercase\">Invierno<\/h5>\t\t\t\t\t\t\t\t<\/div>\n\t<\/div>\n\t\n\t<\/td>\r\n<td>Azul, Burdeos, Gris, Rosa<\/td>\r\n<\/tr>\r\n<tr>\r\n<td>\n\t\t<div class=\"icon-box featured-box icon-box-left text-left\"  >\n\t\t\t\t\t<div class=\"icon-box-img\" style=\"width: 20px\">\n\t\t\t\t<div class=\"icon\">\n\t\t\t\t\t<div class=\"icon-inner\" >\n\t\t\t\t\t\t<img decoding=\"async\" src=\"https:\/\/testlab.komood.shop\/wp-content\/uploads\/symbol-fruehling-wintertyp.avif\" alt=\"Primavera-invierno\"\/>\t\t\t\t\t<\/div>\n\t\t\t\t<\/div>\n\t\t\t<\/div>\n\t\t\t\t<div class=\"icon-box-text last-reset\">\n\t\t\t<h5 class=\"uppercase\">Primavera-invierno<\/h5>\t\t\t\t\t\t\t\t<\/div>\n\t<\/div>\n\t\n\t<\/td>\r\n<td>Crema, verde, rosa<\/td>\r\n<\/tr>\r\n<tr>\r\n<td>\n\t\t<div class=\"icon-box featured-box icon-box-left text-left\"  >\n\t\t\t\t\t<div class=\"icon-box-img\" style=\"width: 20px\">\n\t\t\t\t<div class=\"icon\">\n\t\t\t\t\t<div class=\"icon-inner\" >\n\t\t\t\t\t\t<img decoding=\"async\" src=\"https:\/\/testlab.komood.shop\/wp-content\/uploads\/symbol-fruehling-herbsttyp.avif\" alt=\"Primavera-oto\u00f1o\"\/>\t\t\t\t\t<\/div>\n\t\t\t\t<\/div>\n\t\t\t<\/div>\n\t\t\t\t<div class=\"icon-box-text last-reset\">\n\t\t\t<h5 class=\"uppercase\">Primavera-oto\u00f1o<\/h5>\t\t\t\t\t\t\t\t<\/div>\n\t<\/div>\n\t\n\t<\/td>\r\n<td>Beige, verde<\/td>\r\n<\/tr>\r\n<tr>\r\n<td>\n\t\t<div class=\"icon-box featured-box icon-box-left text-left\"  >\n\t\t\t\t\t<div class=\"icon-box-img\" style=\"width: 20px\">\n\t\t\t\t<div class=\"icon\">\n\t\t\t\t\t<div class=\"icon-inner\" >\n\t\t\t\t\t\t<img decoding=\"async\" src=\"https:\/\/testlab.komood.shop\/wp-content\/uploads\/symbol-sommer-wintertyp.avif\" alt=\"Verano-invierno\"\/>\t\t\t\t\t<\/div>\n\t\t\t\t<\/div>\n\t\t\t<\/div>\n\t\t\t\t<div class=\"icon-box-text last-reset\">\n\t\t\t<h5 class=\"uppercase\">Verano-invierno<\/h5>\t\t\t\t\t\t\t\t<\/div>\n\t<\/div>\n\t\n\t<\/td>\r\n<td>Azul, Burdeos, Crema, Gris, Rosa<\/td>\r\n<\/tr>\r\n<\/tbody>\r\n<\/table>\r\n\n<div class=\"is-divider divider clearfix\" style=\"max-width:small;\"><\/div>\n<h3>La experiencia del \"aficionado al color textil<\/h3>\n<p>Komood fabrica exclusivamente abanicos de colores de tejidos reales para el asesoramiento sobre el color. La mayor proximidad posible al medio de referencia (el textil) se combina en estos productos con la innovaci\u00f3n y la practicidad.<\/p>\n<p>Adem\u00e1s de la coherencia de los materiales, estos pasaportes de color son muy f\u00e1ciles de usar. Las superficies textiles y mates de las tarjetas con reversos lisos y brillantes garantizan una amplia gama de aplicaciones. Al mismo tiempo, esta combinaci\u00f3n permite un abanicado especialmente c\u00f3modo, probablemente \u00fanico en esta forma.<\/p>\n<div class=\"is-divider divider clearfix\" style=\"max-width:small;\"><\/div>\n<h3>Desarrollo y producci\u00f3n<\/h3>\n<p>Este pase de color primavera-oto\u00f1o de la serie Neo es un producto de Komood, Marion Zens. La mayor parte de la producci\u00f3n se realiza a mano.<\/p>\n<p>Para las cartas de colores se utilizan tejidos de algod\u00f3n especialmente adecuados y preparados de distintos fabricantes. Por lo tanto, los cambios en su gama pueden requerir ajustes en la clasificaci\u00f3n de los colores. Algunas cartas de colores se confeccionan con tejidos mezclados, por ejemplo, para representar tonos met\u00e1licos.<\/p>\n<div class=\"is-divider divider clearfix\" style=\"max-width:small;\"><\/div>\n<h3>Representaci\u00f3n de los colores primavera-oto\u00f1o<\/h3>\n<p>Por razones t\u00e9cnicas, las representaciones de los colores en la tienda Komood (por ejemplo, en las fotos de los productos) son s\u00f3lo valores aproximados y, por tanto, pueden diferir significativamente de los colores reales.<\/p>\n<div class=\"is-divider divider clearfix\" style=\"max-width:small;\"><\/div>\n<h3>Contacte con nosotros<\/h3>\n<p>Si tiene alguna pregunta o sugerencia sobre esta oferta, no dude en ponerse en contacto con nosotros - <strong><a href=\"https:\/\/testlab.komood.shop\/es\/servicio-de-informacion\/pongase-en-contacto-con\/\">Contacte con nosotros<\/a><\/strong>.<\/p>","protected":false},"excerpt":{"rendered":"<h3><strong>Abanicos de color profesionales para el tipo de color primavera-oto\u00f1o<\/strong><\/h3>\n<ul>\n<li class=\"bullet-star\">30 tarjetas en color, grandes y sin bordes<\/li>\n<li class=\"bullet-star\">textil y muy f\u00e1cil de usar<\/li>\n<li class=\"bullet-star\">Algod\u00f3n | mate | sin impresiones en color<\/li>\n<\/ul>","protected":false},"featured_media":3335,"comment_status":"open","ping_status":"closed","template":"","meta":[],"product_brand":[],"product_cat":[250,462,470,490,321,248,460,255,242,243,381,245,380],"product_tag":[303,524,711,258,406,425,418,403,408,419],"giftcard-category":[],"class_list":{"0":"post-8592","1":"product","2":"type-product","3":"status-publish","4":"has-post-thumbnail","6":"product_cat-farbfaecher","7":"product_cat-farbtypen","8":"product_cat-farbtyp-fruehling-herbst","9":"product_cat-farbpass-fruehling-herbst","10":"product_cat-b2c","11":"product_cat-farbpaesse-farbberatung","12":"product_cat-stoff-farbfaecher","13":"product_cat-neo","14":"product_cat-farbtypen-system","15":"product_cat-6-farbtypen","16":"product_cat-farbfaecher-6-farbtypen-mischtypen","17":"product_cat-10-farbtypen","18":"product_cat-farbfaecher-10-farbtypen-mischtypen","19":"product_tag-30-farben","20":"product_tag-fruehling-herbst","21":"product_tag-neo-40","22":"product_tag-komood","23":"product_tag-mittige-farben","24":"product_tag-b2c","25":"product_tag-textiler-farbpass","26":"product_tag-warme-farben","27":"product_tag-warmer-mischtyp","28":"product_tag-widmung","30":"first","31":"instock","32":"taxable","33":"shipping-taxable","34":"purchasable","35":"product-type-simple"},"_links":{"self":[{"href":"https:\/\/testlab.komood.shop\/es\/wp-json\/wp\/v2\/product\/8592","targetHints":{"allow":["GET"]}}],"collection":[{"href":"https:\/\/testlab.komood.shop\/es\/wp-json\/wp\/v2\/product"}],"about":[{"href":"https:\/\/testlab.komood.shop\/es\/wp-json\/wp\/v2\/types\/product"}],"replies":[{"embeddable":true,"href":"https:\/\/testlab.komood.shop\/es\/wp-json\/wp\/v2\/comments?post=8592"}],"wp:featuredmedia":[{"embeddable":true,"href":"https:\/\/testlab.komood.shop\/es\/wp-json\/wp\/v2\/media\/3335"}],"wp:attachment":[{"href":"https:\/\/testlab.komood.shop\/es\/wp-json\/wp\/v2\/media?parent=8592"}],"wp:term":[{"taxonomy":"product_brand","embeddable":true,"href":"https:\/\/testlab.komood.shop\/es\/wp-json\/wp\/v2\/product_brand?post=8592"},{"taxonomy":"product_cat","embeddable":true,"href":"https:\/\/testlab.komood.shop\/es\/wp-json\/wp\/v2\/product_cat?post=8592"},{"taxonomy":"product_tag","embeddable":true,"href":"https:\/\/testlab.komood.shop\/es\/wp-json\/wp\/v2\/product_tag?post=8592"},{"taxonomy":"giftcard-category","embeddable":true,"href":"https:\/\/testlab.komood.shop\/es\/wp-json\/wp\/v2\/giftcard-category?post=8592"}],"curies":[{"name":"wp","href":"https:\/\/api.w.org\/{rel}","templated":true}]}}