{"id":2143,"date":"2024-02-09T22:09:02","date_gmt":"2024-02-09T22:09:02","guid":{"rendered":"https:\/\/komood.shop\/?post_type=product&#038;p=2143"},"modified":"2025-11-20T15:12:08","modified_gmt":"2025-11-20T15:12:08","slug":"commande-groupee-passeport-couleurs-loop-6-types-de-couleurs","status":"publish","type":"product","link":"https:\/\/testlab.komood.shop\/fr\/produkt\/sammelbestellung-farbpass-loop-6-farbtypen\/","title":{"rendered":"Commande group\u00e9e de passeports couleurs Loop - choix de 6 types de couleurs | B2B"},"content":{"rendered":"<div class=\"ux-logo has-hover align-middle ux_logo inline-block\" style=\"max-width: 100%!important; width: 237px!important\"><a class=\"ux-logo-link block image-\" title=\"Passeports de couleurs et mat\u00e9riel de conseil de komood\" href=\"https:\/\/testlab.komood.shop\/fr\/caracteristique\/komood\/\" style=\"padding: 15px;\"><img decoding=\"async\" src=\"https:\/\/testlab.komood.shop\/wp-content\/uploads\/komood-logo-klein.png\" title=\"Passeports de couleurs et mat\u00e9riel de conseil de komood\" alt=\"Passeports de couleurs et mat\u00e9riel de conseil de komood\" class=\"ux-logo-image block\" style=\"height:50px;\" \/><\/a><\/div>\n<h2>Commande group\u00e9e Loop | 6 types de couleurs | B2B<\/h2>\n<p>Avec nos offres marqu\u00e9es comme \"commande group\u00e9e\", nous vous donnons le libre choix dans la configuration de votre commande. Profitez des avantages suivants :<\/p>\n<ul>\n<li class=\"bullet-checkmark\">pas de quantit\u00e9 minimale de commande<\/li>\n<li class=\"bullet-checkmark\">libre choix parmi 6 types de couleurs de saison<\/li>\n<li class=\"bullet-checkmark\">Prix \u00e9chelonn\u00e9s par rapport \u00e0 la s\u00e9lection totale sur cette page d'offre<\/li>\n<li class=\"bullet-checkmark\">option conditionnelle de personnalisation des passes de couleur<\/li>\n<li class=\"bullet-checkmark\">r\u00e9alisation professionnelle de vos souhaits et id\u00e9es<\/li>\n<\/ul>\n<p>N'h\u00e9sitez pas \u00e0 nous contacter pour toute question ou suggestion concernant cette offre - <strong><a href=\"https:\/\/testlab.komood.shop\/fr\/informations-service\/contact\/\">Contact<\/a><\/strong>.<\/p>","protected":false},"excerpt":{"rendered":"<h3><div class=\"is-divider divider clearfix\" style=\"max-width:small;\"><\/div><\/h3>\n<h3>Offre exclusive pour les clients professionnels<\/h3>\n<ul>\n<li class=\"bullet-star\">Cartes de couleurs avec 44 champs de couleurs chacune<\/li>\n<li class=\"bullet-star\">composition libre des types de couleurs<\/li>\n<li class=\"bullet-star\">pas de quantit\u00e9 minimale de commande<\/li>\n<li class=\"bullet-star\"><span data-text-color=\"primary\">Jusqu'\u00e0 47% Remise sur quantit\u00e9<\/span><\/li>\n<\/ul>\n<h3>Toutes les offres group\u00e9es sur le passeport couleur Loop<\/h3>\n<a href=\"https:\/\/testlab.komood.shop\/fr\/produit\/commande-groupee-passeport-couleur-loop-4-types-de-couleurs\/\" class=\"button secondary is-is-outline secondary is-xsmall\" >\n\t\t<span>4 types de couleurs<\/span>\n\t<\/a>\n <a href=\"#\" class=\"button primary is-primary is-xsmall\" >\n\t\t<span>6 types de couleurs<\/span>\n\t<\/a>\n <a href=\"https:\/\/testlab.komood.shop\/fr\/produit\/commande-groupee-passeport-couleur-loop-10-types-de-couleurs\/\" class=\"button secondary is-is-outline secondary is-xsmall\" >\n\t\t<span>10 types de couleurs<\/span>\n\t<\/a>\n\n<p class=\"psd_info_red\">D\u00e8s que vous commencez \u00e0 s\u00e9lectionner des types de couleurs, les prix unitaires par niveau de remise s'affichent en dessous.<\/p>","protected":false},"featured_media":2944,"comment_status":"open","ping_status":"closed","template":"","meta":[],"product_brand":[],"product_cat":[203,81,324,242,243,378],"product_tag":[319,240,232,271,258,234],"giftcard-category":[],"class_list":{"0":"post-2143","1":"product","2":"type-product","3":"status-publish","4":"has-post-thumbnail","6":"product_cat-b2b","7":"product_cat-farbpaesse-zur-farbberatung","8":"product_cat-farbkarten-loop","9":"product_cat-farbtypen-system","10":"product_cat-6-farbtypen","11":"product_cat-farbpaesse-6-farbtypen-mischtypen","12":"product_tag-44-farben","13":"product_tag-beratungsmaterial","14":"product_tag-b2b","15":"product_tag-loop","16":"product_tag-komood","17":"product_tag-sammelbestellung","18":"wcmo-protected-item wcmo-protected-product","20":"first","21":"instock","22":"taxable","23":"shipping-taxable","24":"product-type-variable"},"_links":{"self":[{"href":"https:\/\/testlab.komood.shop\/fr\/wp-json\/wp\/v2\/product\/2143","targetHints":{"allow":["GET"]}}],"collection":[{"href":"https:\/\/testlab.komood.shop\/fr\/wp-json\/wp\/v2\/product"}],"about":[{"href":"https:\/\/testlab.komood.shop\/fr\/wp-json\/wp\/v2\/types\/product"}],"replies":[{"embeddable":true,"href":"https:\/\/testlab.komood.shop\/fr\/wp-json\/wp\/v2\/comments?post=2143"}],"wp:featuredmedia":[{"embeddable":true,"href":"https:\/\/testlab.komood.shop\/fr\/wp-json\/wp\/v2\/media\/2944"}],"wp:attachment":[{"href":"https:\/\/testlab.komood.shop\/fr\/wp-json\/wp\/v2\/media?parent=2143"}],"wp:term":[{"taxonomy":"product_brand","embeddable":true,"href":"https:\/\/testlab.komood.shop\/fr\/wp-json\/wp\/v2\/product_brand?post=2143"},{"taxonomy":"product_cat","embeddable":true,"href":"https:\/\/testlab.komood.shop\/fr\/wp-json\/wp\/v2\/product_cat?post=2143"},{"taxonomy":"product_tag","embeddable":true,"href":"https:\/\/testlab.komood.shop\/fr\/wp-json\/wp\/v2\/product_tag?post=2143"},{"taxonomy":"giftcard-category","embeddable":true,"href":"https:\/\/testlab.komood.shop\/fr\/wp-json\/wp\/v2\/giftcard-category?post=2143"}],"curies":[{"name":"wp","href":"https:\/\/api.w.org\/{rel}","templated":true}]}}