{"id":2327,"date":"2024-02-13T13:15:50","date_gmt":"2024-02-13T13:15:50","guid":{"rendered":"https:\/\/komood.shop\/?post_type=product&#038;p=2327"},"modified":"2025-11-20T14:56:47","modified_gmt":"2025-11-20T14:56:47","slug":"commande-groupee-passeport-couleur-memo-10-types-de-couleurs","status":"publish","type":"product","link":"https:\/\/testlab.komood.shop\/fr\/produkt\/sammelbestellung-farbpass-memo-10-farbtypen\/","title":{"rendered":"Commande group\u00e9e Passeport couleurs M\u00e9mo - choix de 10 types de couleurs | B2B"},"content":{"rendered":"<div class=\"ux-logo has-hover align-middle ux_logo inline-block\" style=\"max-width: 100%!important; width: 237px!important\"><a class=\"ux-logo-link block image-\" title=\"Passeports de couleurs et mat\u00e9riel de conseil de komood\" href=\"https:\/\/testlab.komood.shop\/fr\/caracteristique\/komood\/\" style=\"padding: 15px;\"><img decoding=\"async\" src=\"https:\/\/testlab.komood.shop\/wp-content\/uploads\/komood-logo-klein.png\" title=\"Passeports de couleurs et mat\u00e9riel de conseil de komood\" alt=\"Passeports de couleurs et mat\u00e9riel de conseil de komood\" class=\"ux-logo-image block\" style=\"height:50px;\" \/><\/a><\/div>\n<h2>Commande group\u00e9e M\u00e9mo | 10 types de couleurs | B2B<\/h2>\n<p>Avec nos offres marqu\u00e9es comme \"commande group\u00e9e\", nous vous donnons le libre choix dans la configuration de votre commande. Profitez des avantages suivants :<\/p>\n<ul>\n<li class=\"bullet-checkmark\">pas de quantit\u00e9 minimale de commande<\/li>\n<li class=\"bullet-checkmark\">libre choix parmi 10 types de couleurs de saison<\/li>\n<li class=\"bullet-checkmark\">Prix \u00e9chelonn\u00e9s par rapport \u00e0 la s\u00e9lection totale sur cette page d'offre<\/li>\n<li class=\"bullet-checkmark\">options gratuites ou payantes de personnalisation des passeports couleur<\/li>\n<li class=\"bullet-checkmark\">r\u00e9alisation professionnelle de vos souhaits et id\u00e9es<\/li>\n<\/ul>\n<p>N'h\u00e9sitez pas \u00e0 nous contacter pour toute question ou suggestion concernant cette offre - <strong><a href=\"https:\/\/testlab.komood.shop\/fr\/informations-service\/contact\/\">Contact<\/a><\/strong>.<\/p>","protected":false},"excerpt":{"rendered":"<h3><div class=\"is-divider divider clearfix\" style=\"max-width:small;\"><\/div><\/h3>\n<h3>Offre exclusive pour les clients professionnels<\/h3>\n<ul>\n<li class=\"bullet-star\">Cartes de couleurs avec 32 champs de couleurs chacune<\/li>\n<li class=\"bullet-star\">composition libre des types de couleurs<\/li>\n<li class=\"bullet-star\">pas de quantit\u00e9 minimale de commande<\/li>\n<li class=\"bullet-star\">en option avec impression publicitaire gratuite<\/li>\n<li class=\"bullet-star\"><span data-text-color=\"primary\">jusqu'\u00e0 64% Remise sur volume<\/span><\/li>\n<\/ul>\n<h3>Toutes les offres collectives sur le passeport couleur Memo<\/h3>\n<a href=\"https:\/\/testlab.komood.shop\/fr\/produit\/commande-groupee-passeport-couleur-memo-4-types-de-couleurs\/\" class=\"button secondary is-secondary is-xsmall\" >\n\t\t<span>4 types de couleurs<\/span>\n\t<\/a>\n <a href=\"https:\/\/testlab.komood.shop\/fr\/produit\/commande-groupee-passeport-couleurs-memo-6-types-de-couleurs\/\" class=\"button secondary is-secondary is-xsmall\" >\n\t\t<span>6 types de couleurs<\/span>\n\t<\/a>\n <a href=\"#\" class=\"button primary is-primary is-xsmall\" >\n\t\t<span>10 types de couleurs<\/span>\n\t<\/a>\n <a href=\"https:\/\/testlab.komood.shop\/fr\/produit\/commande-groupee-passeport-couleur-memo-12-types-de-couleurs\/\" class=\"button secondary is-secondary is-xsmall\" >\n\t\t<span>12 types de couleurs<\/span>\n\t<\/a>","protected":false},"featured_media":2926,"comment_status":"open","ping_status":"closed","template":"","meta":[],"product_brand":[],"product_cat":[203,81,323,245,379],"product_tag":[320,240,232,233,258,234,236],"giftcard-category":[],"class_list":{"0":"post-2327","1":"product","2":"type-product","3":"status-publish","4":"has-post-thumbnail","6":"product_cat-b2b","7":"product_cat-farbpaesse-zur-farbberatung","8":"product_cat-farbkarten-memo","9":"product_cat-10-farbtypen","10":"product_cat-farbpaesse-10-farbtypen-mischtypen","11":"product_tag-32-farben","12":"product_tag-beratungsmaterial","13":"product_tag-b2b","14":"product_tag-memo","15":"product_tag-komood","16":"product_tag-sammelbestellung","17":"product_tag-werbeeindruck","18":"wcmo-protected-item wcmo-protected-product","20":"first","21":"instock","22":"taxable","23":"shipping-taxable","24":"product-type-variable","25":"has-default-attributes"},"_links":{"self":[{"href":"https:\/\/testlab.komood.shop\/fr\/wp-json\/wp\/v2\/product\/2327","targetHints":{"allow":["GET"]}}],"collection":[{"href":"https:\/\/testlab.komood.shop\/fr\/wp-json\/wp\/v2\/product"}],"about":[{"href":"https:\/\/testlab.komood.shop\/fr\/wp-json\/wp\/v2\/types\/product"}],"replies":[{"embeddable":true,"href":"https:\/\/testlab.komood.shop\/fr\/wp-json\/wp\/v2\/comments?post=2327"}],"wp:featuredmedia":[{"embeddable":true,"href":"https:\/\/testlab.komood.shop\/fr\/wp-json\/wp\/v2\/media\/2926"}],"wp:attachment":[{"href":"https:\/\/testlab.komood.shop\/fr\/wp-json\/wp\/v2\/media?parent=2327"}],"wp:term":[{"taxonomy":"product_brand","embeddable":true,"href":"https:\/\/testlab.komood.shop\/fr\/wp-json\/wp\/v2\/product_brand?post=2327"},{"taxonomy":"product_cat","embeddable":true,"href":"https:\/\/testlab.komood.shop\/fr\/wp-json\/wp\/v2\/product_cat?post=2327"},{"taxonomy":"product_tag","embeddable":true,"href":"https:\/\/testlab.komood.shop\/fr\/wp-json\/wp\/v2\/product_tag?post=2327"},{"taxonomy":"giftcard-category","embeddable":true,"href":"https:\/\/testlab.komood.shop\/fr\/wp-json\/wp\/v2\/giftcard-category?post=2327"}],"curies":[{"name":"wp","href":"https:\/\/api.w.org\/{rel}","templated":true}]}}