{"id":3325,"date":"2024-05-04T09:30:45","date_gmt":"2024-05-04T09:30:45","guid":{"rendered":"https:\/\/komood.shop\/?post_type=product&#038;p=3325"},"modified":"2025-11-25T12:59:48","modified_gmt":"2025-11-25T12:59:48","slug":"commande-groupee-passeport-couleur-neo40-4-types-de-couleurs","status":"publish","type":"product","link":"https:\/\/testlab.komood.shop\/fr\/produkt\/sammelbestellung-farbpass-neo40-4-farbtypen\/","title":{"rendered":"Commande group\u00e9e de passeports couleurs Neo 4.0 - choix de 4 types de couleurs | B2B"},"content":{"rendered":"<div class=\"ux-logo has-hover align-middle ux_logo inline-block\" style=\"max-width: 100%!important; width: 237px!important\"><a class=\"ux-logo-link block image-\" title=\"Passeports de couleurs et mat\u00e9riel de conseil de komood\" href=\"https:\/\/testlab.komood.shop\/fr\/caracteristique\/komood\/\" style=\"padding: 15px;\"><img decoding=\"async\" src=\"https:\/\/testlab.komood.shop\/wp-content\/uploads\/komood-logo-klein.png\" title=\"Passeports de couleurs et mat\u00e9riel de conseil de komood\" alt=\"Passeports de couleurs et mat\u00e9riel de conseil de komood\" class=\"ux-logo-image block\" style=\"height:50px;\" \/><\/a><\/div>\n<h2>Commande group\u00e9e Neo - Version 4.0 | 4 types de couleurs | B2B<\/h2>\n<p>Avec nos offres marqu\u00e9es comme \"commande group\u00e9e\", nous vous donnons le libre choix dans la configuration de votre commande. Profitez des avantages suivants :<\/p>\n<ul>\n<li class=\"bullet-checkmark\">pas de quantit\u00e9 minimale de commande<\/li>\n<li class=\"bullet-checkmark\">libre choix parmi 4 types de couleurs de saison<\/li>\n<li class=\"bullet-checkmark\">Prix \u00e9chelonn\u00e9s par rapport \u00e0 la s\u00e9lection totale sur cette page d'offre<\/li>\n<li class=\"bullet-checkmark\">options gratuites ou payantes de personnalisation des passeports couleur<\/li>\n<li class=\"bullet-checkmark\">r\u00e9alisation professionnelle de vos souhaits et id\u00e9es<\/li>\n<\/ul>\n<p>N'h\u00e9sitez pas \u00e0 nous contacter pour toute question ou suggestion concernant cette offre - <strong><a href=\"https:\/\/testlab.komood.shop\/fr\/informations-service\/contact\/\">Contact<\/a><\/strong>.<\/p>","protected":false},"excerpt":{"rendered":"<h3><div class=\"is-divider divider clearfix\" style=\"max-width:small;\"><\/div><\/h3>\n<h3>Offre exclusive pour les clients professionnels<\/h3>\n<ul>\n<li class=\"bullet-star\">\u00c9ventails de couleurs de tissus avec 2 cartes de texte et 30 cartes de couleurs chacun<\/li>\n<li class=\"bullet-star\">des nuanciers textiles - pas d'impressions !<\/li>\n<li class=\"bullet-star\">composition libre des types de couleurs<\/li>\n<li class=\"bullet-star\">pas de quantit\u00e9 minimale de commande<\/li>\n<li class=\"bullet-star\">en option avec impression publicitaire gratuite<\/li>\n<li class=\"bullet-star\">design libre de la couverture possible<\/li>\n<li class=\"bullet-star\"><span data-text-color=\"primary\">Jusqu'\u00e0 33% Remise sur volume<\/span><\/li>\n<\/ul>\n<h3>Toutes les offres collectives sur le passeport couleur Neo<\/h3>\n<a href=\"#\" class=\"button primary is-primary is-xsmall\" >\n\t\t<span>4 types de couleurs<\/span>\n\t<\/a>\n <a href=\"https:\/\/testlab.komood.shop\/fr\/produit\/commande-groupee-passeport-couleur-neo40-6-types-de-couleurs\/\" class=\"button secondary is-is-outline secondary is-xsmall\" >\n\t\t<span>6 types de couleurs<\/span>\n\t<\/a>\n <a href=\"https:\/\/testlab.komood.shop\/fr\/produit\/commande-groupee-passeport-couleur-neo40-10-types-de-couleurs\/\" class=\"button secondary is-is-outline secondary is-xsmall\" >\n\t\t<span>10 types de couleurs<\/span>\n\t<\/a>\n\n<p class=\"psd_info_red\">D\u00e8s que vous commencez \u00e0 s\u00e9lectionner des types de couleurs, les prix unitaires par niveau de remise s'affichent en dessous. Si des options suppl\u00e9mentaires payantes sont ajout\u00e9es, les prix sont actualis\u00e9s.<\/p>","protected":false},"featured_media":3284,"comment_status":"open","ping_status":"closed","template":"","meta":[],"product_brand":[],"product_cat":[203,81,326,242,244,382],"product_tag":[303,240,232,711,258,234,424,236],"giftcard-category":[],"class_list":{"0":"post-3325","1":"product","2":"type-product","3":"status-publish","4":"has-post-thumbnail","6":"product_cat-b2b","7":"product_cat-farbpaesse-zur-farbberatung","8":"product_cat-stoff-farbfaecher-neo","9":"product_cat-farbtypen-system","10":"product_cat-4-jahreszeiten","11":"product_cat-farbfaecher-4-grundtypen","12":"product_tag-30-farben","13":"product_tag-beratungsmaterial","14":"product_tag-b2b","15":"product_tag-neo-40","16":"product_tag-komood","17":"product_tag-sammelbestellung","18":"product_tag-textiler-farbfaecher","19":"product_tag-werbeeindruck","20":"wcmo-protected-item wcmo-protected-product","22":"first","23":"instock","24":"taxable","25":"shipping-taxable","26":"product-type-variable"},"_links":{"self":[{"href":"https:\/\/testlab.komood.shop\/fr\/wp-json\/wp\/v2\/product\/3325","targetHints":{"allow":["GET"]}}],"collection":[{"href":"https:\/\/testlab.komood.shop\/fr\/wp-json\/wp\/v2\/product"}],"about":[{"href":"https:\/\/testlab.komood.shop\/fr\/wp-json\/wp\/v2\/types\/product"}],"replies":[{"embeddable":true,"href":"https:\/\/testlab.komood.shop\/fr\/wp-json\/wp\/v2\/comments?post=3325"}],"wp:featuredmedia":[{"embeddable":true,"href":"https:\/\/testlab.komood.shop\/fr\/wp-json\/wp\/v2\/media\/3284"}],"wp:attachment":[{"href":"https:\/\/testlab.komood.shop\/fr\/wp-json\/wp\/v2\/media?parent=3325"}],"wp:term":[{"taxonomy":"product_brand","embeddable":true,"href":"https:\/\/testlab.komood.shop\/fr\/wp-json\/wp\/v2\/product_brand?post=3325"},{"taxonomy":"product_cat","embeddable":true,"href":"https:\/\/testlab.komood.shop\/fr\/wp-json\/wp\/v2\/product_cat?post=3325"},{"taxonomy":"product_tag","embeddable":true,"href":"https:\/\/testlab.komood.shop\/fr\/wp-json\/wp\/v2\/product_tag?post=3325"},{"taxonomy":"giftcard-category","embeddable":true,"href":"https:\/\/testlab.komood.shop\/fr\/wp-json\/wp\/v2\/giftcard-category?post=3325"}],"curies":[{"name":"wp","href":"https:\/\/api.w.org\/{rel}","templated":true}]}}