{"id":3581,"date":"2024-05-14T18:01:27","date_gmt":"2024-05-14T18:01:27","guid":{"rendered":"https:\/\/komood.shop\/?post_type=product&#038;p=3581"},"modified":"2025-11-20T14:56:41","modified_gmt":"2025-11-20T14:56:41","slug":"carte-de-couleurs-hiver-memo","status":"publish","type":"product","link":"https:\/\/testlab.komood.shop\/fr\/produkt\/farbkarte-winter-memo\/","title":{"rendered":"Passeport de couleurs hiver | Carte de couleurs M\u00e9mo"},"content":{"rendered":"<div class=\"ux-logo has-hover align-middle ux_logo inline-block\" style=\"max-width: 100%!important; width: 237px!important\"><a class=\"ux-logo-link block image-\" title=\"Passeports de couleurs et mat\u00e9riel de conseil de komood\" href=\"https:\/\/testlab.komood.shop\/fr\/caracteristique\/komood\/\" style=\"padding: 15px;\"><img decoding=\"async\" src=\"https:\/\/testlab.komood.shop\/wp-content\/uploads\/komood-logo-klein.png\" title=\"Passeports de couleurs et mat\u00e9riel de conseil de komood\" alt=\"Passeports de couleurs et mat\u00e9riel de conseil de komood\" class=\"ux-logo-image block\" style=\"height:50px;\" \/><\/a><\/div>\n<h2>Nuancier fin pour le type de couleur Hiver | M\u00e9mo<\/h2>\n<h3>Spectre de couleurs contrast\u00e9es.froides.brillantes<\/h3>\n<div class=\"is-divider divider clearfix\" style=\"max-width:small;\"><\/div>\n<p>Ce passeport couleur Komood simple se distingue par les caract\u00e9ristiques particuli\u00e8res suivantes :<\/p>\n<ul>\n<li class=\"bullet-checkmark\">grand <strong>choix de couleurs conforme au type<\/strong> (voir \u00e0 ce sujet notre info \"Choix des couleurs &amp; repr\u00e9sentation\"),<\/li>\n<li class=\"bullet-checkmark\">Recto : 16 champs de couleur, d\u00e9signation du type de couleur (all.\/angl.), texte court sur le <strong>Type d'hiver<\/strong>,<\/li>\n<li class=\"bullet-checkmark\">Verso : 16 zones de couleur, informations l\u00e9gales obligatoires,<\/li>\n<li class=\"bullet-checkmark\">Carte support : papier, lamin\u00e9 sans marge sur les deux faces,<\/li>\n<li class=\"bullet-checkmark\">des champs de couleur r\u00e9sistants aux rayures gr\u00e2ce \u00e0 une impression professionnelle et une finition de surface de haute qualit\u00e9,<\/li>\n<li class=\"bullet-checkmark\">surface mate pour une comparaison optimale des couleurs sous lumi\u00e8re artificielle.<\/li>\n<\/ul>\n<div class=\"is-divider divider clearfix\" style=\"max-width:small;\"><\/div>\n<h3>D\u00e9veloppement et production<\/h3>\n<p>Ce nuancier \"Hiver\" de la s\u00e9rie Memo est un produit de Komood, Marion Zens.<\/p>\n<div class=\"is-divider divider clearfix\" style=\"max-width:small;\"><\/div>\n<h3>Repr\u00e9sentation des couleurs hivernales<\/h3>\n<p>Les couleurs repr\u00e9sent\u00e9es dans la boutique Komood (par exemple sur les photos de produits) sont, pour des raisons techniques, des valeurs approximatives et peuvent donc diff\u00e9rer plus ou moins fortement des couleurs r\u00e9elles.<\/p>\n<div class=\"is-divider divider clearfix\" style=\"max-width:small;\"><\/div>\n<h3>Contact<\/h3>\n<p>N'h\u00e9sitez pas \u00e0 nous contacter pour toute question ou suggestion concernant cette offre - <strong><a href=\"https:\/\/testlab.komood.shop\/fr\/informations-service\/contact\/\">Contact<\/a><\/strong>.<\/p>","protected":false},"excerpt":{"rendered":"<ul>\n<li class=\"bullet-star\">nuancier pratique et super-plat<\/li>\n<li class=\"bullet-star\">32 couleurs pour le type hiver<\/li>\n<li class=\"bullet-star\">surface mate, sans reflet<\/li>\n<\/ul>","protected":false},"featured_media":3478,"comment_status":"open","ping_status":"closed","template":"","meta":[],"product_brand":[],"product_cat":[248,462,469,488,321,249,251,242,244,377,243,378,245,379],"product_tag":[320,411,233,258,409,404,412,425,523],"giftcard-category":[],"class_list":{"0":"post-3581","1":"product","2":"type-product","3":"status-publish","4":"has-post-thumbnail","6":"product_cat-farbpaesse-farbberatung","7":"product_cat-farbtypen","8":"product_cat-farbtyp-winter","9":"product_cat-farbpass-winter","10":"product_cat-b2c","11":"product_cat-farbkarten","12":"product_cat-memo","13":"product_cat-farbtypen-system","14":"product_cat-4-jahreszeiten","15":"product_cat-farbpaesse-4-grundtypen","16":"product_cat-6-farbtypen","17":"product_cat-farbpaesse-6-farbtypen-mischtypen","18":"product_cat-10-farbtypen","19":"product_cat-farbpaesse-10-farbtypen-mischtypen","20":"product_tag-32-farben","21":"product_tag-brilliante-farben","22":"product_tag-memo","23":"product_tag-komood","24":"product_tag-kontrastreiche-farben","25":"product_tag-kuehle-farben","26":"product_tag-kuehler-grundtyp","27":"product_tag-b2c","28":"product_tag-winter","30":"first","31":"instock","32":"taxable","33":"shipping-taxable","34":"purchasable","35":"product-type-simple"},"_links":{"self":[{"href":"https:\/\/testlab.komood.shop\/fr\/wp-json\/wp\/v2\/product\/3581","targetHints":{"allow":["GET"]}}],"collection":[{"href":"https:\/\/testlab.komood.shop\/fr\/wp-json\/wp\/v2\/product"}],"about":[{"href":"https:\/\/testlab.komood.shop\/fr\/wp-json\/wp\/v2\/types\/product"}],"replies":[{"embeddable":true,"href":"https:\/\/testlab.komood.shop\/fr\/wp-json\/wp\/v2\/comments?post=3581"}],"wp:featuredmedia":[{"embeddable":true,"href":"https:\/\/testlab.komood.shop\/fr\/wp-json\/wp\/v2\/media\/3478"}],"wp:attachment":[{"href":"https:\/\/testlab.komood.shop\/fr\/wp-json\/wp\/v2\/media?parent=3581"}],"wp:term":[{"taxonomy":"product_brand","embeddable":true,"href":"https:\/\/testlab.komood.shop\/fr\/wp-json\/wp\/v2\/product_brand?post=3581"},{"taxonomy":"product_cat","embeddable":true,"href":"https:\/\/testlab.komood.shop\/fr\/wp-json\/wp\/v2\/product_cat?post=3581"},{"taxonomy":"product_tag","embeddable":true,"href":"https:\/\/testlab.komood.shop\/fr\/wp-json\/wp\/v2\/product_tag?post=3581"},{"taxonomy":"giftcard-category","embeddable":true,"href":"https:\/\/testlab.komood.shop\/fr\/wp-json\/wp\/v2\/giftcard-category?post=3581"}],"curies":[{"name":"wp","href":"https:\/\/api.w.org\/{rel}","templated":true}]}}