{"id":3708,"date":"2024-05-25T12:17:17","date_gmt":"2024-05-25T12:17:17","guid":{"rendered":"https:\/\/komood.shop\/?post_type=product&#038;p=3708"},"modified":"2026-01-30T20:39:01","modified_gmt":"2026-01-30T20:39:01","slug":"etui-porte-couleurs-elegance-neo-neoxl-gris","status":"publish","type":"product","link":"https:\/\/testlab.komood.shop\/fr\/produkt\/etui-farbfaecher-elegance-neo-neoxl-grau\/","title":{"rendered":"Etui pour nuanciers Elegance et Neo\/Neo XL | Gris"},"content":{"rendered":"<div class=\"ux-logo has-hover align-middle ux_logo inline-block\" style=\"max-width: 100%!important; width: 237px!important\"><a class=\"ux-logo-link block image-\" title=\"Passeports de couleurs et mat\u00e9riel de conseil de komood\" href=\"https:\/\/testlab.komood.shop\/fr\/caracteristique\/komood\/\" style=\"padding: 15px;\"><img decoding=\"async\" src=\"https:\/\/testlab.komood.shop\/wp-content\/uploads\/komood-logo-klein.png\" title=\"Passeports de couleurs et mat\u00e9riel de conseil de komood\" alt=\"Passeports de couleurs et mat\u00e9riel de conseil de komood\" class=\"ux-logo-image block\" style=\"height:50px;\" \/><\/a><\/div>\n<h2>Etui pour nuancier, teinte grise<\/h2>\n<h3>pour les \u00e9ventails de couleurs des s\u00e9ries Elegance, Neo et Neo XL<\/h3>\n<div class=\"is-divider divider clearfix\" style=\"max-width:small;\"><\/div>\n<p>Cet article accessoire se distingue par les caract\u00e9ristiques particuli\u00e8res suivantes :<\/p>\n<ul>\n<li class=\"bullet-checkmark\">fait \u00e0 la main <strong>\u00c9tui en alcantara<\/strong> (microfibre non tiss\u00e9e de haute qualit\u00e9 en polyester, polyur\u00e9thane),<\/li>\n<li class=\"bullet-checkmark\">ourl\u00e9 et, pour prot\u00e9ger les bords de la carte, avec une couture longitudinale centr\u00e9e au dos,<\/li>\n<li class=\"bullet-checkmark\">Dimensions : environ 70 x 100 x 25 mm,<\/li>\n<li class=\"bullet-checkmark\">couleur : <strong>Gris<\/strong>.<\/li>\n<\/ul>\n<div class=\"is-divider divider clearfix\" style=\"max-width:small;\"><\/div>\n<h3>Attribution conforme au type<\/h3>\n<p>Les types de couleurs suivants correspondent \u00e0 la couleur de l'\u00e9tui :<\/p>\n<ul>\n<li class=\"bullet-checkmark\">L'\u00e9t\u00e9,<\/li>\n<li class=\"bullet-checkmark\">L'hiver,<\/li>\n<li class=\"bullet-checkmark\">Automne-hiver,<\/li>\n<li class=\"bullet-checkmark\">\u00c9t\u00e9-hiver.<\/li>\n<\/ul>\n<div class=\"is-divider divider clearfix\" style=\"max-width:small;\"><\/div>\n<h3>Avantage prix possible en combinant nuancier + \u00e9tui<\/h3>\n<p>Cette offre ne comprend que l'\u00e9tui, c'est-\u00e0-dire pas de nuancier.<\/p>\n<p>Alternativement, \u00e0 l'achat d'un nuancier de la gamme Elegance, Neo ou Neo XL, vous pouvez ajouter en option un \u00e9tui de votre choix \u00e0 des conditions pr\u00e9f\u00e9rentielles.<\/p>\n<div class=\"is-divider divider clearfix\" style=\"max-width:small;\"><\/div>\n<h3>D\u00e9veloppement et production<\/h3>\n<p>Cet \u00e9tui \u00e0 nuancier Gris est un produit de Komood, Marion Zens.<\/p>\n<div class=\"is-divider divider clearfix\" style=\"max-width:small;\"><\/div>\n<h3>Repr\u00e9sentation des couleurs de produits<\/h3>\n<p>Les couleurs repr\u00e9sent\u00e9es dans la boutique Komood (par exemple sur les photos de produits) sont, pour des raisons techniques, des valeurs approximatives et peuvent donc diff\u00e9rer plus ou moins fortement des couleurs r\u00e9elles.<\/p>\n<div class=\"is-divider divider clearfix\" style=\"max-width:small;\"><\/div>\n<h3>Contact<\/h3>\n<p>N'h\u00e9sitez pas \u00e0 nous contacter pour toute question ou suggestion concernant cette offre - <strong><a href=\"https:\/\/testlab.komood.shop\/fr\/informations-service\/contact\/\">Contact<\/a><\/strong>.<\/p>","protected":false},"excerpt":{"rendered":"<ul>\n<li class=\"bullet-star\">Etui textile pour les nuanciers Komood<\/li>\n<li class=\"bullet-star\">Mat\u00e9riau : Alcantara<\/li>\n<li class=\"bullet-star\">Teinte : gris<\/li>\n<\/ul>","protected":false},"featured_media":3662,"comment_status":"open","ping_status":"closed","template":"","meta":[],"product_brand":[],"product_cat":[341,462,465,480,468,486,469,488,472,494,342,351],"product_tag":[437,435,438,443,444,318,232,522,317,300,282,258,425,436,519,526,445,523],"giftcard-category":[],"class_list":{"0":"post-3708","1":"product","2":"type-product","3":"status-publish","4":"has-post-thumbnail","6":"product_cat-zubehoer","7":"product_cat-farbtypen","8":"product_cat-farbtyp-sommer","9":"product_cat-farbpass-sommer","10":"product_cat-farbtyp-herbst-winter","11":"product_cat-farbpass-herbst-winter","12":"product_cat-farbtyp-winter","13":"product_cat-farbpass-winter","14":"product_cat-farbtyp-sommer-winter","15":"product_cat-farbpass-sommer-winter","16":"product_cat-farbkarten-farbfaecher","17":"product_cat-farbfaecher-etuis","18":"product_tag-farbtyp-clear-winter","19":"product_tag-farbtyp-cool-summer","20":"product_tag-farbtyp-cool-winter","21":"product_tag-farbtyp-deep-autumn","22":"product_tag-farbtyp-deep-winter","23":"product_tag-farbfaecher","24":"product_tag-b2b","25":"product_tag-herbst-winter","26":"product_tag-elegance","27":"product_tag-neo","28":"product_tag-neo-xl-40","29":"product_tag-komood","30":"product_tag-b2c","31":"product_tag-farbtyp-soft-summer","32":"product_tag-sommer","33":"product_tag-sommer-winter","34":"product_tag-tendenz-kuehl","35":"product_tag-winter","37":"first","38":"instock","39":"taxable","40":"shipping-taxable","41":"purchasable","42":"product-type-simple"},"_links":{"self":[{"href":"https:\/\/testlab.komood.shop\/fr\/wp-json\/wp\/v2\/product\/3708","targetHints":{"allow":["GET"]}}],"collection":[{"href":"https:\/\/testlab.komood.shop\/fr\/wp-json\/wp\/v2\/product"}],"about":[{"href":"https:\/\/testlab.komood.shop\/fr\/wp-json\/wp\/v2\/types\/product"}],"replies":[{"embeddable":true,"href":"https:\/\/testlab.komood.shop\/fr\/wp-json\/wp\/v2\/comments?post=3708"}],"wp:featuredmedia":[{"embeddable":true,"href":"https:\/\/testlab.komood.shop\/fr\/wp-json\/wp\/v2\/media\/3662"}],"wp:attachment":[{"href":"https:\/\/testlab.komood.shop\/fr\/wp-json\/wp\/v2\/media?parent=3708"}],"wp:term":[{"taxonomy":"product_brand","embeddable":true,"href":"https:\/\/testlab.komood.shop\/fr\/wp-json\/wp\/v2\/product_brand?post=3708"},{"taxonomy":"product_cat","embeddable":true,"href":"https:\/\/testlab.komood.shop\/fr\/wp-json\/wp\/v2\/product_cat?post=3708"},{"taxonomy":"product_tag","embeddable":true,"href":"https:\/\/testlab.komood.shop\/fr\/wp-json\/wp\/v2\/product_tag?post=3708"},{"taxonomy":"giftcard-category","embeddable":true,"href":"https:\/\/testlab.komood.shop\/fr\/wp-json\/wp\/v2\/giftcard-category?post=3708"}],"curies":[{"name":"wp","href":"https:\/\/api.w.org\/{rel}","templated":true}]}}