{"id":3716,"date":"2024-05-25T21:00:42","date_gmt":"2024-05-25T21:00:42","guid":{"rendered":"https:\/\/komood.shop\/?post_type=product&#038;p=3716"},"modified":"2025-11-25T12:49:17","modified_gmt":"2025-11-25T12:49:17","slug":"manteau-002-compartiments-de-couleur-elegance-neo-neoxl","status":"publish","type":"product","link":"https:\/\/testlab.komood.shop\/fr\/produkt\/mantel-002-farbfaecher-elegance-neo-neoxl\/","title":{"rendered":"Manteau #002 pour les nuanciers Elegance et Neo\/Neo XL"},"content":{"rendered":"<div class=\"ux-logo has-hover align-middle ux_logo inline-block\" style=\"max-width: 100%!important; width: 237px!important\"><a class=\"ux-logo-link block image-\" title=\"Passeports de couleurs et mat\u00e9riel de conseil de komood\" href=\"https:\/\/testlab.komood.shop\/fr\/caracteristique\/komood\/\" style=\"padding: 15px;\"><img decoding=\"async\" src=\"https:\/\/testlab.komood.shop\/wp-content\/uploads\/komood-logo-klein.png\" title=\"Passeports de couleurs et mat\u00e9riel de conseil de komood\" alt=\"Passeports de couleurs et mat\u00e9riel de conseil de komood\" class=\"ux-logo-image block\" style=\"height:50px;\" \/><\/a><\/div>\n<h2>Couverture de manteau en \u00e9ventail de couleurs, motif n\u00b0 002 | Couleurs de robe 01<\/h2>\n<h3>pour les \u00e9ventails de couleurs des s\u00e9ries Elegance, Neo et Neo XL<\/h3>\n<div class=\"is-divider divider clearfix\" style=\"max-width:small;\"><\/div>\n<p>Cet article accessoire se distingue par les caract\u00e9ristiques particuli\u00e8res suivantes :<\/p>\n<ul>\n<li class=\"bullet-checkmark\">Carton 330g au chromosulfate, blanc, sans bois, monocouche, r\u00e9sistant \u00e0 la flexion,<\/li>\n<li class=\"bullet-checkmark\">Recto\/verso : double couch\u00e9, lisse, avec impression de motifs en offset,<\/li>\n<li class=\"bullet-checkmark\">Verso\/int\u00e9rieur : non couch\u00e9, lisse, avec impression d'information offset,<\/li>\n<li class=\"bullet-checkmark\">Dimensions : 126 x 86 x 0,3 mm,<\/li>\n<li class=\"bullet-checkmark\">non rainur\u00e9 (rainurage gratuit possible en option),<\/li>\n<li class=\"bullet-checkmark\">Num\u00e9ro de motif : 002,<\/li>\n<li class=\"bullet-checkmark\">Nom du motif : Couleurs de robe 01.<\/li>\n<\/ul>\n<div class=\"is-divider divider clearfix\" style=\"max-width:small;\"><\/div>\n<h3>Affectation conforme au type et utilisations<\/h3>\n<p>La conception est neutre et n'est pas associ\u00e9e \u00e0 un type de couleur particulier. L'enveloppe est donc particuli\u00e8rement adapt\u00e9e aux applications suivantes :<\/p>\n<ul>\n<li class=\"bullet-checkmark\"><strong>Achat \u00e0 l'unit\u00e9 :<\/strong> Remplacement des couvertures de manteau endommag\u00e9es,<\/li>\n<li class=\"bullet-checkmark\"><strong>comme option de produit :<\/strong> Configuration d'\u00e9ventails de couleurs individuels et personnels (clients priv\u00e9s),<\/li>\n<li class=\"bullet-checkmark\"><strong>comme option de produit :<\/strong> Configuration d'\u00e9ventails de couleurs standardis\u00e9s ou personnalis\u00e9s (B2B).<\/li>\n<\/ul>\n<div class=\"is-divider divider clearfix\" style=\"max-width:small;\"><\/div>\n<h3>\u00c9ventail de couleurs avec enveloppe personnalis\u00e9e<\/h3>\n<p>Cette offre ne comprend que le manteau mentionn\u00e9, c'est-\u00e0-dire pas de nuancier.<\/p>\n<p>Lorsque vous achetez un nuancier des s\u00e9ries Elegance, Neo ou Neo XL, vous avez la possibilit\u00e9 de choisir une enveloppe alternative. <strong>\u00e0 des conditions nettement plus avantageuses<\/strong> est propos\u00e9.<\/p>\n<div class=\"is-divider divider clearfix\" style=\"max-width:small;\"><\/div>\n<h3>D\u00e9veloppement et production<\/h3>\n<p>Cette enveloppe de manteau est un produit de Komood, Marion Zens.<\/p>\n<div class=\"is-divider divider clearfix\" style=\"max-width:small;\"><\/div>\n<h3>Repr\u00e9sentation des couleurs de produits<\/h3>\n<p>Les couleurs repr\u00e9sent\u00e9es dans la boutique Komood (par exemple sur les photos de produits) sont, pour des raisons techniques, des valeurs approximatives et peuvent donc diff\u00e9rer plus ou moins fortement des couleurs r\u00e9elles.<\/p>\n<div class=\"is-divider divider clearfix\" style=\"max-width:small;\"><\/div>\n<h3>Contact<\/h3>\n<p>N'h\u00e9sitez pas \u00e0 nous contacter pour toute question ou suggestion concernant cette offre - <strong><a href=\"https:\/\/testlab.komood.shop\/fr\/informations-service\/contact\/\">Contact<\/a><\/strong>.<\/p>","protected":false},"excerpt":{"rendered":"<ul>\n<li class=\"bullet-star\">Enveloppe de manteau neutre pour les \u00e9ventails de couleurs Komood,<\/li>\n<li class=\"bullet-star\">Num\u00e9ro de motif 002,<\/li>\n<li class=\"bullet-star\">Nom du motif : Couleurs de robe 01.<\/li>\n<\/ul>","protected":false},"featured_media":3718,"comment_status":"open","ping_status":"closed","template":"","meta":[],"product_brand":[],"product_cat":[341,342,352],"product_tag":[318,232,317,300,282,258,354,425],"giftcard-category":[],"class_list":{"0":"post-3716","1":"product","2":"type-product","3":"status-publish","4":"has-post-thumbnail","6":"product_cat-zubehoer","7":"product_cat-farbkarten-farbfaecher","8":"product_cat-farbfaecher-mantelumschlaege","9":"product_tag-farbfaecher","10":"product_tag-b2b","11":"product_tag-elegance","12":"product_tag-neo","13":"product_tag-neo-xl-40","14":"product_tag-komood","15":"product_tag-motiv-kleiderfarben","16":"product_tag-b2c","18":"first","19":"instock","20":"taxable","21":"shipping-taxable","22":"purchasable","23":"product-type-simple"},"_links":{"self":[{"href":"https:\/\/testlab.komood.shop\/fr\/wp-json\/wp\/v2\/product\/3716","targetHints":{"allow":["GET"]}}],"collection":[{"href":"https:\/\/testlab.komood.shop\/fr\/wp-json\/wp\/v2\/product"}],"about":[{"href":"https:\/\/testlab.komood.shop\/fr\/wp-json\/wp\/v2\/types\/product"}],"replies":[{"embeddable":true,"href":"https:\/\/testlab.komood.shop\/fr\/wp-json\/wp\/v2\/comments?post=3716"}],"wp:featuredmedia":[{"embeddable":true,"href":"https:\/\/testlab.komood.shop\/fr\/wp-json\/wp\/v2\/media\/3718"}],"wp:attachment":[{"href":"https:\/\/testlab.komood.shop\/fr\/wp-json\/wp\/v2\/media?parent=3716"}],"wp:term":[{"taxonomy":"product_brand","embeddable":true,"href":"https:\/\/testlab.komood.shop\/fr\/wp-json\/wp\/v2\/product_brand?post=3716"},{"taxonomy":"product_cat","embeddable":true,"href":"https:\/\/testlab.komood.shop\/fr\/wp-json\/wp\/v2\/product_cat?post=3716"},{"taxonomy":"product_tag","embeddable":true,"href":"https:\/\/testlab.komood.shop\/fr\/wp-json\/wp\/v2\/product_tag?post=3716"},{"taxonomy":"giftcard-category","embeddable":true,"href":"https:\/\/testlab.komood.shop\/fr\/wp-json\/wp\/v2\/giftcard-category?post=3716"}],"curies":[{"name":"wp","href":"https:\/\/api.w.org\/{rel}","templated":true}]}}