{"id":4694,"date":"2024-06-25T08:27:35","date_gmt":"2024-06-25T08:27:35","guid":{"rendered":"https:\/\/komood.shop\/?post_type=product&#038;p=4694"},"modified":"2025-11-20T15:28:50","modified_gmt":"2025-11-20T15:28:50","slug":"very-berry-matt-natural-lipstick-de-benecos","status":"publish","type":"product","link":"https:\/\/testlab.komood.shop\/fr\/produkt\/very-berry-matt-natural-lipstick-von-benecos\/","title":{"rendered":"very berry - Matt Natural Lipstick de Benecos"},"content":{"rendered":"<div class=\"ux-logo has-hover align-middle ux_logo inline-block\" style=\"max-width: 100%!important; width: 170px!important\"><a class=\"ux-logo-link block image-\" title=\"Cosm\u00e9tiques naturels de benecos\" href=\"https:\/\/testlab.komood.shop\/fr\/caracteristique\/benecos\/\" style=\"padding: 15px;\"><img decoding=\"async\" src=\"https:\/\/testlab.komood.shop\/wp-content\/uploads\/benecos-logo-klein.png\" title=\"Cosm\u00e9tiques naturels de benecos\" alt=\"Cosm\u00e9tiques naturels de benecos\" class=\"ux-logo-image block\" style=\"height:50px;\" \/><\/a><\/div>\n<h2>Rouge \u00e0 l\u00e8vres \"very berry\" de Benecos<\/h2>\n<h3>Cosm\u00e9tique naturelle certifi\u00e9e et contr\u00f4l\u00e9e (BDIH)<\/h3>\n<div class=\"is-divider divider clearfix\" style=\"max-width:small;\"><\/div>\n<p>Ce rouge \u00e0 l\u00e8vres hautement pigment\u00e9 et nourrissant de Benecos convient aux types de couleurs suivants :<\/p>\n<p><strong>Syst\u00e8me de refroidissement\/chauffage<\/strong><\/p>\n<ul>\n<li class=\"bullet-checkmark\">tendance \u00e0 \u00eatre froid<\/li>\n<\/ul>\n<p><strong>4|6|10 Syst\u00e8me de types de couleurs<\/strong><\/p>\n<ul>\n<li class=\"bullet-checkmark\">Automne-hiver<\/li>\n<li class=\"bullet-checkmark\">Hiver<\/li>\n<li class=\"bullet-checkmark\">\u00c9t\u00e9-hiver<\/li>\n<\/ul>\n<p><strong>Syst\u00e8me \u00e0 12 types de couleurs<\/strong><\/p>\n<ul>\n<li class=\"bullet-checkmark\">Deep Autumn<\/li>\n<li class=\"bullet-checkmark\">Cool Hiver<\/li>\n<li class=\"bullet-checkmark\">Hiver profond<\/li>\n<\/ul>\n<div class=\"is-divider divider clearfix\" style=\"max-width:small;\"><\/div>\n<h3>Description du fabricant<\/h3>\n<p>Finition mate velout\u00e9e, l\u00e9g\u00e8rement poudr\u00e9e. L'effet mat est obtenu gr\u00e2ce \u00e0 l'acide silicique combin\u00e9 \u00e0 l'amidon de ma\u00efs bio. En m\u00eame temps, tes l\u00e8vres sont d\u00e9licatement soign\u00e9es par diff\u00e9rentes cires et huiles bio, comme la cire d'abeille, l'huile d'avocat et l'huile de babassu.<\/p>\n<p>\u2713 <em>very berry<\/em> est une nuance de baies bleues<br \/>\n\u2713 Finition mate velout\u00e9e, l\u00e9g\u00e8rement poudr\u00e9e<br \/>\n\u2713 Avec de la cire d'abeille et de l'huile d'avocat<br \/>\n\u2713 Couleur tr\u00e8s pigment\u00e9e et intense<br \/>\n\u2713 Complexe de soin protecteur pour des l\u00e8vres douces<br \/>\n\u2713 Cosm\u00e9tique naturelle certifi\u00e9e et contr\u00f4l\u00e9e (BDIH)<\/p>\n<h4>Application<\/h4>\n<p>Applique le rouge \u00e0 l\u00e8vres directement sur les l\u00e8vres ou \u00e0 l'aide du Lip Brush de benecos. Pour qu'il tienne mieux, tu peux d'abord d\u00e9limiter tes l\u00e8vres avec le crayon \u00e0 l\u00e8vres benecos. Pour une tenue encore plus longue du rouge \u00e0 l\u00e8vres, tu peux colorier enti\u00e8rement tes l\u00e8vres avec le crayon \u00e0 l\u00e8vres et appliquer ensuite le rouge \u00e0 l\u00e8vres.<\/p>\n<h4>Bon \u00e0 savoir<\/h4>\n<p>Pour bien mettre en valeur le c\u0153ur des l\u00e8vres, tu peux le remplir de gloss - tes l\u00e8vres para\u00eetront ainsi visuellement plus pulpeuses.<\/p>\n<p>\u00c9limination des d\u00e9chets : Lorsque le rouge \u00e0 l\u00e8vres est \u00e9puis\u00e9, s\u00e9parer les composants de l'emballage et les d\u00e9poser dans le bac de collecte des d\u00e9chets recyclables\/sac jaune.<\/p>\n<h4>Ingr\u00e9dients<\/h4>\n<p>INGR\u00c9DIENTS (INCI) : OLIVE OIL DECYL ESTERS\u00b0, HYDROXYSTEARIC\/ LINOLENIC\/OLEIC POLYGLYCERIDES, RICINUS COMMUNIS (CASTOR) SEED OIL\u00b0, SILICA, CERA ALBA (BEESWAX)\u00b0, PERSEA GRATISSIMA (AVOCADO) OIL\u00b0, COPERNICIA CERIFERA CERA\/ COPERNICIA CERIFERA (CARNAUBA) WAX\u00b0, ORBIGNYA OLEIFERA (BABASSU) SEED OIL\u00b0, OLEYL OLEATE, SQUALENE, EUPHORBIA CERIFERA CERA\/ EUPHORBIA CERIFERA (CANDELILLA) WAX, ZEA MAYS (CORN) STARCH\u00b0, TOCOPHEROL, PARFUM (FRAGRANCE)\u00b0\u00b0, LIMONENE\u00b0\u00b0, LINALOOL\u00b0\u00b0, TIN OXIDE, CI 75470 (CARMINE), CI 77007 (ULTRAMARINES), CI 77<\/p>\n<p>\u00b0\u00b0 de culture biologique contr\u00f4l\u00e9e \/ from certified organic agriculture \u00b0\u00b0 composition de parfum naturelle \/ natural fragrance \u00b0\u00b0 fabriqu\u00e9 \u00e0 partir de mati\u00e8res premi\u00e8res biologiques \/ made using organic ingredients<\/p>\n<div class=\"is-divider divider clearfix\" style=\"max-width:small;\"><\/div>\n<h3>Contact<\/h3>\n<p>N'h\u00e9sitez pas \u00e0 nous contacter pour toute question ou suggestion concernant cette offre - <strong><a href=\"https:\/\/testlab.komood.shop\/fr\/informations-service\/contact\/\">Contact<\/a><\/strong>.<\/p>","protected":false},"excerpt":{"rendered":"<ul>\n<li class=\"bullet-star\">rouge \u00e0 l\u00e8vres mat en cosm\u00e9tique naturelle de Benecos<\/li>\n<li class=\"bullet-star\">Complexe de soin \u00e0 la cire d'abeille et \u00e0 l'huile d'avocat<\/li>\n<li class=\"bullet-star\">un petit fruit sensuel et envo\u00fbtant<\/li>\n<\/ul>","protected":false},"featured_media":4583,"comment_status":"open","ping_status":"closed","template":"","meta":[],"product_brand":[],"product_cat":[321,462,468,487,469,489,472,495,595,647,597,649,598,651,449,450],"product_tag":[452,451,438,443,444,522,530,425,526,445,523],"giftcard-category":[],"class_list":{"0":"post-4694","1":"product","2":"type-product","3":"status-publish","4":"has-post-thumbnail","6":"product_cat-b2c","7":"product_cat-farbtypen","8":"product_cat-farbtyp-herbst-winter","9":"product_cat-lippenstifte-herbst-wintertyp","10":"product_cat-farbtyp-winter","11":"product_cat-lippenstifte-wintertyp","12":"product_cat-farbtyp-sommer-winter","13":"product_cat-lippenstifte-sommer-wintertyp","14":"product_cat-farbtyp-deep-autumn","15":"product_cat-lippenstifte-deep-autumn","16":"product_cat-farbtyp-cool-winter","17":"product_cat-lippenstifte-cool-winter","18":"product_cat-farbtyp-deep-winter","19":"product_cat-lippenstifte-deep-winter","20":"product_cat-dekorative-naturkosmetik","21":"product_cat-lippenstifte","22":"product_tag-natural-lipstick","23":"product_tag-benecos","24":"product_tag-farbtyp-cool-winter","25":"product_tag-farbtyp-deep-autumn","26":"product_tag-farbtyp-deep-winter","27":"product_tag-herbst-winter","28":"product_tag-lippen","29":"product_tag-b2c","30":"product_tag-sommer-winter","31":"product_tag-tendenz-kuehl","32":"product_tag-winter","34":"first","35":"instock","36":"taxable","37":"shipping-taxable","38":"purchasable","39":"product-type-simple"},"_links":{"self":[{"href":"https:\/\/testlab.komood.shop\/fr\/wp-json\/wp\/v2\/product\/4694","targetHints":{"allow":["GET"]}}],"collection":[{"href":"https:\/\/testlab.komood.shop\/fr\/wp-json\/wp\/v2\/product"}],"about":[{"href":"https:\/\/testlab.komood.shop\/fr\/wp-json\/wp\/v2\/types\/product"}],"replies":[{"embeddable":true,"href":"https:\/\/testlab.komood.shop\/fr\/wp-json\/wp\/v2\/comments?post=4694"}],"wp:featuredmedia":[{"embeddable":true,"href":"https:\/\/testlab.komood.shop\/fr\/wp-json\/wp\/v2\/media\/4583"}],"wp:attachment":[{"href":"https:\/\/testlab.komood.shop\/fr\/wp-json\/wp\/v2\/media?parent=4694"}],"wp:term":[{"taxonomy":"product_brand","embeddable":true,"href":"https:\/\/testlab.komood.shop\/fr\/wp-json\/wp\/v2\/product_brand?post=4694"},{"taxonomy":"product_cat","embeddable":true,"href":"https:\/\/testlab.komood.shop\/fr\/wp-json\/wp\/v2\/product_cat?post=4694"},{"taxonomy":"product_tag","embeddable":true,"href":"https:\/\/testlab.komood.shop\/fr\/wp-json\/wp\/v2\/product_tag?post=4694"},{"taxonomy":"giftcard-category","embeddable":true,"href":"https:\/\/testlab.komood.shop\/fr\/wp-json\/wp\/v2\/giftcard-category?post=4694"}],"curies":[{"name":"wp","href":"https:\/\/api.w.org\/{rel}","templated":true}]}}