{"id":4727,"date":"2024-06-27T11:58:27","date_gmt":"2024-06-27T11:58:27","guid":{"rendered":"https:\/\/komood.shop\/?post_type=product&#038;p=4727"},"modified":"2026-02-24T16:17:29","modified_gmt":"2026-02-24T16:17:29","slug":"pink-coral-05-velvet-matt-lipstick-de-lavera","status":"publish","type":"product","link":"https:\/\/testlab.komood.shop\/fr\/produkt\/pink-coral-05-velvet-matt-lipstick-von-lavera\/","title":{"rendered":"Pink Coral 05 - Velvet Matt Lipstick de Lavera"},"content":{"rendered":"<div class=\"ux-logo has-hover align-middle ux_logo inline-block\" style=\"max-width: 100%!important; width: 139px!important\"><a class=\"ux-logo-link block image-\" title=\"Naturkosmetik von Lavera\" href=\"https:\/\/testlab.komood.shop\/merkmal\/lavera\/\" style=\"padding: 15px;\"><img decoding=\"async\" src=\"https:\/\/testlab.komood.shop\/wp-content\/uploads\/lavera-logo-klein.png\" title=\"Naturkosmetik von Lavera\" alt=\"Naturkosmetik von Lavera\" class=\"ux-logo-image block\" style=\"height:50px;\" \/><\/a><\/div>\n<h2>Matter Lippenstift &#8222;Pink Coral&#8220; von Lavera<\/h2>\n<h3>Zertifizierte Naturkosmetik, Made in Germany<\/h3>\n<div class=\"is-divider divider clearfix\" style=\"max-width:small;\"><\/div>\n<p>Dieser nat\u00fcrlich pflegende Lippenstift von Lavera mit langanhaltend-intensiver Farbe ist f\u00fcr folgende Farbtypen geeignet:<\/p>\n<p><strong>K\u00fchl-Warm-System<\/strong><\/p>\n<ul>\n<li class=\"bullet-checkmark\">neutral<\/li>\n<\/ul>\n<p><strong>4|6|10-Farbtypen-System<\/strong><\/p>\n<ul>\n<li class=\"bullet-checkmark\">Fr\u00fchling<\/li>\n<li class=\"bullet-checkmark\">Fr\u00fchling-Sommer<\/li>\n<li class=\"bullet-checkmark\">Sommer<\/li>\n<li class=\"bullet-checkmark\">Sommer-Herbst<\/li>\n<li class=\"bullet-checkmark\">Fr\u00fchling-Winter<\/li>\n<\/ul>\n<p><strong>12-Farbtypen-System<\/strong><\/p>\n<ul>\n<li class=\"bullet-checkmark\">Light Spring<\/li>\n<li class=\"bullet-checkmark\">Warm Spring<\/li>\n<li class=\"bullet-checkmark\">Clear Spring<\/li>\n<li class=\"bullet-checkmark\">Light Summer<\/li>\n<li class=\"bullet-checkmark\">Cool Summer<\/li>\n<li class=\"bullet-checkmark\">Soft Summer<\/li>\n<li class=\"bullet-checkmark\">Soft Autumn<\/li>\n<\/ul>\n<div class=\"is-divider divider clearfix\" style=\"max-width:small;\"><\/div>\n<h3>Beschreibung des Herstellers<\/h3>\n<p>Der lavera Velvet Matt Lipstick fasziniert mit einem verf\u00fchrerisch matten Finish &#8211; ohne die Lippen auszutrocknen. Die sanfte Textur hinterl\u00e4sst ein angenehmes und weiches Gef\u00fchl auf der zarten Lippenhaut &#8211; das gute Gef\u00fchl von zertifizierter Naturkosmetik auf den Lippen<\/p>\n<p>\u2713 Cremig, matte Textur, langanhaltend-intensive Farbe<br \/>\n\u2713 Trocknet die Lippen nicht aus.<br \/>\n\u2713 Glutenfrei, ohne Silikone, ohne Mineral\u00f6l, ohne Mikroplastik, dermatologisch getestet<br \/>\n\u2713 Zertifizierte Naturkosmetik, Made in Germany<\/p>\n<h4>Anwendung<\/h4>\n<p>Beginnend an einem Mundwinkel die Farbe auf die kompletten Lippen gleichm\u00e4\u00dfig auftragen.<\/p>\n<h4>Inhaltsstoffe<\/h4>\n<p>Butyrospermum Parkii (Shea) Oil, Helianthus Annuus (Sunflower) Seed Oil*, Triheptanoin, Shea Butter Ethyl Esters, Silica, Euphorbia Cerifera (Candelilla) Wax, Oryza Sativa (Rice) Bran Wax, Polyglyceryl-3 Diisostearate, Trihydroxystearin, C10-18 Triglycerides, Glyceryl Rosinate, Butyrospermum Parkii (Shea) Butter, Rhus Verniciflua Peel Wax, Cetyl Alcohol, Tilia Cordata Flower Extract*, Rosa Centifolia Flower Extract*, Malva Sylvestris (Mallow) Flower Extract*, Cocos Nucifera (Coconut) Oil*, Theobroma Cacao (Cocoa) Seed Butter*, Olea Europaea (Olive) Fruit Oil*, Olea Europaea (Olive) Oil Unsaponifiables, Tocopherol, Maltodextrin, Helianthus Annuus (Sunflower) Seed Oil*, Alcohol* denat., Citric Acid, Ascorbyl Palmitate, Water (Aqua), Fragrance (Parfum)**, Geraniol**, Linalool**, Limonene**, Benzyl Salicylate**, Citral**, Citronellol**, Benzyl Alcohol**, [+\/- Carmine (CI 75470), Iron Oxide (CI 77491), Iron Oxide (CI 77492), Iron Oxide (CI 77499), Titanium Dioxide (CI 77891)]\n<p>* ingredients from certified organic agriculture<br \/>\n** natural essential oils<\/p>\n<h4>Allergene<\/h4>\n<p>Benzyl-Salicylate<br \/>\nBenzylalkohol<br \/>\nCitral<br \/>\nCitronellol<br \/>\nLinalool<br \/>\nd-Limonene<\/p>\n<div class=\"is-divider divider clearfix\" style=\"max-width:small;\"><\/div>\n<h3>Kontakt<\/h3>\n<p>Bei Fragen oder Anregungen zu diesem Angebot stehen wir Ihnen sehr gern zur Verf\u00fcgung &#8211; <strong><a href=\"https:\/\/testlab.komood.shop\/informationen-service\/kontakt\/\">Kontakt<\/a><\/strong>.<\/p>\n","protected":false},"excerpt":{"rendered":"<ul>\n<li class=\"bullet-star\">Rouge \u00e0 l\u00e8vres en cosm\u00e9tique naturelle avec fini mat de Lavera<\/li>\n<li class=\"bullet-star\">sans gluten, sans silicone, sans huile min\u00e9rale et sans microplastique<\/li>\n<li class=\"bullet-star\">rose chaud pour les t\u00eates claires<\/li>\n<\/ul>","protected":false},"featured_media":4601,"comment_status":"open","ping_status":"closed","template":"","meta":[],"product_brand":[],"product_cat":[321,462,463,473,464,476,465,481,466,483,471,493,587,609,588,614,589,619,590,624,591,629,592,634,593,668,449,450],"product_tag":[433,435,517,518,525,456,455,439,434,530,447,425,441,436,519,520,440],"giftcard-category":[],"class_list":{"0":"post-4727","1":"product","2":"type-product","3":"status-publish","4":"has-post-thumbnail","6":"product_cat-b2c","7":"product_cat-farbtypen","8":"product_cat-farbtyp-fruehling","9":"product_cat-lippenstifte-fruehlingstyp","10":"product_cat-farbtyp-fruehling-sommer","11":"product_cat-lippenstifte-fruehling-sommertyp","12":"product_cat-farbtyp-sommer","13":"product_cat-lippenstifte-sommertyp","14":"product_cat-farbtyp-sommer-herbst","15":"product_cat-lippenstifte-sommer-herbsttyp","16":"product_cat-farbtyp-fruehling-winter","17":"product_cat-lippenstifte-fruehling-wintertyp","18":"product_cat-farbtyp-light-spring","19":"product_cat-lippenstifte-light-spring","20":"product_cat-farbtyp-warm-spring","21":"product_cat-lippenstifte-warm-spring","22":"product_cat-farbtyp-clear-spring","23":"product_cat-lippenstifte-clear-spring","24":"product_cat-farbtyp-light-summer","25":"product_cat-lippenstifte-light-summer","26":"product_cat-farbtyp-cool-summer","27":"product_cat-lippenstifte-cool-summer","28":"product_cat-farbtyp-soft-summer","29":"product_cat-lippenstifte-soft-summer","30":"product_cat-farbtyp-soft-autumn","31":"product_cat-lippenstifte-soft-autumn","32":"product_cat-dekorative-naturkosmetik","33":"product_cat-lippenstifte","34":"product_tag-farbtyp-clear-spring","35":"product_tag-farbtyp-cool-summer","36":"product_tag-fruehling","37":"product_tag-fruehling-sommer","38":"product_tag-fruehling-winter","39":"product_tag-velvet-matt-lipstick","40":"product_tag-lavera","41":"product_tag-farbtyp-light-spring","42":"product_tag-farbtyp-light-summer","43":"product_tag-lippen","44":"product_tag-neutral","45":"product_tag-b2c","46":"product_tag-farbtyp-soft-autumn","47":"product_tag-farbtyp-soft-summer","48":"product_tag-sommer","49":"product_tag-sommer-herbst","50":"product_tag-farbtyp-warm-spring","52":"first","53":"instock","54":"taxable","55":"shipping-taxable","56":"purchasable","57":"product-type-simple"},"_links":{"self":[{"href":"https:\/\/testlab.komood.shop\/fr\/wp-json\/wp\/v2\/product\/4727","targetHints":{"allow":["GET"]}}],"collection":[{"href":"https:\/\/testlab.komood.shop\/fr\/wp-json\/wp\/v2\/product"}],"about":[{"href":"https:\/\/testlab.komood.shop\/fr\/wp-json\/wp\/v2\/types\/product"}],"replies":[{"embeddable":true,"href":"https:\/\/testlab.komood.shop\/fr\/wp-json\/wp\/v2\/comments?post=4727"}],"wp:featuredmedia":[{"embeddable":true,"href":"https:\/\/testlab.komood.shop\/fr\/wp-json\/wp\/v2\/media\/4601"}],"wp:attachment":[{"href":"https:\/\/testlab.komood.shop\/fr\/wp-json\/wp\/v2\/media?parent=4727"}],"wp:term":[{"taxonomy":"product_brand","embeddable":true,"href":"https:\/\/testlab.komood.shop\/fr\/wp-json\/wp\/v2\/product_brand?post=4727"},{"taxonomy":"product_cat","embeddable":true,"href":"https:\/\/testlab.komood.shop\/fr\/wp-json\/wp\/v2\/product_cat?post=4727"},{"taxonomy":"product_tag","embeddable":true,"href":"https:\/\/testlab.komood.shop\/fr\/wp-json\/wp\/v2\/product_tag?post=4727"},{"taxonomy":"giftcard-category","embeddable":true,"href":"https:\/\/testlab.komood.shop\/fr\/wp-json\/wp\/v2\/giftcard-category?post=4727"}],"curies":[{"name":"wp","href":"https:\/\/api.w.org\/{rel}","templated":true}]}}