{"id":4728,"date":"2024-06-27T12:18:06","date_gmt":"2024-06-27T12:18:06","guid":{"rendered":"https:\/\/komood.shop\/?post_type=product&#038;p=4728"},"modified":"2026-02-01T20:27:30","modified_gmt":"2026-02-01T20:27:30","slug":"royal-cassis-06-velvet-matt-lipstick-de-lavera","status":"publish","type":"product","link":"https:\/\/testlab.komood.shop\/fr\/produkt\/royal-cassis-06-velvet-matt-lipstick-von-lavera\/","title":{"rendered":"Royal Cassis 06 - Velvet Matt Lipstick de Lavera"},"content":{"rendered":"<div class=\"ux-logo has-hover align-middle ux_logo inline-block\" style=\"max-width: 100%!important; width: 139px!important\"><a class=\"ux-logo-link block image-\" title=\"Cosm\u00e9tiques naturels de Lavera\" href=\"https:\/\/testlab.komood.shop\/fr\/caracteristique\/lavera\/\" style=\"padding: 15px;\"><img decoding=\"async\" src=\"https:\/\/testlab.komood.shop\/wp-content\/uploads\/lavera-logo-klein.png\" title=\"Cosm\u00e9tiques naturels de Lavera\" alt=\"Cosm\u00e9tiques naturels de Lavera\" class=\"ux-logo-image block\" style=\"height:50px;\" \/><\/a><\/div>\n<h2>Rouge \u00e0 l\u00e8vres mat \"Royal Cassis\" de Lavera<\/h2>\n<h3>Cosm\u00e9tique naturelle certifi\u00e9e, made in Germany<\/h3>\n<div class=\"is-divider divider clearfix\" style=\"max-width:small;\"><\/div>\n<p>Ce rouge \u00e0 l\u00e8vres Lavera au soin naturel et \u00e0 la couleur intense et longue dur\u00e9e convient aux types de couleurs suivants :<\/p>\n<p><strong>Syst\u00e8me de refroidissement\/chauffage<\/strong><\/p>\n<ul>\n<li class=\"bullet-checkmark\">tendance \u00e0 \u00eatre froid<\/li>\n<\/ul>\n<p><strong>4|6|10 Syst\u00e8me de types de couleurs<\/strong><\/p>\n<ul>\n<li class=\"bullet-checkmark\">\u00c9t\u00e9-automne<\/li>\n<li class=\"bullet-checkmark\">Automne<\/li>\n<li class=\"bullet-checkmark\">Automne-hiver<\/li>\n<li class=\"bullet-checkmark\">Hiver<\/li>\n<li class=\"bullet-checkmark\">\u00c9t\u00e9-hiver<\/li>\n<\/ul>\n<p><strong>Syst\u00e8me \u00e0 12 types de couleurs<\/strong><\/p>\n<ul>\n<li class=\"bullet-checkmark\">\u00c9t\u00e9 doux<\/li>\n<li class=\"bullet-checkmark\">Automne doux<\/li>\n<li class=\"bullet-checkmark\">Automne chaud<\/li>\n<li class=\"bullet-checkmark\">Deep Autumn<\/li>\n<li class=\"bullet-checkmark\">Hiver clair<\/li>\n<li class=\"bullet-checkmark\">Cool Hiver<\/li>\n<li class=\"bullet-checkmark\">Hiver profond<\/li>\n<\/ul>\n<div class=\"is-divider divider clearfix\" style=\"max-width:small;\"><\/div>\n<h3>Description du fabricant<\/h3>\n<p>Le rouge \u00e0 l\u00e8vres lavera Velvet Matt Lipstick fascine par son fini mat s\u00e9duisant - sans dess\u00e9cher les l\u00e8vres. Sa texture douce laisse une sensation agr\u00e9able et douce sur la peau d\u00e9licate des l\u00e8vres - la bonne sensation d'un cosm\u00e9tique naturel certifi\u00e9 sur les l\u00e8vres.<\/p>\n<p>\u2713 Cr\u00e9meux, texture mate, couleur intense et longue dur\u00e9e<br \/>\n\u2713 Ne dess\u00e8che pas les l\u00e8vres.<br \/>\n\u2713 Sans gluten, sans silicone, sans huile min\u00e9rale, sans microplastique, test\u00e9 dermatologiquement<br \/>\n\u2713 Cosm\u00e9tique naturelle certifi\u00e9e, made in Germany<\/p>\n<h4>Application<\/h4>\n<p>Appliquer uniform\u00e9ment la couleur sur l'ensemble des l\u00e8vres en commen\u00e7ant par le coin de la bouche.<\/p>\n<h4>Ingr\u00e9dients<\/h4>\n<p>Butyrospermum Parkii (Shea) Oil, Triheptanoin, Helianthus Annuus (Sunflower) Seed Oil*, Shea Butter Ethyl Esters, Silica, Carmine (CI 75470), Euphorbia Cerifera (Candelilla) Wax, Oryza Sativa (Rice) Bran Wax, Polyglyceryl-3 Diisostearate, Titanium Dioxide (CI 77891), Trihydroxystearin, C10-18 Triglycerides, Glyceryl Rosinate, Rhus Verniciflua Peel Wax, Butyrospermum Parkii (Shea) Butter, Cetyl Alcohol, Mica, Ultramarines (CI 77007), Tilia Cordata Flower Extract*, Rosa Centifolia Flower Extract*, Malva Sylvestris (Mallow) Flower Extract*, Cocos Nucifera (Coconut) Oil*, Theobroma Cacao (Cocoa) Seed Butter*, Olea Europaea (Olive) Fruit Oil*, Bismuth Oxychloride (CI 77163), Iron Oxide (CI 77492), Olea Europaea (Olive) Oil Unsaponifiables, Maltodextrine, Tocopherol, Iron Oxide (CI 77499), Helianthus Annuus (Sunflower) Seed Oil*, Alcohol* denat., Citric Acid, Ascorbyl Palmitate, Water (Aqua), Fragrance (Parfum)**, Geraniol**, Linalool**, Limonene**, Benzyl Salicylate**, Citral**, Citronellol**, Benzyl Alcohol**.<\/p>\n<p>* ingr\u00e9dients issus de l'agriculture biologique certifi\u00e9e<br \/>\n** huiles essentielles naturelles<\/p>\n<h4>Allerg\u00e8nes<\/h4>\n<p>Salicylates de benzyle<br \/>\nAlcool benzylique<br \/>\nCitral<br \/>\nCitronellol<br \/>\nLinalol<br \/>\nd-limon\u00e8ne<\/p>\n<div class=\"is-divider divider clearfix\" style=\"max-width:small;\"><\/div>\n<h3>Contact<\/h3>\n<p>N'h\u00e9sitez pas \u00e0 nous contacter pour toute question ou suggestion concernant cette offre - <strong><a href=\"https:\/\/testlab.komood.shop\/fr\/informations-service\/contact\/\">Contact<\/a><\/strong>.<\/p>","protected":false},"excerpt":{"rendered":"<ul>\n<li class=\"bullet-star\">Rouge \u00e0 l\u00e8vres en cosm\u00e9tique naturelle avec fini mat de Lavera<\/li>\n<li class=\"bullet-star\">sans gluten, sans silicone, sans huile min\u00e9rale et sans microplastique<\/li>\n<li class=\"bullet-star\">noble, sombre, sensuel, aux baies<\/li>\n<\/ul>","protected":false},"featured_media":4603,"comment_status":"open","ping_status":"closed","template":"","meta":[],"product_brand":[],"product_cat":[321,462,466,483,467,485,468,469,489,472,495,592,634,593,668,594,646,595,647,596,648,597,649,598,651,449,450],"product_tag":[437,438,443,444,521,522,456,455,530,425,441,436,520,526,445,442,523],"giftcard-category":[],"class_list":{"0":"post-4728","1":"product","2":"type-product","3":"status-publish","4":"has-post-thumbnail","6":"product_cat-b2c","7":"product_cat-farbtypen","8":"product_cat-farbtyp-sommer-herbst","9":"product_cat-lippenstifte-sommer-herbsttyp","10":"product_cat-farbtyp-herbst","11":"product_cat-lippenstifte-herbsttyp","12":"product_cat-farbtyp-herbst-winter","13":"product_cat-farbtyp-winter","14":"product_cat-lippenstifte-wintertyp","15":"product_cat-farbtyp-sommer-winter","16":"product_cat-lippenstifte-sommer-wintertyp","17":"product_cat-farbtyp-soft-summer","18":"product_cat-lippenstifte-soft-summer","19":"product_cat-farbtyp-soft-autumn","20":"product_cat-lippenstifte-soft-autumn","21":"product_cat-farbtyp-warm-autumn","22":"product_cat-lippenstifte-warm-autumn","23":"product_cat-farbtyp-deep-autumn","24":"product_cat-lippenstifte-deep-autumn","25":"product_cat-farbtyp-clear-winter","26":"product_cat-lippenstifte-clear-winter","27":"product_cat-farbtyp-cool-winter","28":"product_cat-lippenstifte-cool-winter","29":"product_cat-farbtyp-deep-winter","30":"product_cat-lippenstifte-deep-winter","31":"product_cat-dekorative-naturkosmetik","32":"product_cat-lippenstifte","33":"product_tag-farbtyp-clear-winter","34":"product_tag-farbtyp-cool-winter","35":"product_tag-farbtyp-deep-autumn","36":"product_tag-farbtyp-deep-winter","37":"product_tag-herbst","38":"product_tag-herbst-winter","39":"product_tag-velvet-matt-lipstick","40":"product_tag-lavera","41":"product_tag-lippen","42":"product_tag-b2c","43":"product_tag-farbtyp-soft-autumn","44":"product_tag-farbtyp-soft-summer","45":"product_tag-sommer-herbst","46":"product_tag-sommer-winter","47":"product_tag-tendenz-kuehl","48":"product_tag-farbtyp-warm-autumn","49":"product_tag-winter","51":"first","52":"instock","53":"taxable","54":"shipping-taxable","55":"purchasable","56":"product-type-simple"},"_links":{"self":[{"href":"https:\/\/testlab.komood.shop\/fr\/wp-json\/wp\/v2\/product\/4728","targetHints":{"allow":["GET"]}}],"collection":[{"href":"https:\/\/testlab.komood.shop\/fr\/wp-json\/wp\/v2\/product"}],"about":[{"href":"https:\/\/testlab.komood.shop\/fr\/wp-json\/wp\/v2\/types\/product"}],"replies":[{"embeddable":true,"href":"https:\/\/testlab.komood.shop\/fr\/wp-json\/wp\/v2\/comments?post=4728"}],"wp:featuredmedia":[{"embeddable":true,"href":"https:\/\/testlab.komood.shop\/fr\/wp-json\/wp\/v2\/media\/4603"}],"wp:attachment":[{"href":"https:\/\/testlab.komood.shop\/fr\/wp-json\/wp\/v2\/media?parent=4728"}],"wp:term":[{"taxonomy":"product_brand","embeddable":true,"href":"https:\/\/testlab.komood.shop\/fr\/wp-json\/wp\/v2\/product_brand?post=4728"},{"taxonomy":"product_cat","embeddable":true,"href":"https:\/\/testlab.komood.shop\/fr\/wp-json\/wp\/v2\/product_cat?post=4728"},{"taxonomy":"product_tag","embeddable":true,"href":"https:\/\/testlab.komood.shop\/fr\/wp-json\/wp\/v2\/product_tag?post=4728"},{"taxonomy":"giftcard-category","embeddable":true,"href":"https:\/\/testlab.komood.shop\/fr\/wp-json\/wp\/v2\/giftcard-category?post=4728"}],"curies":[{"name":"wp","href":"https:\/\/api.w.org\/{rel}","templated":true}]}}