{"id":4732,"date":"2024-06-27T14:09:46","date_gmt":"2024-06-27T14:09:46","guid":{"rendered":"https:\/\/komood.shop\/?post_type=product&#038;p=4732"},"modified":"2026-02-05T11:20:21","modified_gmt":"2026-02-05T11:20:21","slug":"rosentango-1-3-naturel-rouge-a-levres-de-marie-w","status":"publish","type":"product","link":"https:\/\/testlab.komood.shop\/fr\/produkt\/rosentango-1-3-natur-lippenstift-von-marie-w\/","title":{"rendered":"RosenTango 1-3 - Rouge \u00e0 l\u00e8vres naturel de marie w."},"content":{"rendered":"<div class=\"ux-logo has-hover align-middle ux_logo inline-block\" style=\"max-width: 100%!important; width: 271px!important\"><a class=\"ux-logo-link block image-\" title=\"Cosm\u00e9tiques naturels de Marie W.\" href=\"https:\/\/testlab.komood.shop\/fr\/caracteristique\/marie-w\/\" style=\"padding: 15px;\"><img decoding=\"async\" src=\"https:\/\/testlab.komood.shop\/wp-content\/uploads\/marie-w-logo-klein.png\" title=\"Cosm\u00e9tiques naturels de Marie W.\" alt=\"Cosm\u00e9tiques naturels de Marie W.\" class=\"ux-logo-image block\" style=\"height:50px;\" \/><\/a><\/div>\n<h2>Rouge \u00e0 l\u00e8vres \"RosenTango 1-3\".<\/h2>\n<h3>Rouge \u00e0 l\u00e8vres naturel certifi\u00e9 avec de l'or v\u00e9ritable de grande puret\u00e9<\/h3>\n<div class=\"is-divider divider clearfix\" style=\"max-width:small;\"><\/div>\n<p>Ce rouge \u00e0 l\u00e8vres haut de gamme et soignant de marie w., compos\u00e9 de mati\u00e8res premi\u00e8res issues du commerce \u00e9quitable, convient aux types de couleurs suivants :<\/p>\n<p><strong>Syst\u00e8me de refroidissement\/chauffage<\/strong><\/p>\n<ul>\n<li class=\"bullet-checkmark\">tendance \u00e0 \u00eatre froid<\/li>\n<\/ul>\n<p><strong>4|6|10 Syst\u00e8me de types de couleurs<\/strong><\/p>\n<ul>\n<li class=\"bullet-checkmark\">\u00c9t\u00e9-automne<\/li>\n<li class=\"bullet-checkmark\">Automne<\/li>\n<li class=\"bullet-checkmark\">Automne-hiver<\/li>\n<li class=\"bullet-checkmark\">Hiver<\/li>\n<li class=\"bullet-checkmark\">\u00c9t\u00e9-hiver<\/li>\n<\/ul>\n<p><strong>Syst\u00e8me \u00e0 12 types de couleurs<\/strong><\/p>\n<ul>\n<li class=\"bullet-checkmark\">\u00c9t\u00e9 doux<\/li>\n<li class=\"bullet-checkmark\">Automne doux<\/li>\n<li class=\"bullet-checkmark\">Automne chaud<\/li>\n<li class=\"bullet-checkmark\">Deep Autumn<\/li>\n<li class=\"bullet-checkmark\">Hiver clair<\/li>\n<li class=\"bullet-checkmark\">Cool Hiver<\/li>\n<li class=\"bullet-checkmark\">Hiver profond<\/li>\n<\/ul>\n<div class=\"is-divider divider clearfix\" style=\"max-width:small;\"><\/div>\n<h3>Description du fabricant<\/h3>\n<h4>RosenTango<\/h4>\n<p>Flatte toutes les carnations. Son rouge intense apporte une touche d'originalit\u00e9, cr\u00e9e des accents expressifs et valorise ainsi tous les looks. La personne qui le porte signale sa confiance en soi, son \u00e9nergie et sa force. En m\u00eame temps, la couleur rouge est sensuelle et s\u00e9duisante.<\/p>\n<h4>marie w. Rouge \u00e0 l\u00e8vres naturel \u00e0 l'or v\u00e9ritable<\/h4>\n<ul>\n<li class=\"bullet-star\">Avec les huiles bio les plus pr\u00e9cieuses, press\u00e9es \u00e0 froid, issues de projets de femmes africaines.<\/li>\n<li class=\"bullet-star\">L'or, l'alternative la plus noble \u00e0 la brillance traditionnelle, permet d'att\u00e9nuer visuellement les ridules gr\u00e2ce \u00e0 la r\u00e9fraction particuli\u00e8re de la lumi\u00e8re. Cet agent hydratant de luxe apaise en m\u00eame temps la peau sensible des l\u00e8vres et leur procure une agr\u00e9able fra\u00eecheur.<\/li>\n<li class=\"bullet-star\">Les couleurs doivent leur \u00e9clat magique \u00e0 la combinaison d'oxydes de fer s\u00e9lectionn\u00e9s et se fondent dans le ton naturel de vos l\u00e8vres. Le r\u00e9sultat est donc toujours naturel, harmonieux et enti\u00e8rement personnalis\u00e9.<\/li>\n<li class=\"bullet-star\">Le soin 1 \u00e0 2 minutes apr\u00e8s l'application, les huiles et cires v\u00e9g\u00e9tales pr\u00e9cieuses fusionnent avec les l\u00e8vres. \u00c0 chaque application, la peau est plus douce et plus souple et \"r\u00e9apprend\" \u00e0 se r\u00e9g\u00e9n\u00e9rer d'elle-m\u00eame, sans avoir besoin d'appliquer constamment de la cr\u00e8me.<\/li>\n<li class=\"bullet-star\">La sensation de la peau est l\u00e9g\u00e8re comme une plume, douce et souple - pas de film de graisse et de couleur, mais une nouvelle l\u00e9g\u00e8ret\u00e9.<\/li>\n<li class=\"bullet-star\">Certifi\u00e9 selon NATRUE<\/li>\n<\/ul>\n<h4>Ingr\u00e9dients<\/h4>\n<p>COCOS NUCIFERA OIL* , OCTYLDODECYL STEAROYL STEARATE , HYDROGENATED VEGETABLE OIL , C10-18 TRIGLYCERIDES , MICA , COPERNICIA CERIFERA CERA* , CANDELILLA CERA , POLYGLYCERYL-3 DIISOSTEARATE , ORYZANOL , TOCOPHEROL , GLYCERYL CAPRYLATE , ROSA CANINA SEED EXTRACT* , CI 77492 (IRON OXIDES) , CI 75470 , CI 77480 (GOLD)<\/p>\n<p>* issus de l'agriculture biologique contr\u00f4l\u00e9e<\/p>\n<div class=\"is-divider divider clearfix\" style=\"max-width:small;\"><\/div>\n<h3>Contact<\/h3>\n<p>N'h\u00e9sitez pas \u00e0 nous contacter pour toute question ou suggestion concernant cette offre - <strong><a href=\"https:\/\/testlab.komood.shop\/fr\/informations-service\/contact\/\">Contact<\/a><\/strong>.<\/p>","protected":false},"excerpt":{"rendered":"<ul>\n<li class=\"bullet-star\">Rouge \u00e0 l\u00e8vres naturel \u00e0 base d'huiles et de cires gratuites<\/li>\n<li class=\"bullet-star\">efficacement affin\u00e9 avec de l'or v\u00e9ritable de grande puret\u00e9<\/li>\n<li class=\"bullet-star\">une danse gracieuse en rose<\/li>\n<\/ul>","protected":false},"featured_media":4611,"comment_status":"open","ping_status":"closed","template":"","meta":[],"product_brand":[],"product_cat":[321,462,466,483,467,485,468,487,469,489,472,495,592,634,593,668,594,646,595,647,596,648,597,649,598,651,449,450],"product_tag":[437,438,443,444,521,522,530,459,458,425,441,436,520,526,445,442,523],"giftcard-category":[],"class_list":{"0":"post-4732","1":"product","2":"type-product","3":"status-publish","4":"has-post-thumbnail","6":"product_cat-b2c","7":"product_cat-farbtypen","8":"product_cat-farbtyp-sommer-herbst","9":"product_cat-lippenstifte-sommer-herbsttyp","10":"product_cat-farbtyp-herbst","11":"product_cat-lippenstifte-herbsttyp","12":"product_cat-farbtyp-herbst-winter","13":"product_cat-lippenstifte-herbst-wintertyp","14":"product_cat-farbtyp-winter","15":"product_cat-lippenstifte-wintertyp","16":"product_cat-farbtyp-sommer-winter","17":"product_cat-lippenstifte-sommer-wintertyp","18":"product_cat-farbtyp-soft-summer","19":"product_cat-lippenstifte-soft-summer","20":"product_cat-farbtyp-soft-autumn","21":"product_cat-lippenstifte-soft-autumn","22":"product_cat-farbtyp-warm-autumn","23":"product_cat-lippenstifte-warm-autumn","24":"product_cat-farbtyp-deep-autumn","25":"product_cat-lippenstifte-deep-autumn","26":"product_cat-farbtyp-clear-winter","27":"product_cat-lippenstifte-clear-winter","28":"product_cat-farbtyp-cool-winter","29":"product_cat-lippenstifte-cool-winter","30":"product_cat-farbtyp-deep-winter","31":"product_cat-lippenstifte-deep-winter","32":"product_cat-dekorative-naturkosmetik","33":"product_cat-lippenstifte","34":"product_tag-farbtyp-clear-winter","35":"product_tag-farbtyp-cool-winter","36":"product_tag-farbtyp-deep-autumn","37":"product_tag-farbtyp-deep-winter","38":"product_tag-herbst","39":"product_tag-herbst-winter","40":"product_tag-lippen","41":"product_tag-marie-w","42":"product_tag-natur-lippenstift","43":"product_tag-b2c","44":"product_tag-farbtyp-soft-autumn","45":"product_tag-farbtyp-soft-summer","46":"product_tag-sommer-herbst","47":"product_tag-sommer-winter","48":"product_tag-tendenz-kuehl","49":"product_tag-farbtyp-warm-autumn","50":"product_tag-winter","52":"first","53":"instock","54":"taxable","55":"shipping-taxable","56":"purchasable","57":"product-type-simple"},"_links":{"self":[{"href":"https:\/\/testlab.komood.shop\/fr\/wp-json\/wp\/v2\/product\/4732","targetHints":{"allow":["GET"]}}],"collection":[{"href":"https:\/\/testlab.komood.shop\/fr\/wp-json\/wp\/v2\/product"}],"about":[{"href":"https:\/\/testlab.komood.shop\/fr\/wp-json\/wp\/v2\/types\/product"}],"replies":[{"embeddable":true,"href":"https:\/\/testlab.komood.shop\/fr\/wp-json\/wp\/v2\/comments?post=4732"}],"wp:featuredmedia":[{"embeddable":true,"href":"https:\/\/testlab.komood.shop\/fr\/wp-json\/wp\/v2\/media\/4611"}],"wp:attachment":[{"href":"https:\/\/testlab.komood.shop\/fr\/wp-json\/wp\/v2\/media?parent=4732"}],"wp:term":[{"taxonomy":"product_brand","embeddable":true,"href":"https:\/\/testlab.komood.shop\/fr\/wp-json\/wp\/v2\/product_brand?post=4732"},{"taxonomy":"product_cat","embeddable":true,"href":"https:\/\/testlab.komood.shop\/fr\/wp-json\/wp\/v2\/product_cat?post=4732"},{"taxonomy":"product_tag","embeddable":true,"href":"https:\/\/testlab.komood.shop\/fr\/wp-json\/wp\/v2\/product_tag?post=4732"},{"taxonomy":"giftcard-category","embeddable":true,"href":"https:\/\/testlab.komood.shop\/fr\/wp-json\/wp\/v2\/giftcard-category?post=4732"}],"curies":[{"name":"wp","href":"https:\/\/api.w.org\/{rel}","templated":true}]}}