{"id":4737,"date":"2024-06-27T16:49:15","date_gmt":"2024-06-27T16:49:15","guid":{"rendered":"https:\/\/komood.shop\/?post_type=product&#038;p=4737"},"modified":"2026-02-05T11:20:21","modified_gmt":"2026-02-05T11:20:21","slug":"beautiful-1-3-natural-lipstick-by-marie-w","status":"publish","type":"product","link":"https:\/\/testlab.komood.shop\/fr\/produkt\/wunderschoen-1-3-natur-lippenstift-von-marie-w\/","title":{"rendered":"Magnifique 1-3 - Rouge \u00e0 l\u00e8vres naturel de marie w."},"content":{"rendered":"<div class=\"ux-logo has-hover align-middle ux_logo inline-block\" style=\"max-width: 100%!important; width: 271px!important\"><a class=\"ux-logo-link block image-\" title=\"Naturkosmetik von Marie W.\" href=\"https:\/\/testlab.komood.shop\/merkmal\/marie-w\/\" style=\"padding: 15px;\"><img decoding=\"async\" src=\"https:\/\/testlab.komood.shop\/wp-content\/uploads\/marie-w-logo-klein.png\" title=\"Naturkosmetik von Marie W.\" alt=\"Naturkosmetik von Marie W.\" class=\"ux-logo-image block\" style=\"height:50px;\" \/><\/a><\/div>\n<h2>Lippenstift &#8222;Wundersch\u00f6n 1-3&#8220;<\/h2>\n<h3>Zertifizierter Natur-Lippenstift mit echtem, hochreinem Gold<\/h3>\n<div class=\"is-divider divider clearfix\" style=\"max-width:small;\"><\/div>\n<p>Dieser vegane, hochwertige und pflegende Lippenstift von marie w. mit Rohstoffen aus fairem Handel ist f\u00fcr folgende Farbtypen geeignet:<\/p>\n<p><strong>K\u00fchl-Warm-System<\/strong><\/p>\n<ul>\n<li class=\"bullet-checkmark\">tendenziell warmtonig<\/li>\n<\/ul>\n<p><strong>4|6|10-Farbtypen-System<\/strong><\/p>\n<ul>\n<li class=\"bullet-checkmark\">Fr\u00fchling<\/li>\n<li class=\"bullet-checkmark\">Sommer-Herbst<\/li>\n<li class=\"bullet-checkmark\">Herbst<\/li>\n<li class=\"bullet-checkmark\">Fr\u00fchling-Herbst<\/li>\n<\/ul>\n<p><strong>12-Farbtypen-System<\/strong><\/p>\n<ul>\n<li class=\"bullet-checkmark\">Light Spring<\/li>\n<li class=\"bullet-checkmark\">Warm Spring<\/li>\n<li class=\"bullet-checkmark\">Clear Spring<\/li>\n<li class=\"bullet-checkmark\">Soft Autumn<\/li>\n<li class=\"bullet-checkmark\">Warm Autumn<\/li>\n<\/ul>\n<div class=\"is-divider divider clearfix\" style=\"max-width:small;\"><\/div>\n<h3>Beschreibung des Herstellers<\/h3>\n<h4>Wundersch\u00f6n 1-3<\/h4>\n<p>Schmeichelt allen Teints. Der harmonische Kupfer-Orange Ton ist die Farbe f\u00fcr Frauen die Kreativit\u00e4t, Optimismus und Energie ausstrahlen.<\/p>\n<h4>marie w. Natur Lippenstift mit echtem Gold<\/h4>\n<ul>\n<li class=\"bullet-star\">Mit kostbarsten, kaltgepressten Bio-\u00d6len aus afrikanischen Frauenprojekten.<\/li>\n<li class=\"bullet-star\">Das Gold als edelste Alternative zu herk\u00f6mmlichem Glanz, sorgt durch die besondere Lichtbrechung f\u00fcr eine optische Milderung von F\u00e4ltchen. Dieser Feuchtigkeitsbinder der Luxusklasse beruhigt gleichzeitig sensible Lippenhaut und schenkt ihr angenehme K\u00fchle.<\/li>\n<li class=\"bullet-star\">Die Farben verdanken ihre magische Ausstrahlung der Kombination ausgew\u00e4hlter Eisenoxide und verschmelzen mit dem nat\u00fcrlichen Ton Ihrer Lippen. Daher ist das Ergebnis immer nat\u00fcrlich, harmonisch und ganz individuell.<\/li>\n<li class=\"bullet-star\">Die Pflege 1-2 Minuten nach dem Auftragen verschmelzen die kostbaren Pflanzen\u00f6le und -wachse mit den Lippen. Mit jeder Anwendung f\u00fchlt sich die Haut zarter und geschmeidiger an und &#8222;lernt&#8220; wieder, ohne st\u00e4ndiges Cremen, sich von selbst zu regenerieren.<\/li>\n<li class=\"bullet-star\">Das Hautgef\u00fchl ist federleicht, zart und geschmeidig &#8211; kein Film aus Fett und Farbe, sondern eine neue Leichtigkeit.<\/li>\n<li class=\"bullet-star\">Zertifiziert nach NATRUE<\/li>\n<\/ul>\n<h4>Inhaltsstoffe<\/h4>\n<p>COCOS NUCIFERA OIL* , OCTYLDODECYL STEAROYL STEARATE , HYDROGENATED VEGETABLE OIL , MICA , C10-18 TRIGLYCERIDES , COPERNICIA CERIFERA CERA* , CANDELILLA CERA , POLYGLYCERYL-3 DIISOSTEARATE , ORYZANOL , TOCOPHEROL , GLYCERYL CAPRYLATE , BUTYROSPERMUM PARKII BUTTER* , CI 77480 (GOLD) , +\/- [CI 77491, CI 77891]\n<p>* aus kontrolliert-biologischem Anbau<\/p>\n<div class=\"is-divider divider clearfix\" style=\"max-width:small;\"><\/div>\n<h3>Kontakt<\/h3>\n<p>Bei Fragen oder Anregungen zu diesem Angebot stehen wir Ihnen sehr gern zur Verf\u00fcgung &#8211; <strong><a href=\"https:\/\/testlab.komood.shop\/informationen-service\/kontakt\/\">Kontakt<\/a><\/strong>.<\/p>\n","protected":false},"excerpt":{"rendered":"<ul>\n<li class=\"bullet-star\">Rouge \u00e0 l\u00e8vres naturel \u00e0 base d'huiles et de cires gratuites<\/li>\n<li class=\"bullet-star\">v\u00e9g\u00e9talien et efficacement affin\u00e9 avec de l'or v\u00e9ritable de grande puret\u00e9<\/li>\n<li class=\"bullet-star\">un petit miracle rouill\u00e9<\/li>\n<\/ul>","protected":false},"featured_media":4617,"comment_status":"open","ping_status":"closed","template":"","meta":[],"product_brand":[],"product_cat":[321,462,463,473,466,483,467,485,470,491,587,609,588,614,589,619,593,668,594,646,449,450],"product_tag":[433,517,524,521,439,530,459,458,425,441,520,446,442,440],"giftcard-category":[],"class_list":{"0":"post-4737","1":"product","2":"type-product","3":"status-publish","4":"has-post-thumbnail","6":"product_cat-b2c","7":"product_cat-farbtypen","8":"product_cat-farbtyp-fruehling","9":"product_cat-lippenstifte-fruehlingstyp","10":"product_cat-farbtyp-sommer-herbst","11":"product_cat-lippenstifte-sommer-herbsttyp","12":"product_cat-farbtyp-herbst","13":"product_cat-lippenstifte-herbsttyp","14":"product_cat-farbtyp-fruehling-herbst","15":"product_cat-lippenstifte-fruehling-herbsttyp","16":"product_cat-farbtyp-light-spring","17":"product_cat-lippenstifte-light-spring","18":"product_cat-farbtyp-warm-spring","19":"product_cat-lippenstifte-warm-spring","20":"product_cat-farbtyp-clear-spring","21":"product_cat-lippenstifte-clear-spring","22":"product_cat-farbtyp-soft-autumn","23":"product_cat-lippenstifte-soft-autumn","24":"product_cat-farbtyp-warm-autumn","25":"product_cat-lippenstifte-warm-autumn","26":"product_cat-dekorative-naturkosmetik","27":"product_cat-lippenstifte","28":"product_tag-farbtyp-clear-spring","29":"product_tag-fruehling","30":"product_tag-fruehling-herbst","31":"product_tag-herbst","32":"product_tag-farbtyp-light-spring","33":"product_tag-lippen","34":"product_tag-marie-w","35":"product_tag-natur-lippenstift","36":"product_tag-b2c","37":"product_tag-farbtyp-soft-autumn","38":"product_tag-sommer-herbst","39":"product_tag-tendenz-warm","40":"product_tag-farbtyp-warm-autumn","41":"product_tag-farbtyp-warm-spring","43":"first","44":"instock","45":"taxable","46":"shipping-taxable","47":"purchasable","48":"product-type-simple"},"_links":{"self":[{"href":"https:\/\/testlab.komood.shop\/fr\/wp-json\/wp\/v2\/product\/4737","targetHints":{"allow":["GET"]}}],"collection":[{"href":"https:\/\/testlab.komood.shop\/fr\/wp-json\/wp\/v2\/product"}],"about":[{"href":"https:\/\/testlab.komood.shop\/fr\/wp-json\/wp\/v2\/types\/product"}],"replies":[{"embeddable":true,"href":"https:\/\/testlab.komood.shop\/fr\/wp-json\/wp\/v2\/comments?post=4737"}],"wp:featuredmedia":[{"embeddable":true,"href":"https:\/\/testlab.komood.shop\/fr\/wp-json\/wp\/v2\/media\/4617"}],"wp:attachment":[{"href":"https:\/\/testlab.komood.shop\/fr\/wp-json\/wp\/v2\/media?parent=4737"}],"wp:term":[{"taxonomy":"product_brand","embeddable":true,"href":"https:\/\/testlab.komood.shop\/fr\/wp-json\/wp\/v2\/product_brand?post=4737"},{"taxonomy":"product_cat","embeddable":true,"href":"https:\/\/testlab.komood.shop\/fr\/wp-json\/wp\/v2\/product_cat?post=4737"},{"taxonomy":"product_tag","embeddable":true,"href":"https:\/\/testlab.komood.shop\/fr\/wp-json\/wp\/v2\/product_tag?post=4737"},{"taxonomy":"giftcard-category","embeddable":true,"href":"https:\/\/testlab.komood.shop\/fr\/wp-json\/wp\/v2\/giftcard-category?post=4737"}],"curies":[{"name":"wp","href":"https:\/\/api.w.org\/{rel}","templated":true}]}}