{"id":5087,"date":"2024-07-27T10:26:43","date_gmt":"2024-07-27T10:26:43","guid":{"rendered":"https:\/\/komood.shop\/?post_type=product&#038;p=5087"},"modified":"2026-01-18T14:55:09","modified_gmt":"2026-01-18T14:55:09","slug":"trust-in-rust-natural-matte-liquid-lipstick-de-benecos","status":"publish","type":"product","link":"https:\/\/testlab.komood.shop\/fr\/produkt\/trust-in-rust-natural-matte-liquid-lipstick-von-benecos\/","title":{"rendered":"trust in rust - Natural Matte Liquid Lipstick de Benecos"},"content":{"rendered":"<div class=\"ux-logo has-hover align-middle ux_logo inline-block\" style=\"max-width: 100%!important; width: 170px!important\"><a class=\"ux-logo-link block image-\" title=\"Cosm\u00e9tiques naturels de benecos\" href=\"https:\/\/testlab.komood.shop\/fr\/caracteristique\/benecos\/\" style=\"padding: 15px;\"><img decoding=\"async\" src=\"https:\/\/testlab.komood.shop\/wp-content\/uploads\/benecos-logo-klein.png\" title=\"Cosm\u00e9tiques naturels de benecos\" alt=\"Cosm\u00e9tiques naturels de benecos\" class=\"ux-logo-image block\" style=\"height:50px;\" \/><\/a><\/div>\n<h2>Rouge \u00e0 l\u00e8vres liquide mat naturel \"trust in rust\" de Benecos<\/h2>\n<h3>Cosm\u00e9tique naturelle certifi\u00e9e et contr\u00f4l\u00e9e (BDIH)<\/h3>\n<div class=\"is-divider divider clearfix\" style=\"max-width:small;\"><\/div>\n<p>Ce rouge \u00e0 l\u00e8vres liquide de Benecos, facile \u00e0 appliquer, offre un look mat parfait aux types de couleurs suivants.<\/p>\n<p><strong>Syst\u00e8me de refroidissement\/chauffage<\/strong><\/p>\n<ul>\n<li class=\"bullet-checkmark\">chaud<\/li>\n<\/ul>\n<p><strong>4|6|10 Syst\u00e8me de types de couleurs<\/strong><\/p>\n<ul>\n<li class=\"bullet-checkmark\">Automne<\/li>\n<li class=\"bullet-checkmark\">Automne-hiver<\/li>\n<li class=\"bullet-checkmark\">Printemps-automne<\/li>\n<li class=\"bullet-checkmark\">Printemps-Hiver<\/li>\n<\/ul>\n<p><strong>Syst\u00e8me \u00e0 12 types de couleurs<\/strong><\/p>\n<ul>\n<li class=\"bullet-checkmark\">Printemps chaud<\/li>\n<li class=\"bullet-checkmark\">Printemps clair<\/li>\n<li class=\"bullet-checkmark\">Automne chaud<\/li>\n<li class=\"bullet-checkmark\">Deep Autumn<\/li>\n<li class=\"bullet-checkmark\">Hiver profond<\/li>\n<\/ul>\n<div class=\"is-divider divider clearfix\" style=\"max-width:small;\"><\/div>\n<h3>Description du fabricant<\/h3>\n<p>Les MATTE LIQUID LIPSTICKS de benecos, v\u00e9g\u00e9taliens, hautement pigment\u00e9s et satin\u00e9s, \u00e0 l'huile de ricin et \u00e0 la cire de carnauba soignantes, t'offrent un look expressif. L'amidon de ma\u00efs assure un effet mat tr\u00e8s tendance. La formule l\u00e9g\u00e8re comme une plume s'applique en douceur sur les l\u00e8vres. Bonne tenue.<\/p>\n<p>\u2713 trust in rust est une teinte automnale, rouille<br \/>\n\u2713 Rouge \u00e0 l\u00e8vres liquide hautement pigment\u00e9 et satin\u00e9<br \/>\n\u2713 Sans talc &amp; v\u00e9g\u00e9talien<br \/>\n\u2713 Bonne durabilit\u00e9<br \/>\n\u2713 Une combinaison d'huiles v\u00e9g\u00e9tales, de cires et de vitamine E prend soin des l\u00e8vres<br \/>\n\u2713 COSMOS Organic cosm\u00e9tiques biologiques certifi\u00e9s<br \/>\n\u2713 Contenu : 5 ml<\/p>\n<h4>Application<\/h4>\n<p>Pour des l\u00e8vres parfaitement d\u00e9finies, d\u00e9limite d'abord ta bouche avec un crayon \u00e0 l\u00e8vres. Applique ensuite le rouge \u00e0 l\u00e8vres liquide sur tes l\u00e8vres \u00e0 l'aide de l'applicateur ou du pinceau \u00e0 l\u00e8vres.<\/p>\n<h4>Bon \u00e0 savoir<\/h4>\n<p>La pr\u00e9paration est essentielle. Id\u00e9alement, exfolier les l\u00e8vres avant l'application afin de faire dispara\u00eetre les petites imperfections.<\/p>\n<p>\u00c9limination des d\u00e9chets :<br \/>\nLorsque le Liquid Lipstick est \u00e9puis\u00e9, s\u00e9parer les composants de l'emballage et les d\u00e9poser dans le bac de collecte des d\u00e9chets recyclables\/sac jaune.<\/p>\n<h4>Ingr\u00e9dients<\/h4>\n<p>MICA, UNDECANE, RICINUS COMMUNIS (CASTOR) SEED OIL\u00b0, OLEIC\/LINOLEIC\/LINOLENIC POLYGLYCERIDES, ZEA MAYS (CORN) STARCH\u00b0, TRIDECANE, GLYCERYL ROSINATE, POLYGLYCERYL-4 CAPRATE, SILICA, COPERNICIA CERIFERA (CARNAUBA) WAX, HYDROGENATED JOJOBA OIL, PARFUM (FRAGRANCE), POLYGLYCERYL-3 DIISOSTEARATE, LECITHIN, TOCOPHEROL, ASCORBYL PALMITATE, CITRIC ACID, CI 77491 (IRON OXIDES), CI 77891 (TITANIUM DIOXIDE)<\/p>\n<p>\u00b0\u00b0 de culture biologique contr\u00f4l\u00e9e \/ from certified organic agriculture \u00b0\u00b0 composition de parfum naturelle \/ natural fragrance \u00b0\u00b0 fabriqu\u00e9 \u00e0 partir de mati\u00e8res premi\u00e8res biologiques \/ made using organic ingredients<\/p>\n<div class=\"is-divider divider clearfix\" style=\"max-width:small;\"><\/div>\n<h3>Contact<\/h3>\n<p>N'h\u00e9sitez pas \u00e0 nous contacter pour toute question ou suggestion concernant cette offre - <strong><a href=\"https:\/\/testlab.komood.shop\/fr\/informations-service\/contact\/\">Contact<\/a><\/strong>.<\/p>","protected":false},"excerpt":{"rendered":"<ul>\n<li class=\"bullet-star\">rouge \u00e0 l\u00e8vres liquide de Benecos aux couleurs vives et naturelles<\/li>\n<li class=\"bullet-star\">avec de l'huile de ricin bio et de la cire de carnauba<\/li>\n<li class=\"bullet-star\">le c\u00f4t\u00e9 chaud et passionnant de la rouille<\/li>\n<\/ul>","protected":false},"featured_media":5015,"comment_status":"open","ping_status":"closed","template":"","meta":[],"product_brand":[],"product_cat":[321,462,467,485,468,487,470,491,471,493,588,614,589,619,594,646,595,647,598,651,449,450],"product_tag":[514,451,433,443,444,524,525,521,522,530,425,430,442,440],"giftcard-category":[],"class_list":{"0":"post-5087","1":"product","2":"type-product","3":"status-publish","4":"has-post-thumbnail","6":"product_cat-b2c","7":"product_cat-farbtypen","8":"product_cat-farbtyp-herbst","9":"product_cat-lippenstifte-herbsttyp","10":"product_cat-farbtyp-herbst-winter","11":"product_cat-lippenstifte-herbst-wintertyp","12":"product_cat-farbtyp-fruehling-herbst","13":"product_cat-lippenstifte-fruehling-herbsttyp","14":"product_cat-farbtyp-fruehling-winter","15":"product_cat-lippenstifte-fruehling-wintertyp","16":"product_cat-farbtyp-warm-spring","17":"product_cat-lippenstifte-warm-spring","18":"product_cat-farbtyp-clear-spring","19":"product_cat-lippenstifte-clear-spring","20":"product_cat-farbtyp-warm-autumn","21":"product_cat-lippenstifte-warm-autumn","22":"product_cat-farbtyp-deep-autumn","23":"product_cat-lippenstifte-deep-autumn","24":"product_cat-farbtyp-deep-winter","25":"product_cat-lippenstifte-deep-winter","26":"product_cat-dekorative-naturkosmetik","27":"product_cat-lippenstifte","28":"product_tag-natural-matte-liquid-lipstick","29":"product_tag-benecos","30":"product_tag-farbtyp-clear-spring","31":"product_tag-farbtyp-deep-autumn","32":"product_tag-farbtyp-deep-winter","33":"product_tag-fruehling-herbst","34":"product_tag-fruehling-winter","35":"product_tag-herbst","36":"product_tag-herbst-winter","37":"product_tag-lippen","38":"product_tag-b2c","39":"product_tag-warm","40":"product_tag-farbtyp-warm-autumn","41":"product_tag-farbtyp-warm-spring","43":"first","44":"instock","45":"taxable","46":"shipping-taxable","47":"purchasable","48":"product-type-simple"},"_links":{"self":[{"href":"https:\/\/testlab.komood.shop\/fr\/wp-json\/wp\/v2\/product\/5087","targetHints":{"allow":["GET"]}}],"collection":[{"href":"https:\/\/testlab.komood.shop\/fr\/wp-json\/wp\/v2\/product"}],"about":[{"href":"https:\/\/testlab.komood.shop\/fr\/wp-json\/wp\/v2\/types\/product"}],"replies":[{"embeddable":true,"href":"https:\/\/testlab.komood.shop\/fr\/wp-json\/wp\/v2\/comments?post=5087"}],"wp:featuredmedia":[{"embeddable":true,"href":"https:\/\/testlab.komood.shop\/fr\/wp-json\/wp\/v2\/media\/5015"}],"wp:attachment":[{"href":"https:\/\/testlab.komood.shop\/fr\/wp-json\/wp\/v2\/media?parent=5087"}],"wp:term":[{"taxonomy":"product_brand","embeddable":true,"href":"https:\/\/testlab.komood.shop\/fr\/wp-json\/wp\/v2\/product_brand?post=5087"},{"taxonomy":"product_cat","embeddable":true,"href":"https:\/\/testlab.komood.shop\/fr\/wp-json\/wp\/v2\/product_cat?post=5087"},{"taxonomy":"product_tag","embeddable":true,"href":"https:\/\/testlab.komood.shop\/fr\/wp-json\/wp\/v2\/product_tag?post=5087"},{"taxonomy":"giftcard-category","embeddable":true,"href":"https:\/\/testlab.komood.shop\/fr\/wp-json\/wp\/v2\/giftcard-category?post=5087"}],"curies":[{"name":"wp","href":"https:\/\/api.w.org\/{rel}","templated":true}]}}