{"id":5412,"date":"2024-09-05T18:28:42","date_gmt":"2024-09-05T18:28:42","guid":{"rendered":"https:\/\/komood.shop\/?post_type=product&#038;p=5412"},"modified":"2025-11-20T15:28:27","modified_gmt":"2025-11-20T15:28:27","slug":"ember-04-comfort-matt-lipstick-de-lavera","status":"publish","type":"product","link":"https:\/\/testlab.komood.shop\/fr\/produkt\/ember-04-comfort-matt-lipstick-von-lavera\/","title":{"rendered":"Ember 04 - Comfort Matt Lipstick de Lavera"},"content":{"rendered":"<div class=\"ux-logo has-hover align-middle ux_logo inline-block\" style=\"max-width: 100%!important; width: 139px!important\"><a class=\"ux-logo-link block image-\" title=\"Cosm\u00e9tiques naturels de Lavera\" href=\"https:\/\/testlab.komood.shop\/fr\/caracteristique\/lavera\/\" style=\"padding: 15px;\"><img decoding=\"async\" src=\"https:\/\/testlab.komood.shop\/wp-content\/uploads\/lavera-logo-klein.png\" title=\"Cosm\u00e9tiques naturels de Lavera\" alt=\"Cosm\u00e9tiques naturels de Lavera\" class=\"ux-logo-image block\" style=\"height:50px;\" \/><\/a><\/div>\n<h2>Rouge \u00e0 l\u00e8vres \"Ember\" de Lavera au fini mat<\/h2>\n<h3>Cosm\u00e9tique naturelle certifi\u00e9e, made in Germany<\/h3>\n<div class=\"is-divider divider clearfix\" style=\"max-width:small;\"><\/div>\n<p>Ce rouge \u00e0 l\u00e8vres mat de Lavera, au soin naturel et \u00e0 la couleur longue dur\u00e9e, convient aux types de couleurs suivants :<\/p>\n<p><strong>Syst\u00e8me de refroidissement\/chauffage<\/strong><\/p>\n<ul>\n<li class=\"bullet-checkmark\">neutre<\/li>\n<\/ul>\n<p><strong>4|6|10 Syst\u00e8me de types de couleurs<\/strong><\/p>\n<ul>\n<li class=\"bullet-checkmark\">Automne<\/li>\n<li class=\"bullet-checkmark\">Automne-hiver<\/li>\n<li class=\"bullet-checkmark\">Hiver<\/li>\n<\/ul>\n<p><strong>Syst\u00e8me \u00e0 12 types de couleurs<\/strong><\/p>\n<ul>\n<li class=\"bullet-checkmark\">Automne chaud<\/li>\n<li class=\"bullet-checkmark\">Deep Autumn<\/li>\n<li class=\"bullet-checkmark\">Cool Hiver<\/li>\n<li class=\"bullet-checkmark\">Hiver profond<\/li>\n<\/ul>\n<div class=\"is-divider divider clearfix\" style=\"max-width:small;\"><\/div>\n<h3>Description du fabricant<\/h3>\n<p>Le lavera Comfort Matt Lipstick offre aux l\u00e8vres une couleur intense au fini mat - avec une tenue jusqu'\u00e0 6H.<\/p>\n<p>Le rouge \u00e0 l\u00e8vres lavera Comfort Matt Lipstick offre aux l\u00e8vres une couleur intense au fini mat tr\u00e8s tendance. Appliqu\u00e9 sans effort, il met parfaitement en valeur les l\u00e8vres. Sa formule innovante s\u00e9duit par sa texture douce et velout\u00e9e et son confort - avec jusqu'\u00e0 6H de tenue, pas de bavures, pas de d\u00e9coloration. Gr\u00e2ce \u00e0 des ingr\u00e9dients de soin naturels comme le beurre de karit\u00e9 bio et le beurre de cacao bio, les l\u00e8vres sont prot\u00e9g\u00e9es contre le dess\u00e8chement.<\/p>\n<p>- V\u00e9g\u00e9talien<br \/>\n- Sans gluten<br \/>\n- Sans silicone<br \/>\n- Sans huile min\u00e9rale<br \/>\n- Sans microplastiques<br \/>\n- Test\u00e9 dermatologiquement<br \/>\n- Cosm\u00e9tique naturelle certifi\u00e9e<br \/>\n- Fabriqu\u00e9 en Allemagne<\/p>\n<p>\u2713 Couleur intense<br \/>\n\u2713 Finition mate<br \/>\n\u2713 Confortable \u00e0 porter<br \/>\n\u2713 Jusqu'\u00e0 6 heures d'arr\u00eat<br \/>\n\u2713 Prot\u00e8ge les l\u00e8vres du dess\u00e8chement<\/p>\n<h4>Application<\/h4>\n<p>Applique le rouge \u00e0 l\u00e8vres directement sur les l\u00e8vres ou \u00e0 l'aide d'un pinceau \u00e0 l\u00e8vres.<\/p>\n<h4>Ingr\u00e9dients<\/h4>\n<p>Triglyc\u00e9rides capryliques, triheptano\u00efne, silice, huile de glycine soja (soja)*, oxyde de fer (CI 77491), dioxyde de titane (CI 77891), cire de riz (Oryza Sativa), cire d'euphorbe (Candelilla), carmin (CI 75470), beurre de butyrospermum parki (karit\u00e9)*, cire de gomme de Rhus Verniciflua, trihydroxyst\u00e9arine, C10-18 triglyc\u00e9rides, glyceryl rosinate, oxyde de fer (CI 77499), beurre de graine de Theobroma Cacao (Cocoa)*, huile de fruit d'Olea Europaea (Olive)*, extrait de fleur de Rosa Centifolia*, huile insaponifiable d'Olea Europaea (Olive), tocoph\u00e9rol, huile de graine d'Helianthus Annuus (Sunflower)*, glycyrrhizate de dipotassium, alcool* d\u00e9nat\u00e9., Ascorbyl Palmitate, Water (Aqua), Fragrance (Parfum)**, Citronellol**, Limonene**, Geraniol**, Linalool**, Benzyl Alcohol**, Eugenol**, Citral**.<\/p>\n<p>* ingr\u00e9dients issus de l'agriculture biologique certifi\u00e9e<br \/>\n** huiles essentielles naturelles<\/p>\n<h4>Allerg\u00e8nes<\/h4>\n<p>Alcool benzylique<br \/>\nCitral<br \/>\nCitronellol<br \/>\nEug\u00e9nol<br \/>\nG\u00e9raniol<br \/>\nLinalol<br \/>\nd-limon\u00e8ne<\/p>\n<div class=\"is-divider divider clearfix\" style=\"max-width:small;\"><\/div>\n<h3>Contact<\/h3>\n<p>N'h\u00e9sitez pas \u00e0 nous contacter pour toute question ou suggestion concernant cette offre - <strong><a href=\"https:\/\/testlab.komood.shop\/fr\/informations-service\/contact\/\">Contact<\/a><\/strong>.<\/p>","protected":false},"excerpt":{"rendered":"<ul>\n<li class=\"bullet-star\">Rouge \u00e0 l\u00e8vres en cosm\u00e9tique naturelle avec fini mat de Lavera<\/li>\n<li class=\"bullet-star\">sans gluten, sans silicone, sans huile min\u00e9rale et sans microplastique<\/li>\n<li class=\"bullet-star\">mystique, sombre, attirant<\/li>\n<\/ul>","protected":false},"featured_media":5405,"comment_status":"open","ping_status":"closed","template":"","meta":[],"product_brand":[],"product_cat":[321,462,467,485,468,487,469,489,594,646,595,647,597,649,598,651,449,450],"product_tag":[438,443,444,521,522,528,455,530,447,425,442,523],"giftcard-category":[],"class_list":{"0":"post-5412","1":"product","2":"type-product","3":"status-publish","4":"has-post-thumbnail","6":"product_cat-b2c","7":"product_cat-farbtypen","8":"product_cat-farbtyp-herbst","9":"product_cat-lippenstifte-herbsttyp","10":"product_cat-farbtyp-herbst-winter","11":"product_cat-lippenstifte-herbst-wintertyp","12":"product_cat-farbtyp-winter","13":"product_cat-lippenstifte-wintertyp","14":"product_cat-farbtyp-warm-autumn","15":"product_cat-lippenstifte-warm-autumn","16":"product_cat-farbtyp-deep-autumn","17":"product_cat-lippenstifte-deep-autumn","18":"product_cat-farbtyp-cool-winter","19":"product_cat-lippenstifte-cool-winter","20":"product_cat-farbtyp-deep-winter","21":"product_cat-lippenstifte-deep-winter","22":"product_cat-dekorative-naturkosmetik","23":"product_cat-lippenstifte","24":"product_tag-farbtyp-cool-winter","25":"product_tag-farbtyp-deep-autumn","26":"product_tag-farbtyp-deep-winter","27":"product_tag-herbst","28":"product_tag-herbst-winter","29":"product_tag-comfort-matt-lipstick","30":"product_tag-lavera","31":"product_tag-lippen","32":"product_tag-neutral","33":"product_tag-b2c","34":"product_tag-farbtyp-warm-autumn","35":"product_tag-winter","37":"first","38":"instock","39":"taxable","40":"shipping-taxable","41":"purchasable","42":"product-type-simple"},"_links":{"self":[{"href":"https:\/\/testlab.komood.shop\/fr\/wp-json\/wp\/v2\/product\/5412","targetHints":{"allow":["GET"]}}],"collection":[{"href":"https:\/\/testlab.komood.shop\/fr\/wp-json\/wp\/v2\/product"}],"about":[{"href":"https:\/\/testlab.komood.shop\/fr\/wp-json\/wp\/v2\/types\/product"}],"replies":[{"embeddable":true,"href":"https:\/\/testlab.komood.shop\/fr\/wp-json\/wp\/v2\/comments?post=5412"}],"wp:featuredmedia":[{"embeddable":true,"href":"https:\/\/testlab.komood.shop\/fr\/wp-json\/wp\/v2\/media\/5405"}],"wp:attachment":[{"href":"https:\/\/testlab.komood.shop\/fr\/wp-json\/wp\/v2\/media?parent=5412"}],"wp:term":[{"taxonomy":"product_brand","embeddable":true,"href":"https:\/\/testlab.komood.shop\/fr\/wp-json\/wp\/v2\/product_brand?post=5412"},{"taxonomy":"product_cat","embeddable":true,"href":"https:\/\/testlab.komood.shop\/fr\/wp-json\/wp\/v2\/product_cat?post=5412"},{"taxonomy":"product_tag","embeddable":true,"href":"https:\/\/testlab.komood.shop\/fr\/wp-json\/wp\/v2\/product_tag?post=5412"},{"taxonomy":"giftcard-category","embeddable":true,"href":"https:\/\/testlab.komood.shop\/fr\/wp-json\/wp\/v2\/giftcard-category?post=5412"}],"curies":[{"name":"wp","href":"https:\/\/api.w.org\/{rel}","templated":true}]}}