{"id":5414,"date":"2024-09-06T07:01:39","date_gmt":"2024-09-06T07:01:39","guid":{"rendered":"https:\/\/komood.shop\/?post_type=product&#038;p=5414"},"modified":"2025-11-27T10:00:47","modified_gmt":"2025-11-27T10:00:47","slug":"dusty-rose-01-signature-colour-eyeshadow-de-lavera","status":"publish","type":"product","link":"https:\/\/testlab.komood.shop\/fr\/produkt\/dusty-rose-01-signature-colour-eyeshadow-von-lavera\/","title":{"rendered":"Dusty Rose 01 - Signature Colour Eyeshadow de Lavera"},"content":{"rendered":"<div class=\"ux-logo has-hover align-middle ux_logo inline-block\" style=\"max-width: 100%!important; width: 139px!important\"><a class=\"ux-logo-link block image-\" title=\"Naturkosmetik von Lavera\" href=\"https:\/\/testlab.komood.shop\/merkmal\/lavera\/\" style=\"padding: 15px;\"><img decoding=\"async\" src=\"https:\/\/testlab.komood.shop\/wp-content\/uploads\/lavera-logo-klein.png\" title=\"Naturkosmetik von Lavera\" alt=\"Naturkosmetik von Lavera\" class=\"ux-logo-image block\" style=\"height:50px;\" \/><\/a><\/div>\n<h2>Cremiger Lidschatten &#8222;Dusty Rose&#8220; von Lavera<\/h2>\n<h3>Zertifizierte Naturkosmetik, Made in Germany<\/h3>\n<div class=\"is-divider divider clearfix\" style=\"max-width:small;\"><\/div>\n<p>Dieser nat\u00fcrlich pflegende cremige Lidschatten von Lavera mit langanhaltender Farbe ist f\u00fcr folgende Farbtypen geeignet:<\/p>\n<p><strong>K\u00fchl-Warm-System<\/strong><\/p>\n<ul>\n<li class=\"bullet-checkmark\">tendenziell kalttonig<\/li>\n<\/ul>\n<p><strong>4|6|10-Farbtypen-System<\/strong><\/p>\n<ul>\n<li class=\"bullet-checkmark\">Fr\u00fchling-Sommer<\/li>\n<li class=\"bullet-checkmark\">Sommer<\/li>\n<li class=\"bullet-checkmark\">Sommer-Herbst<\/li>\n<li class=\"bullet-checkmark\">Sommer-Winter<\/li>\n<\/ul>\n<p><strong>12-Farbtypen-System<\/strong><\/p>\n<ul>\n<li class=\"bullet-checkmark\">Light Spring<\/li>\n<li class=\"bullet-checkmark\">Light Summer<\/li>\n<li class=\"bullet-checkmark\">Cool Summer<\/li>\n<li class=\"bullet-checkmark\">Soft Summer<\/li>\n<li class=\"bullet-checkmark\">Soft Autumn<\/li>\n<li class=\"bullet-checkmark\">Clear Winter<\/li>\n<\/ul>\n<div class=\"is-divider divider clearfix\" style=\"max-width:small;\"><\/div>\n<h3>Beschreibung des Herstellers<\/h3>\n<p>Die lavera Signature Colour Eyeshadows \u00fcberzeugen durch die m\u00fchelos verblendbare, cremige Textur.<\/p>\n<p>Mit den lavera Signature Colour Eyeshadows lassen sich atemberaubende Looks kreieren. Die cremige Textur der hochpigmentierten Eyeshadows l\u00e4sst sich m\u00fchelos auftragen und nahtlos verblenden. Mineralische Farbpigmente sorgen f\u00fcr intensive Farbabgabe und extra langen Halt, ohne sich in der Lidfalte abzusetzen. Die Formel mit hochwertigen Inhaltsstoffen wie Bio-Mandel\u00f6l und Vitamin E pflegt die sensiblen Augenlider.<\/p>\n<p>Dusty Rose 01: Rauchiges Pastellrosa<\/p>\n<p>&#8211; Vegan<br \/>\n&#8211; Ohne Silikone<br \/>\n&#8211; Ohne Mineral\u00f6l<br \/>\n&#8211; Ohne Mikroplastik<br \/>\n&#8211; Dermatologisch und augen\u00e4rztlich getestet<br \/>\n&#8211; F\u00fcr Kontaktlinsentr\u00e4ger geeignet<br \/>\n&#8211; Zertifizierte Naturkosmetik<br \/>\n&#8211; Made in Germany<\/p>\n<p>\u2713 Intensive Farbabgabe<br \/>\n\u2713 M\u00fchelos verblendbar<br \/>\n\u2713 Extra langer Halt<br \/>\n\u2713 Kein Absetzen in der Lidfalte<br \/>\n\u2713 Vegan<\/p>\n<h4>Anwendung<\/h4>\n<p>Den Lidschatten mit einem Pinsel oder sauberen Fingern auf das Augenlid auftragen.<\/p>\n<h4>Inhaltsstoffe<\/h4>\n<p>Magnesium Stearate, Trihydroxystearin, Tricaprylin, Simmondsia Chinensis (Jojoba) Seed Oil*, Prunus Amygdalus Dulcis (Sweet Almond) Oil*, Tocopheryl Acetate, Water (Aqua), Levulinic Acid, Tocopherol, Glycine Soja (Soybean) Oil, Glycerin, Sodium Levulinate, Helianthus Annuus (Sunflower) Seed Oil*, Fragrance (Parfum)**, Citronellol**, Limonene**, Linalool**, [+\/-Mica, Tin Oxide, Iron Oxide (CI 77491), Iron Oxide (CI 77492), Iron Oxide (CI 77499), Titanium Dioxide (CI 77891)]\n<p>* ingredients from certified organic agriculture<br \/>\n** natural essential oils<\/p>\n<h4>Allergene<\/h4>\n<p>Citronellol<br \/>\nLinalool<br \/>\nd-Limonene<\/p>\n<div class=\"is-divider divider clearfix\" style=\"max-width:small;\"><\/div>\n<h3>Kontakt<\/h3>\n<p>Bei Fragen oder Anregungen zu diesem Angebot stehen wir Ihnen sehr gern zur Verf\u00fcgung &#8211; <strong><a href=\"https:\/\/testlab.komood.shop\/informationen-service\/kontakt\/\">Kontakt<\/a><\/strong>.<\/p>\n","protected":false},"excerpt":{"rendered":"<ul>\n<li class=\"bullet-star\">Ombres \u00e0 paupi\u00e8res cosm\u00e9tiques naturelles \u00e0 la texture cr\u00e9meuse de Lavera<\/li>\n<li class=\"bullet-star\">v\u00e9g\u00e9talien, sans silicone, huile min\u00e9rale et microplastique<\/li>\n<li class=\"bullet-star\">un tendre baiser sur des yeux innocents<\/li>\n<\/ul>","protected":false},"featured_media":5384,"comment_status":"open","ping_status":"closed","template":"","meta":[],"product_brand":[],"product_cat":[321,462,464,534,465,535,466,536,472,542,587,612,590,627,591,632,592,637,593,663,596,665,449,532],"product_tag":[531,437,435,529,455,439,434,425,441,436,445],"giftcard-category":[],"class_list":{"0":"post-5414","1":"product","2":"type-product","3":"status-publish","4":"has-post-thumbnail","6":"product_cat-b2c","7":"product_cat-farbtypen","8":"product_cat-farbtyp-fruehling-sommer","9":"product_cat-eyeshadow-fruehling-sommertyp","10":"product_cat-farbtyp-sommer","11":"product_cat-eyeshadow-sommertyp","12":"product_cat-farbtyp-sommer-herbst","13":"product_cat-eyeshadow-sommer-herbsttyp","14":"product_cat-farbtyp-sommer-winter","15":"product_cat-eyeshadow-sommer-wintertyp","16":"product_cat-farbtyp-light-spring","17":"product_cat-eyeshadow-light-spring","18":"product_cat-farbtyp-light-summer","19":"product_cat-eyeshadow-light-summer","20":"product_cat-farbtyp-cool-summer","21":"product_cat-eyeshadow-cool-summer","22":"product_cat-farbtyp-soft-summer","23":"product_cat-eyeshadow-soft-summer","24":"product_cat-farbtyp-soft-autumn","25":"product_cat-eyeshadow-soft-autumn","26":"product_cat-farbtyp-clear-winter","27":"product_cat-eyeshadow-clear-winter","28":"product_cat-dekorative-naturkosmetik","29":"product_cat-eyeshadow","30":"product_tag-augen","31":"product_tag-farbtyp-clear-winter","32":"product_tag-farbtyp-cool-summer","33":"product_tag-signature-colour-eyeshadow","34":"product_tag-lavera","35":"product_tag-farbtyp-light-spring","36":"product_tag-farbtyp-light-summer","37":"product_tag-b2c","38":"product_tag-farbtyp-soft-autumn","39":"product_tag-farbtyp-soft-summer","40":"product_tag-tendenz-kuehl","42":"first","43":"instock","44":"taxable","45":"shipping-taxable","46":"purchasable","47":"product-type-simple"},"_links":{"self":[{"href":"https:\/\/testlab.komood.shop\/fr\/wp-json\/wp\/v2\/product\/5414","targetHints":{"allow":["GET"]}}],"collection":[{"href":"https:\/\/testlab.komood.shop\/fr\/wp-json\/wp\/v2\/product"}],"about":[{"href":"https:\/\/testlab.komood.shop\/fr\/wp-json\/wp\/v2\/types\/product"}],"replies":[{"embeddable":true,"href":"https:\/\/testlab.komood.shop\/fr\/wp-json\/wp\/v2\/comments?post=5414"}],"wp:featuredmedia":[{"embeddable":true,"href":"https:\/\/testlab.komood.shop\/fr\/wp-json\/wp\/v2\/media\/5384"}],"wp:attachment":[{"href":"https:\/\/testlab.komood.shop\/fr\/wp-json\/wp\/v2\/media?parent=5414"}],"wp:term":[{"taxonomy":"product_brand","embeddable":true,"href":"https:\/\/testlab.komood.shop\/fr\/wp-json\/wp\/v2\/product_brand?post=5414"},{"taxonomy":"product_cat","embeddable":true,"href":"https:\/\/testlab.komood.shop\/fr\/wp-json\/wp\/v2\/product_cat?post=5414"},{"taxonomy":"product_tag","embeddable":true,"href":"https:\/\/testlab.komood.shop\/fr\/wp-json\/wp\/v2\/product_tag?post=5414"},{"taxonomy":"giftcard-category","embeddable":true,"href":"https:\/\/testlab.komood.shop\/fr\/wp-json\/wp\/v2\/giftcard-category?post=5414"}],"curies":[{"name":"wp","href":"https:\/\/api.w.org\/{rel}","templated":true}]}}