{"id":6155,"date":"2024-11-21T10:30:18","date_gmt":"2024-11-21T10:30:18","guid":{"rendered":"https:\/\/komood.shop\/?post_type=product&#038;p=6155"},"modified":"2025-10-28T14:00:41","modified_gmt":"2025-10-28T14:00:41","slug":"cheque-cadeau-digital-email","status":"publish","type":"product","link":"https:\/\/testlab.komood.shop\/fr\/produkt\/geschenkgutschein-digital-email\/","title":{"rendered":"Ch\u00e8que-cadeau num\u00e9rique"},"content":{"rendered":"<h2>Le bon d'achat num\u00e9rique pour les achats sur komood.shop<\/h2>\n<h3>Option A :<\/h3>\n<p class=\"lead\">Vous ne choisissez pas de destinataire et remettez vous-m\u00eame votre ch\u00e8que-cadeau par e-mail ou sur papier.<\/p>\n<h3>Option B :<\/h3>\n<p class=\"lead\">Vous indiquez un(e) destinataire, y compris son adresse e-mail, et nous nous occupons du reste.<\/p>\n<div class=\"is-divider divider clearfix\" style=\"max-width:small;\"><\/div>\n<p>Ce bon est valable sur l'ensemble de notre boutique au moment de son utilisation et sera envoy\u00e9 par e-mail \u00e0 la personne que vous aurez d\u00e9sign\u00e9e. Vous pouvez choisir la date et l'heure et vous serez inform\u00e9(e) de l'envoi et de l'utilisation du bon que vous avez achet\u00e9.<\/p>\n<h3>Les avantages de notre bon num\u00e9rique<\/h3>\n<ul>\n<li class=\"bullet-checkmark\">en g\u00e9n\u00e9ral, pas d'envoi postal n\u00e9cessaire<\/li>\n<li class=\"bullet-checkmark\">Possibilit\u00e9 d'impression (e-mail ou pi\u00e8ce jointe PDF)<\/li>\n<li class=\"bullet-checkmark\">Valeur \u00e0 choisir parmi des montants pr\u00e9d\u00e9finis ou \u00e0 saisir (max. : 150 euros)<\/li>\n<li class=\"bullet-checkmark\">Motif du bon \u00e0 choisir librement dans la galerie d'images<\/li>\n<li class=\"bullet-checkmark\"><strong>en option :<\/strong> Indication du nom du\/de la destinataire<\/li>\n<li class=\"bullet-checkmark\"><strong>en option :<\/strong> Indication de l'adresse e-mail du\/de la destinataire<\/li>\n<li class=\"bullet-checkmark\"><strong>en option<\/strong>: message texte personnel adress\u00e9 au\/\u00e0 la destinataire<\/li>\n<li class=\"bullet-checkmark\"><strong>en option :<\/strong> Votre nom d'exp\u00e9diteur<\/li>\n<li class=\"bullet-checkmark\"><strong>en option :<\/strong> D\u00e9finition d'une heure de livraison en fonction de la date et de l'heure<\/li>\n<li class=\"bullet-checkmark\">Envoi du bon par e-mail (voir illustration ci-dessous), pi\u00e8ce jointe PDF incluse<\/li>\n<li class=\"bullet-checkmark\">Livraison aussi bien au destinataire qu'\u00e0 l'acheteur<\/li>\n<li class=\"bullet-checkmark\">Notification de l'envoi du bon<\/li>\n<li class=\"bullet-checkmark\">Notification de l'utilisation du bon<\/li>\n<li class=\"bullet-checkmark\">Le bon est actif imm\u00e9diatement apr\u00e8s le paiement.<\/li>\n<li class=\"bullet-checkmark\">Validit\u00e9 : 2 ans \u00e0 partir de la date d'achat<\/li>\n<\/ul>\n<p>Si vous avez mal saisi l'adresse e-mail du destinataire lors d'un envoi direct, cette personne ne recevra pas de message. Conservez donc la notification qui vous a \u00e9t\u00e9 envoy\u00e9e en m\u00eame temps afin de pouvoir la transmettre \u00e0 la personne \u00e0 laquelle vous pensez sous forme d'e-mail ou d'impression si n\u00e9cessaire.<\/p>\n<p>Pour l'utilisation des codes de bons d'achat, les dispositions du \u00a79 de notre <a href=\"https:\/\/testlab.komood.shop\/fr\/textes-juridiques\/conditions-generales\/\"><strong>CONDITIONS G\u00c9N\u00c9RALES DE VENTE<\/strong><\/a>.<\/p>\n<div class=\"is-divider divider clearfix\" style=\"max-width:small;\"><\/div>\n<h3>Voici comment votre bon arrive chez le\/la destinataire<\/h3>\n<p>Une fois votre commande termin\u00e9e et pay\u00e9e, un e-mail est imm\u00e9diatement envoy\u00e9 \u00e0 la personne que vous avez choisie. Dans la mesure o\u00f9 vous souhaitez une livraison ult\u00e9rieure (par exemple le jour d'un anniversaire), vous pouvez le d\u00e9terminer au pr\u00e9alable sur la page de l'article.<\/p>\n<p>L'e-mail contient, outre toutes les informations pertinentes et utiles pour l'utilisation du bon, le motif du bon que vous avez choisi, le montant ainsi que les noms et textes que vous avez indiqu\u00e9s en option. L'aspect visuel de cet e-mail correspond \u00e0 l'exemple d'illustration ci-dessous (sous r\u00e9serve d'adaptations).<\/p>\n<p><img loading=\"lazy\" decoding=\"async\" class=\"alignnone wp-image-5952 size-full\" src=\"https:\/\/testlab.komood.shop\/wp-content\/uploads\/email-digitaler-gutschein.webp\" alt=\"Capture d&#039;\u00e9cran d&#039;un e-mail pour l&#039;envoi d&#039;un ch\u00e8que-cadeau \u00e9lectronique avec texte et motif du ch\u00e8que-cadeau\" width=\"700\" height=\"1000\" srcset=\"https:\/\/testlab.komood.shop\/wp-content\/uploads\/email-digitaler-gutschein.webp 700w, https:\/\/testlab.komood.shop\/wp-content\/uploads\/email-digitaler-gutschein-600x857.webp 600w, https:\/\/testlab.komood.shop\/wp-content\/uploads\/email-digitaler-gutschein-196x280.webp 196w, https:\/\/testlab.komood.shop\/wp-content\/uploads\/email-digitaler-gutschein-8x12.webp 8w\" sizes=\"auto, (max-width: 700px) 100vw, 700px\" \/><\/p>\n<div class=\"is-divider divider clearfix\" style=\"max-width:small;\"><\/div>\n<h3>Remarque fiscale \/ Comptabilit\u00e9<\/h3>\n<p>Cette offre est ce que l'on appelle une \"offre d'achat\". <strong>Bon \u00e0 usage multiple<\/strong>. L'achat d'un ch\u00e8que-cadeau est exon\u00e9r\u00e9 de TVA. La TVA est indiqu\u00e9e lors de l'utilisation du ch\u00e8que-cadeau sous la forme d'une facture en bonne et due forme. La personne qui utilise le ch\u00e8que-cadeau est tenue de payer un montant suppl\u00e9mentaire uniquement si la valeur du panier achet\u00e9 est sup\u00e9rieure \u00e0 la valeur (r\u00e9siduelle) du ch\u00e8que-cadeau.<\/p>\n<div class=\"is-divider divider clearfix\" style=\"max-width:small;\"><\/div>\n<h3>Contact<\/h3>\n<p>N'h\u00e9sitez pas \u00e0 nous contacter pour toute question ou suggestion concernant cette offre - <strong><a href=\"https:\/\/testlab.komood.shop\/fr\/informations-service\/contact\/\">Contact<\/a><\/strong>.<\/p>","protected":false},"excerpt":{"rendered":"<ul>\n<li class=\"bullet-star\">Ch\u00e8que-cadeau \u00e0 envoyer par e-mail<\/li>\n<li class=\"bullet-star\">Possibilit\u00e9 d'envoi direct au destinataire<\/li>\n<li class=\"bullet-star\">Libre choix de la date d'envoi<\/li>\n<li class=\"bullet-star\">possibilit\u00e9 d'envoyer un message texte personnel<\/li>\n<li class=\"bullet-star\">simple - en ligne - rapide - fiable - s\u00fbr<\/li>\n<\/ul>","protected":false},"featured_media":5941,"comment_status":"closed","ping_status":"closed","template":"","meta":[],"product_brand":[],"product_cat":[555],"product_tag":[562,232,561,560,554,425,563],"giftcard-category":[571,574,573,572],"class_list":{"0":"post-6155","1":"product","2":"type-product","3":"status-publish","4":"has-post-thumbnail","6":"product_cat-gutscheine","7":"product_tag-geburtstag","8":"product_tag-b2b","9":"product_tag-geschenk","10":"product_tag-goody","11":"product_tag-gutschein","12":"product_tag-b2c","13":"product_tag-weihnachten","14":"giftcard-category-digital-weihnachten","15":"giftcard-category-digital-bild-und-textmotiv","16":"giftcard-category-digital-bildmotiv","17":"giftcard-category-digital-textmotiv","19":"first","20":"instock","21":"virtual","22":"purchasable","23":"product-type-gift-card"},"_links":{"self":[{"href":"https:\/\/testlab.komood.shop\/fr\/wp-json\/wp\/v2\/product\/6155","targetHints":{"allow":["GET"]}}],"collection":[{"href":"https:\/\/testlab.komood.shop\/fr\/wp-json\/wp\/v2\/product"}],"about":[{"href":"https:\/\/testlab.komood.shop\/fr\/wp-json\/wp\/v2\/types\/product"}],"replies":[{"embeddable":true,"href":"https:\/\/testlab.komood.shop\/fr\/wp-json\/wp\/v2\/comments?post=6155"}],"wp:featuredmedia":[{"embeddable":true,"href":"https:\/\/testlab.komood.shop\/fr\/wp-json\/wp\/v2\/media\/5941"}],"wp:attachment":[{"href":"https:\/\/testlab.komood.shop\/fr\/wp-json\/wp\/v2\/media?parent=6155"}],"wp:term":[{"taxonomy":"product_brand","embeddable":true,"href":"https:\/\/testlab.komood.shop\/fr\/wp-json\/wp\/v2\/product_brand?post=6155"},{"taxonomy":"product_cat","embeddable":true,"href":"https:\/\/testlab.komood.shop\/fr\/wp-json\/wp\/v2\/product_cat?post=6155"},{"taxonomy":"product_tag","embeddable":true,"href":"https:\/\/testlab.komood.shop\/fr\/wp-json\/wp\/v2\/product_tag?post=6155"},{"taxonomy":"giftcard-category","embeddable":true,"href":"https:\/\/testlab.komood.shop\/fr\/wp-json\/wp\/v2\/giftcard-category?post=6155"}],"curies":[{"name":"wp","href":"https:\/\/api.w.org\/{rel}","templated":true}]}}