{"id":6181,"date":"2024-11-21T18:35:28","date_gmt":"2024-11-21T18:35:28","guid":{"rendered":"https:\/\/komood.shop\/?post_type=product&#038;p=6181"},"modified":"2025-10-28T14:00:41","modified_gmt":"2025-10-28T14:00:41","slug":"bon-dachat-marion-zens-komood-berlin","status":"publish","type":"product","link":"https:\/\/testlab.komood.shop\/fr\/produkt\/gutschein-marion-zens-komood-berlin\/","title":{"rendered":"Bon d'achat - Marion Zens | komood | Berlin"},"content":{"rendered":"<h2>Une astuce de bons d'achat de komood.shop<\/h2>\n<p><strong>Cette page ne contient pas d'offre de komood.shop, mais, dans l'esprit d'une recommandation, un simple lien vers une offre externe.<\/strong><\/p>\n<p>En cliquant sur le bouton<\/p>\n<a class=\"button secondary is-secondary is-small\" >\n\t\t<span>komood.fr - Bons pour des conseils en couleur et en style \u00e0 Berlin<\/span>\n\t<\/a>\n\n<p>vous quittez notre boutique en ligne et, par cons\u00e9quent, notre offre.<\/p>\n<p>L'exploitant du site concern\u00e9 est seul responsable de l'offre li\u00e9e et de ses conditions. Il est possible que l'offre li\u00e9e ne soit pas ou plus disponible au moment o\u00f9 vous la consultez. Dans ce cas, nous vous serions reconnaissants de nous en informer.<\/p>\n<div class=\"is-divider divider clearfix\" style=\"max-width:small;\"><\/div>\n<h3>\u00c0 propos de l'offre de bons externes<\/h3>\n<p>Nous connaissons bien s\u00fbr tr\u00e8s bien le fournisseur Marion Zens, puisque nous sommes une entreprise ind\u00e9pendante issue de son activit\u00e9 de conseil \u00e0 Berlin et que le c\u0153ur de notre gamme est constitu\u00e9 de ses produits ou de produits d\u00e9velopp\u00e9s en commun. C'est donc avec plaisir que nous faisons r\u00e9f\u00e9rence aux activit\u00e9s de conseil de Marion et \u00e0 l'offre de bons d'achat qui y est associ\u00e9e.<\/p>\n<p>Si vous \u00eates int\u00e9ress\u00e9, vous trouverez sur le site www.komood.de toutes les informations sur les services de conseil de Marion Zens | komood.<\/p>\n<div class=\"is-divider divider clearfix\" style=\"max-width:small;\"><\/div>\n<h3>Contact<\/h3>\n<p>N'h\u00e9sitez pas \u00e0 nous contacter si vous avez des questions, des suggestions ou des remarques concernant cette recommandation - <strong><a href=\"https:\/\/testlab.komood.shop\/fr\/informations-service\/contact\/\">Contact<\/a><\/strong>.<\/p>","protected":false},"excerpt":{"rendered":"<h3>Recommandation de bons d'achat<\/h3>\n<p>D\u00e9couvrez et achetez les <strong>bons d'achat de marion zens | komood<\/strong> pour diff\u00e9rents services de conseil sur les th\u00e8mes de la couleur, du style, du contr\u00f4le de la garde-robe et du personal shopping \u00e0 Berlin et dans les environs, directement sur le site web du prestataire.<\/p>","protected":false},"featured_media":6186,"comment_status":"closed","ping_status":"closed","template":"","meta":[],"product_brand":[],"product_cat":[555],"product_tag":[565,554],"giftcard-category":[],"class_list":{"0":"post-6181","1":"product","2":"type-product","3":"status-publish","4":"has-post-thumbnail","6":"product_cat-gutscheine","7":"product_tag-empfehlungslink","8":"product_tag-gutschein","10":"first","11":"instock","12":"purchasable","13":"product-type-external"},"_links":{"self":[{"href":"https:\/\/testlab.komood.shop\/fr\/wp-json\/wp\/v2\/product\/6181","targetHints":{"allow":["GET"]}}],"collection":[{"href":"https:\/\/testlab.komood.shop\/fr\/wp-json\/wp\/v2\/product"}],"about":[{"href":"https:\/\/testlab.komood.shop\/fr\/wp-json\/wp\/v2\/types\/product"}],"replies":[{"embeddable":true,"href":"https:\/\/testlab.komood.shop\/fr\/wp-json\/wp\/v2\/comments?post=6181"}],"wp:featuredmedia":[{"embeddable":true,"href":"https:\/\/testlab.komood.shop\/fr\/wp-json\/wp\/v2\/media\/6186"}],"wp:attachment":[{"href":"https:\/\/testlab.komood.shop\/fr\/wp-json\/wp\/v2\/media?parent=6181"}],"wp:term":[{"taxonomy":"product_brand","embeddable":true,"href":"https:\/\/testlab.komood.shop\/fr\/wp-json\/wp\/v2\/product_brand?post=6181"},{"taxonomy":"product_cat","embeddable":true,"href":"https:\/\/testlab.komood.shop\/fr\/wp-json\/wp\/v2\/product_cat?post=6181"},{"taxonomy":"product_tag","embeddable":true,"href":"https:\/\/testlab.komood.shop\/fr\/wp-json\/wp\/v2\/product_tag?post=6181"},{"taxonomy":"giftcard-category","embeddable":true,"href":"https:\/\/testlab.komood.shop\/fr\/wp-json\/wp\/v2\/giftcard-category?post=6181"}],"curies":[{"name":"wp","href":"https:\/\/api.w.org\/{rel}","templated":true}]}}