{"id":6841,"date":"2025-01-14T18:54:54","date_gmt":"2025-01-14T18:54:54","guid":{"rendered":"https:\/\/komood.shop\/?post_type=product&#038;p=6841"},"modified":"2026-02-16T17:44:45","modified_gmt":"2026-02-16T17:44:45","slug":"02-umbrabraun-mascara-par-marie-w","status":"publish","type":"product","link":"https:\/\/testlab.komood.shop\/fr\/produkt\/02-umbrabraun-wimperntusche-von-marie-w\/","title":{"rendered":"02 UmbraBraun - Mascara de marie w."},"content":{"rendered":"<div class=\"ux-logo has-hover align-middle ux_logo inline-block\" style=\"max-width: 100%!important; width: 271px!important\"><a class=\"ux-logo-link block image-\" title=\"Naturkosmetik von Marie W.\" href=\"https:\/\/testlab.komood.shop\/merkmal\/marie-w\/\" style=\"padding: 15px;\"><img decoding=\"async\" src=\"https:\/\/testlab.komood.shop\/wp-content\/uploads\/marie-w-logo-klein.png\" title=\"Naturkosmetik von Marie W.\" alt=\"Naturkosmetik von Marie W.\" class=\"ux-logo-image block\" style=\"height:50px;\" \/><\/a><\/div>\n<h2>Wimperntusche &#8222;02 UmbraBraun&#8220;<\/h2>\n<h3>augen\u00e4rztlich getester Mascara aus Bio-Aloe Vera und Fair Trade Mango | zertifizierte Naturkosmetik<\/h3>\n<div class=\"is-divider divider clearfix\" style=\"max-width:small;\"><\/div>\n<p>Diese vegane, hochwertige und pflegende Wimperntusche von marie w. ist f\u00fcr folgende Augenfarben und Farbtypen geeignet:<\/p>\n<p><strong>Augenfarben<\/strong><\/p>\n<ul>\n<li class=\"bullet-checkmark\">Braun<\/li>\n<li class=\"bullet-checkmark\">Gr\u00fcn<\/li>\n<\/ul>\n<p><strong>K\u00fchl-Warm-System<\/strong><\/p>\n<ul>\n<li class=\"bullet-checkmark\">warm<\/li>\n<\/ul>\n<p><strong>4|6|10-Farbtypen-System<\/strong><\/p>\n<ul>\n<li class=\"bullet-checkmark\">Fr\u00fchling<\/li>\n<li class=\"bullet-checkmark\">Fr\u00fchling-Sommer<\/li>\n<li class=\"bullet-checkmark\">Sommer-Herbst<\/li>\n<li class=\"bullet-checkmark\">Herbst<\/li>\n<li class=\"bullet-checkmark\">Fr\u00fchling-Herbst<\/li>\n<li class=\"bullet-checkmark\">Fr\u00fchling-Winter<\/li>\n<\/ul>\n<p><strong>12-Farbtypen-System<\/strong><\/p>\n<ul>\n<li class=\"bullet-checkmark\">Light Spring<\/li>\n<li class=\"bullet-checkmark\">Warm Spring<\/li>\n<li class=\"bullet-checkmark\">Clear Spring<\/li>\n<li class=\"bullet-checkmark\">Soft Autumn<\/li>\n<li class=\"bullet-checkmark\">Warm Autumn<\/li>\n<li class=\"bullet-checkmark\">Deep Autumn<\/li>\n<\/ul>\n<div class=\"is-divider divider clearfix\" style=\"max-width:small;\"><\/div>\n<h3>Beschreibung des Herstellers<\/h3>\n<p>WimpernTusche 02 UmbraBraun<\/p>\n<p>aus Bio-Aloe Vera und Fair Trade-Mango<\/p>\n<p><strong>Einfach:<\/strong> Drei-in-eins Effekt f\u00fcr L\u00e4nge, Dichte und Schwung<br \/>\n<strong>Nat\u00fcrlich:<\/strong> Wertvolle pflanzliche Wirkstoffe wie Bio-Aloe Vera und Fair Trade-Mango umh\u00fcllen, st\u00e4rken und pflegen Ihre Wimpern<br \/>\n<strong>Vollendet:<\/strong> Wirkt, als w\u00e4ren die Wimpern von Natur aus lang, dicht &amp; dunkel<\/p>\n<p>marie w. WimpernTuschen aus Bio-Aloe Vera sind die Antwort f\u00fcr alle, die schon immer nach einer nat\u00fcrlich-perfekten Wimperntusche gesucht haben.<\/p>\n<p>Die inneren Werte der neuen WimpernTuschen sp\u00fcren Sie sofort: Statt Wasser als Haupt-Inhaltsstoff verwenden wir wertvollen Bio-Aloe Vera Saft. Seine sanfte K\u00fchle macht schon das Auftragen zur Wohltat. Kostbare Fair Trade-Mangobutter umh\u00fcllt sch\u00fctzend und pflegend jedes einzelne H\u00e4rchen ohne es zu belasten. So bleiben die Wimpern selbst bei mehrmaligem \u00dcbertuschen geschmeidig. Das Resultat: Ausdrucksvolles, nat\u00fcrliches Volumen statt starrem Puppenaugen-Look.<\/p>\n<h4>Anwendungstipp<\/h4>\n<p><strong>Die l\u00e4ngeren Wimpern am oberen Lid:<\/strong><\/p>\n<p>1. Am oberen Wimpernrand ansetzen, zwei Abw\u00e4rtsstriche zur Wimpernspitze hin f\u00fchren.<br \/>\n2. Am unteren Wimperrand ansetzen, zwei Aufw\u00e4rtsstriche zur Wimpernspitze hin f\u00fchren.<\/p>\n<p><strong>Die k\u00fcrzeren Wimpern am unteren Lid:<\/strong><\/p>\n<p>1. B\u00fcrstchen senkrecht halten und nach unten ziehen.<br \/>\n2. B\u00fcrstchen waagerecht halten und mit einer Zickzack-Bewegung nach unten \u201ar\u00fctteln\u2018.<\/p>\n<h4>Inhaltsstoffe<\/h4>\n<p>ALOE BARBADENSIS LEAF JUICE* , GLYCERYL ROSINATE , GLYCERYL STEARATE , KAOLIN , PULLULAN , CETEARYL ALCOHOL , CAPRYLIC\/CAPRIC TRIGLYCERIDE , SUCROSE PALMITATE , ACACIA SENEGAL GUM , RICINUS COMMUNIS SEED OIL* , AQUA (WATER) , GLYCERIN , POTASSIUM PALMITOYL HYDROLYZED WHEAT PROTEIN , GALACTORABINAN , GLYCERYL CAPRYLATE , SODIUM STEAROYL LACTYLATE , P-ANISIC ACID , LACTIC ACID , SODIUM ANISATE , LECITHIN , SODIUM SILICATE , SODIUM LEVULINATE , BUTYROSPERMUM PARKII BUTTER* , TOCOPHEROL , ASCORBYL PALMITATE , MANGIFERA INDICA SEED BUTTER* , CITRIC ACID , +\/- [CI77491, CI77492, CI77499]\n<p>* aus kontrolliert-biologischem Anbau<\/p>\n<p>Vegan<\/p>\n<div class=\"is-divider divider clearfix\" style=\"max-width:small;\"><\/div>\n<h3>Kontakt<\/h3>\n<p>Bei Fragen oder Anregungen zu diesem Angebot stehen wir Ihnen sehr gern zur Verf\u00fcgung &#8211; <strong><a href=\"https:\/\/testlab.komood.shop\/informationen-service\/kontakt\/\">Kontakt<\/a><\/strong>.<\/p>\n","protected":false},"excerpt":{"rendered":"<ul>\n<li class=\"bullet-star\">mascara naturel \u00e0 base d'aloe vera bio<\/li>\n<li class=\"bullet-star\">traitant et test\u00e9 par un ophtalmologue<\/li>\n<li class=\"bullet-star\">Le noir n'est plus une alternative<\/li>\n<\/ul>","protected":false},"featured_media":6312,"comment_status":"open","ping_status":"closed","template":"","meta":[],"product_brand":[],"product_cat":[321,462,463,577,464,578,466,580,467,581,470,584,471,585,587,611,588,616,589,621,593,670,594,657,595,658,449,600],"product_tag":[531,433,443,517,524,518,525,521,439,459,601,425,441,520,430,442,440],"giftcard-category":[],"class_list":{"0":"post-6841","1":"product","2":"type-product","3":"status-publish","4":"has-post-thumbnail","6":"product_cat-b2c","7":"product_cat-farbtypen","8":"product_cat-farbtyp-fruehling","9":"product_cat-mascara-fruehlingstyp","10":"product_cat-farbtyp-fruehling-sommer","11":"product_cat-mascara-fruehling-sommertyp","12":"product_cat-farbtyp-sommer-herbst","13":"product_cat-mascara-sommer-herbsttyp","14":"product_cat-farbtyp-herbst","15":"product_cat-mascara-herbsttyp","16":"product_cat-farbtyp-fruehling-herbst","17":"product_cat-mascara-fruehling-herbsttyp","18":"product_cat-farbtyp-fruehling-winter","19":"product_cat-mascara-fruehling-wintertyp","20":"product_cat-farbtyp-light-spring","21":"product_cat-mascara-light-spring","22":"product_cat-farbtyp-warm-spring","23":"product_cat-mascara-warm-spring","24":"product_cat-farbtyp-clear-spring","25":"product_cat-mascara-clear-spring","26":"product_cat-farbtyp-soft-autumn","27":"product_cat-mascara-soft-autumn","28":"product_cat-farbtyp-warm-autumn","29":"product_cat-mascara-warm-autumn","30":"product_cat-farbtyp-deep-autumn","31":"product_cat-mascara-deep-autumn","32":"product_cat-dekorative-naturkosmetik","33":"product_cat-mascara","34":"product_tag-augen","35":"product_tag-farbtyp-clear-spring","36":"product_tag-farbtyp-deep-autumn","37":"product_tag-fruehling","38":"product_tag-fruehling-herbst","39":"product_tag-fruehling-sommer","40":"product_tag-fruehling-winter","41":"product_tag-herbst","42":"product_tag-farbtyp-light-spring","43":"product_tag-marie-w","44":"product_tag-maw-wimperntusche","45":"product_tag-b2c","46":"product_tag-farbtyp-soft-autumn","47":"product_tag-sommer-herbst","48":"product_tag-warm","49":"product_tag-farbtyp-warm-autumn","50":"product_tag-farbtyp-warm-spring","52":"first","53":"instock","54":"taxable","55":"shipping-taxable","56":"purchasable","57":"product-type-simple"},"_links":{"self":[{"href":"https:\/\/testlab.komood.shop\/fr\/wp-json\/wp\/v2\/product\/6841","targetHints":{"allow":["GET"]}}],"collection":[{"href":"https:\/\/testlab.komood.shop\/fr\/wp-json\/wp\/v2\/product"}],"about":[{"href":"https:\/\/testlab.komood.shop\/fr\/wp-json\/wp\/v2\/types\/product"}],"replies":[{"embeddable":true,"href":"https:\/\/testlab.komood.shop\/fr\/wp-json\/wp\/v2\/comments?post=6841"}],"wp:featuredmedia":[{"embeddable":true,"href":"https:\/\/testlab.komood.shop\/fr\/wp-json\/wp\/v2\/media\/6312"}],"wp:attachment":[{"href":"https:\/\/testlab.komood.shop\/fr\/wp-json\/wp\/v2\/media?parent=6841"}],"wp:term":[{"taxonomy":"product_brand","embeddable":true,"href":"https:\/\/testlab.komood.shop\/fr\/wp-json\/wp\/v2\/product_brand?post=6841"},{"taxonomy":"product_cat","embeddable":true,"href":"https:\/\/testlab.komood.shop\/fr\/wp-json\/wp\/v2\/product_cat?post=6841"},{"taxonomy":"product_tag","embeddable":true,"href":"https:\/\/testlab.komood.shop\/fr\/wp-json\/wp\/v2\/product_tag?post=6841"},{"taxonomy":"giftcard-category","embeddable":true,"href":"https:\/\/testlab.komood.shop\/fr\/wp-json\/wp\/v2\/giftcard-category?post=6841"}],"curies":[{"name":"wp","href":"https:\/\/api.w.org\/{rel}","templated":true}]}}