{"id":7937,"date":"2025-03-06T21:28:21","date_gmt":"2025-03-06T21:28:21","guid":{"rendered":"https:\/\/komood.shop\/?post_type=product&#038;p=7937"},"modified":"2025-11-25T12:57:19","modified_gmt":"2025-11-25T12:57:19","slug":"tissu-eventails-couleur-automne-neoxl","status":"publish","type":"product","link":"https:\/\/testlab.komood.shop\/fr\/produkt\/stoff-farbfaecher-herbst-neoxl\/","title":{"rendered":"Passeport de couleurs de tissus Automne | Nuancier Neo XL 5.0"},"content":{"rendered":"<div class=\"ux-logo has-hover align-middle ux_logo inline-block\" style=\"max-width: 100%!important; width: 237px!important\"><a class=\"ux-logo-link block image-\" title=\"Passeports de couleurs et mat\u00e9riel de conseil de komood\" href=\"https:\/\/testlab.komood.shop\/fr\/caracteristique\/komood\/\" style=\"padding: 15px;\"><img decoding=\"async\" src=\"https:\/\/testlab.komood.shop\/wp-content\/uploads\/komood-logo-klein.png\" title=\"Passeports de couleurs et mat\u00e9riel de conseil de komood\" alt=\"Passeports de couleurs et mat\u00e9riel de conseil de komood\" class=\"ux-logo-image block\" style=\"height:50px;\" \/><\/a><\/div>\n<h2>Nuancier textile pour le type automne | Neo XL - version 5.0<\/h2>\n<h3>40 couleurs de la palette de couleurs fonc\u00e9.chaud<\/h3>\n<div class=\"is-divider divider clearfix\" style=\"max-width:small;\"><\/div>\n<p>Ce nuancier unique de Komood vous permet de comparer un tissu \u00e0 un autre. Il combine un large choix de couleurs adapt\u00e9es \u00e0 la vie de tous les jours et une grande facilit\u00e9 d'utilisation. Laissez-vous inspirer par notre s\u00e9lection de couleurs s\u00fbre, testez toutes les combinaisons de couleurs et faites l'exp\u00e9rience d'une nouvelle s\u00e9curit\u00e9 lors de vos achats.<\/p>\n<h3>Avantages particuliers de ce passeport couleur d'automne en forme d'\u00e9ventail<\/h3>\n<ul>\n<li class=\"bullet-checkmark\"><strong>40 couleurs s\u00e9lectionn\u00e9es<\/strong> pour le type automne<\/li>\n<li class=\"bullet-checkmark\">grand sans bordure <strong>Cartes de couleurs en coton<\/strong><\/li>\n<li class=\"bullet-checkmark\">individuel <strong>Des combinaisons de couleurs en un clin d'\u0153il<\/strong><\/li>\n<li class=\"bullet-checkmark\">mod\u00e8le super compact, maniable et stable<\/li>\n<li class=\"bullet-checkmark\">contrairement \u00e0 la version 4.0, il peut \u00eatre d\u00e9ploy\u00e9 sur tout son pourtour<\/li>\n<li class=\"bullet-checkmark\">Personnalisation possible<\/li>\n<\/ul>\n<div class=\"is-divider divider clearfix\" style=\"max-width:small;\"><\/div>\n<p>Les nuanciers de tissus Neo et Neo XL pour le conseil en couleur sont d\u00e9velopp\u00e9s depuis 2012 en \u00e9troite collaboration par <a href=\"https:\/\/www.komood.de\/\" target=\"_blank\" rel=\"noopener\">marion zens | komood<\/a> et komood.shop sont fabriqu\u00e9s \u00e0 la main. De cette mani\u00e8re, nous avons non seulement la possibilit\u00e9 de configurer au mieux nos produits, mais aussi de r\u00e9pondre de mani\u00e8re flexible aux souhaits des acheteurs. Nos clients professionnels appr\u00e9cient depuis de nombreuses ann\u00e9es les diff\u00e9rentes options de personnalisation des produits, si bien que nous les proposons \u00e9galement dans une certaine mesure \u00e0 nos clients priv\u00e9s avec la version \"Neo XL 5.0\".<\/p>\n<h3>Aper\u00e7u des caract\u00e9ristiques g\u00e9n\u00e9rales de la s\u00e9rie de passeports couleur Neo XL 5.0<\/h3>\n<ul>\n<li class=\"bullet-checkmark\">qualit\u00e9 professionnelle exclusive de Komood<\/li>\n<li class=\"bullet-checkmark\">un tr\u00e8s grand choix de couleurs conformes au type (voir \u00e0 ce sujet notre information \"Choix et repr\u00e9sentation des couleurs\")<\/li>\n<li class=\"bullet-checkmark\">2 cartes Informations textuelles sur le type de couleur Automne, imprim\u00e9es recto verso<\/li>\n<li class=\"bullet-checkmark\">40 nuanciers fabriqu\u00e9s \u00e0 la main \u00e0 partir de tissus de coton renforc\u00e9s au verso<\/li>\n<li class=\"bullet-checkmark\"><strong>Enveloppe de manteau en forme de boucle<\/strong> en carton solide<\/li>\n<li class=\"bullet-checkmark\">Reliure avec une vis \u00e0 livre bloqu\u00e9e contre le d\u00e9vissage<\/li>\n<li class=\"bullet-checkmark\">tr\u00e8s facile \u00e0 d\u00e9ployer sur tout le pourtour<\/li>\n<li class=\"bullet-checkmark\">surfaces mates pour une comparaison optimale des couleurs - m\u00eame sous lumi\u00e8re artificielle<\/li>\n<\/ul>\n<div class=\"is-divider divider clearfix\" style=\"max-width:small;\"><\/div>\n<h3>Options et accessoires<\/h3>\n<p><strong>L'\u00e9tui<\/strong><\/p>\n<p>Comme accessoire, nous proposons un \u00e9tui fait main en alcantara d'environ 70 x 100 x 25 mm en diff\u00e9rentes couleurs. Selon le type de couleur, nous recommandons le choix de couleur suivant :<\/p>\n\r\n<table>\r\n<tbody>\r\n<tr>\r\n<th>Type de couleur<\/th>\r\n<th>Couleur de l'\u00e9tui<\/th>\r\n<\/tr>\r\n<tr>\r\n<td>\n\t\t<div class=\"icon-box featured-box icon-box-left text-left\"  >\n\t\t\t\t\t<div class=\"icon-box-img\" style=\"width: 20px\">\n\t\t\t\t<div class=\"icon\">\n\t\t\t\t\t<div class=\"icon-inner\" >\n\t\t\t\t\t\t<img decoding=\"async\" src=\"https:\/\/testlab.komood.shop\/wp-content\/uploads\/symbol-fruehlingstyp.avif\" alt=\"Printemps\"\/>\t\t\t\t\t<\/div>\n\t\t\t\t<\/div>\n\t\t\t<\/div>\n\t\t\t\t<div class=\"icon-box-text last-reset\">\n\t\t\t<h5 class=\"uppercase\">Printemps<\/h5>\t\t\t\t\t\t\t\t<\/div>\n\t<\/div>\n\t\n\t<\/td>\r\n<td>Beige, Cr\u00e8me, Vert<\/td>\r\n<\/tr>\r\n<tr>\r\n<td>\n\t\t<div class=\"icon-box featured-box icon-box-left text-left\"  >\n\t\t\t\t\t<div class=\"icon-box-img\" style=\"width: 20px\">\n\t\t\t\t<div class=\"icon\">\n\t\t\t\t\t<div class=\"icon-inner\" >\n\t\t\t\t\t\t<img decoding=\"async\" src=\"https:\/\/testlab.komood.shop\/wp-content\/uploads\/symbol-fruehling-sommertyp.avif\" alt=\"Printemps-\u00e9t\u00e9\"\/>\t\t\t\t\t<\/div>\n\t\t\t\t<\/div>\n\t\t\t<\/div>\n\t\t\t\t<div class=\"icon-box-text last-reset\">\n\t\t\t<h5 class=\"uppercase\">Printemps-\u00e9t\u00e9<\/h5>\t\t\t\t\t\t\t\t<\/div>\n\t<\/div>\n\t\n\t<\/td>\r\n<td>Beige, Cr\u00e8me, Vert, Rose<\/td>\r\n<\/tr>\r\n<tr>\r\n<td>\n\t\t<div class=\"icon-box featured-box icon-box-left text-left\"  >\n\t\t\t\t\t<div class=\"icon-box-img\" style=\"width: 20px\">\n\t\t\t\t<div class=\"icon\">\n\t\t\t\t\t<div class=\"icon-inner\" >\n\t\t\t\t\t\t<img decoding=\"async\" src=\"https:\/\/testlab.komood.shop\/wp-content\/uploads\/symbol-sommertyp.avif\" alt=\"\u00c9t\u00e9\"\/>\t\t\t\t\t<\/div>\n\t\t\t\t<\/div>\n\t\t\t<\/div>\n\t\t\t\t<div class=\"icon-box-text last-reset\">\n\t\t\t<h5 class=\"uppercase\">\u00c9t\u00e9<\/h5>\t\t\t\t\t\t\t\t<\/div>\n\t<\/div>\n\t\n\t<\/td>\r\n<td>Bleu, Bordeaux, Cr\u00e8me, Gris, Rose<\/td>\r\n<\/tr>\r\n<tr>\r\n<td>\n\t\t<div class=\"icon-box featured-box icon-box-left text-left\"  >\n\t\t\t\t\t<div class=\"icon-box-img\" style=\"width: 20px\">\n\t\t\t\t<div class=\"icon\">\n\t\t\t\t\t<div class=\"icon-inner\" >\n\t\t\t\t\t\t<img decoding=\"async\" src=\"https:\/\/testlab.komood.shop\/wp-content\/uploads\/symbol-sommer-herbsttyp.avif\" alt=\"\u00c9t\u00e9-automne\"\/>\t\t\t\t\t<\/div>\n\t\t\t\t<\/div>\n\t\t\t<\/div>\n\t\t\t\t<div class=\"icon-box-text last-reset\">\n\t\t\t<h5 class=\"uppercase\">\u00c9t\u00e9-automne<\/h5>\t\t\t\t\t\t\t\t<\/div>\n\t<\/div>\n\t\n\t<\/td>\r\n<td>Bordeaux, Cr\u00e8me, Rose<\/td>\r\n<\/tr>\r\n<tr>\r\n<td>\n\t\t<div class=\"icon-box featured-box icon-box-left text-left\"  >\n\t\t\t\t\t<div class=\"icon-box-img\" style=\"width: 20px\">\n\t\t\t\t<div class=\"icon\">\n\t\t\t\t\t<div class=\"icon-inner\" >\n\t\t\t\t\t\t<img decoding=\"async\" src=\"https:\/\/testlab.komood.shop\/wp-content\/uploads\/symbol-herbsttyp.avif\" alt=\"Automne\"\/>\t\t\t\t\t<\/div>\n\t\t\t\t<\/div>\n\t\t\t<\/div>\n\t\t\t\t<div class=\"icon-box-text last-reset\">\n\t\t\t<h5 class=\"uppercase\">Automne<\/h5>\t\t\t\t\t\t\t\t<\/div>\n\t<\/div>\n\t\n\t<\/td>\r\n<td>Beige, Bordeaux, Vert<\/td>\r\n<\/tr>\r\n<tr>\r\n<td>\n\t\t<div class=\"icon-box featured-box icon-box-left text-left\"  >\n\t\t\t\t\t<div class=\"icon-box-img\" style=\"width: 20px\">\n\t\t\t\t<div class=\"icon\">\n\t\t\t\t\t<div class=\"icon-inner\" >\n\t\t\t\t\t\t<img decoding=\"async\" src=\"https:\/\/testlab.komood.shop\/wp-content\/uploads\/symbol-herbst-wintertyp.avif\" alt=\"Automne-hiver\"\/>\t\t\t\t\t<\/div>\n\t\t\t\t<\/div>\n\t\t\t<\/div>\n\t\t\t\t<div class=\"icon-box-text last-reset\">\n\t\t\t<h5 class=\"uppercase\">Automne-hiver<\/h5>\t\t\t\t\t\t\t\t<\/div>\n\t<\/div>\n\t\n\t<\/td>\r\n<td>Bleu, Bordeaux, Gris<\/td>\r\n<\/tr>\r\n<tr>\r\n<td>\n\t\t<div class=\"icon-box featured-box icon-box-left text-left\"  >\n\t\t\t\t\t<div class=\"icon-box-img\" style=\"width: 20px\">\n\t\t\t\t<div class=\"icon\">\n\t\t\t\t\t<div class=\"icon-inner\" >\n\t\t\t\t\t\t<img decoding=\"async\" src=\"https:\/\/testlab.komood.shop\/wp-content\/uploads\/symbol-wintertyp.avif\" alt=\"Hiver\"\/>\t\t\t\t\t<\/div>\n\t\t\t\t<\/div>\n\t\t\t<\/div>\n\t\t\t\t<div class=\"icon-box-text last-reset\">\n\t\t\t<h5 class=\"uppercase\">Hiver<\/h5>\t\t\t\t\t\t\t\t<\/div>\n\t<\/div>\n\t\n\t<\/td>\r\n<td>Bleu, Bordeaux, Gris, Rose<\/td>\r\n<\/tr>\r\n<tr>\r\n<td>\n\t\t<div class=\"icon-box featured-box icon-box-left text-left\"  >\n\t\t\t\t\t<div class=\"icon-box-img\" style=\"width: 20px\">\n\t\t\t\t<div class=\"icon\">\n\t\t\t\t\t<div class=\"icon-inner\" >\n\t\t\t\t\t\t<img decoding=\"async\" src=\"https:\/\/testlab.komood.shop\/wp-content\/uploads\/symbol-fruehling-wintertyp.avif\" alt=\"Printemps-Hiver\"\/>\t\t\t\t\t<\/div>\n\t\t\t\t<\/div>\n\t\t\t<\/div>\n\t\t\t\t<div class=\"icon-box-text last-reset\">\n\t\t\t<h5 class=\"uppercase\">Printemps-Hiver<\/h5>\t\t\t\t\t\t\t\t<\/div>\n\t<\/div>\n\t\n\t<\/td>\r\n<td>Cr\u00e8me, vert, rose<\/td>\r\n<\/tr>\r\n<tr>\r\n<td>\n\t\t<div class=\"icon-box featured-box icon-box-left text-left\"  >\n\t\t\t\t\t<div class=\"icon-box-img\" style=\"width: 20px\">\n\t\t\t\t<div class=\"icon\">\n\t\t\t\t\t<div class=\"icon-inner\" >\n\t\t\t\t\t\t<img decoding=\"async\" src=\"https:\/\/testlab.komood.shop\/wp-content\/uploads\/symbol-fruehling-herbsttyp.avif\" alt=\"Printemps-automne\"\/>\t\t\t\t\t<\/div>\n\t\t\t\t<\/div>\n\t\t\t<\/div>\n\t\t\t\t<div class=\"icon-box-text last-reset\">\n\t\t\t<h5 class=\"uppercase\">Printemps-automne<\/h5>\t\t\t\t\t\t\t\t<\/div>\n\t<\/div>\n\t\n\t<\/td>\r\n<td>Beige, Vert<\/td>\r\n<\/tr>\r\n<tr>\r\n<td>\n\t\t<div class=\"icon-box featured-box icon-box-left text-left\"  >\n\t\t\t\t\t<div class=\"icon-box-img\" style=\"width: 20px\">\n\t\t\t\t<div class=\"icon\">\n\t\t\t\t\t<div class=\"icon-inner\" >\n\t\t\t\t\t\t<img decoding=\"async\" src=\"https:\/\/testlab.komood.shop\/wp-content\/uploads\/symbol-sommer-wintertyp.avif\" alt=\"\u00c9t\u00e9-hiver\"\/>\t\t\t\t\t<\/div>\n\t\t\t\t<\/div>\n\t\t\t<\/div>\n\t\t\t\t<div class=\"icon-box-text last-reset\">\n\t\t\t<h5 class=\"uppercase\">\u00c9t\u00e9-hiver<\/h5>\t\t\t\t\t\t\t\t<\/div>\n\t<\/div>\n\t\n\t<\/td>\r\n<td>Bleu, Bordeaux, Cr\u00e8me, Gris, Rose<\/td>\r\n<\/tr>\r\n<\/tbody>\r\n<\/table>\r\n\n<div class=\"is-divider divider clearfix\" style=\"max-width:small;\"><\/div>\n<h3>L'exp\u00e9rience \"Nuancier textile<\/h3>\n<p>Komood fabrique en exclusivit\u00e9 de v\u00e9ritables nuanciers de tissus pour la consultation des couleurs. La plus grande proximit\u00e9 possible avec le support de comparaison (le textile) s'allie dans ces produits \u00e0 l'innovation et \u00e0 la praticit\u00e9.<\/p>\n<p>Outre le choix coh\u00e9rent des mat\u00e9riaux, ces passeports couleur s\u00e9duisent par leur tr\u00e8s grand confort d'utilisation. Des surfaces de cartes textiles et mates avec des dos lisses et brillants garantissent une grande diversit\u00e9 d'utilisation. Cette combinaison permet en outre un \u00e9ventail particuli\u00e8rement confortable, qui devrait \u00eatre unique sous cette forme.<\/p>\n<div class=\"is-divider divider clearfix\" style=\"max-width:small;\"><\/div>\n<h3>D\u00e9veloppement et production<\/h3>\n<p>Ce passeport couleur Herbst Neo XL est un produit de Komood, Marion Zens. Il est fabriqu\u00e9 en grande partie \u00e0 la main.<\/p>\n<p>Les nuanciers utilisent des cotons sp\u00e9cialement adapt\u00e9s et pr\u00e9par\u00e9s par diff\u00e9rents fabricants. Des changements dans leur gamme de produits peuvent donc n\u00e9cessiter des adaptations dans le classement des couleurs. Certains nuanciers sont compos\u00e9s de tissus m\u00e9lang\u00e9s, par exemple pour repr\u00e9senter des tons m\u00e9talliques.<\/p>\n<div class=\"is-divider divider clearfix\" style=\"max-width:small;\"><\/div>\n<h3>Repr\u00e9sentation des couleurs d'automne<\/h3>\n<p>Les couleurs repr\u00e9sent\u00e9es dans la boutique Komood (par exemple sur les photos de produits) sont, pour des raisons techniques, des valeurs approximatives et peuvent donc diff\u00e9rer plus ou moins fortement des couleurs r\u00e9elles.<\/p>\n<div class=\"is-divider divider clearfix\" style=\"max-width:small;\"><\/div>\n<h3>Contact<\/h3>\n<p>N'h\u00e9sitez pas \u00e0 nous contacter pour toute question ou suggestion concernant cette offre - <strong><a href=\"https:\/\/testlab.komood.shop\/fr\/informations-service\/contact\/\">Contact<\/a><\/strong>.<\/p>","protected":false},"excerpt":{"rendered":"<h3><strong>Nuancier professionnel pour le type automne<\/strong><\/h3>\n<ul>\n<li class=\"bullet-star\">40 cartes en couleur, grandes et sans marge<\/li>\n<li class=\"bullet-star\">textile &amp; particuli\u00e8rement pratique<\/li>\n<li class=\"bullet-star\">\u00e9ventail complet (360\u00b0)<\/li>\n<li class=\"bullet-star\">coton | mat | pas d'impressions en couleur<\/li>\n<\/ul>","protected":false},"featured_media":7916,"comment_status":"open","ping_status":"closed","template":"","meta":[],"product_brand":[],"product_cat":[250,462,467,484,321,248,460,256,242,244,382],"product_tag":[407,521,710,258,425,418,403,413,419],"giftcard-category":[],"class_list":{"0":"post-7937","1":"product","2":"type-product","3":"status-publish","4":"has-post-thumbnail","6":"product_cat-farbfaecher","7":"product_cat-farbtypen","8":"product_cat-farbtyp-herbst","9":"product_cat-farbpass-herbst","10":"product_cat-b2c","11":"product_cat-farbpaesse-farbberatung","12":"product_cat-stoff-farbfaecher","13":"product_cat-neo-xl","14":"product_cat-farbtypen-system","15":"product_cat-4-jahreszeiten","16":"product_cat-farbfaecher-4-grundtypen","17":"product_tag-dunkle-farben","18":"product_tag-herbst","19":"product_tag-neo-xl-50","20":"product_tag-komood","21":"product_tag-b2c","22":"product_tag-textiler-farbpass","23":"product_tag-warme-farben","24":"product_tag-warmer-grundtyp","25":"product_tag-widmung","27":"first","28":"instock","29":"taxable","30":"shipping-taxable","31":"purchasable","32":"product-type-simple"},"_links":{"self":[{"href":"https:\/\/testlab.komood.shop\/fr\/wp-json\/wp\/v2\/product\/7937","targetHints":{"allow":["GET"]}}],"collection":[{"href":"https:\/\/testlab.komood.shop\/fr\/wp-json\/wp\/v2\/product"}],"about":[{"href":"https:\/\/testlab.komood.shop\/fr\/wp-json\/wp\/v2\/types\/product"}],"replies":[{"embeddable":true,"href":"https:\/\/testlab.komood.shop\/fr\/wp-json\/wp\/v2\/comments?post=7937"}],"wp:featuredmedia":[{"embeddable":true,"href":"https:\/\/testlab.komood.shop\/fr\/wp-json\/wp\/v2\/media\/7916"}],"wp:attachment":[{"href":"https:\/\/testlab.komood.shop\/fr\/wp-json\/wp\/v2\/media?parent=7937"}],"wp:term":[{"taxonomy":"product_brand","embeddable":true,"href":"https:\/\/testlab.komood.shop\/fr\/wp-json\/wp\/v2\/product_brand?post=7937"},{"taxonomy":"product_cat","embeddable":true,"href":"https:\/\/testlab.komood.shop\/fr\/wp-json\/wp\/v2\/product_cat?post=7937"},{"taxonomy":"product_tag","embeddable":true,"href":"https:\/\/testlab.komood.shop\/fr\/wp-json\/wp\/v2\/product_tag?post=7937"},{"taxonomy":"giftcard-category","embeddable":true,"href":"https:\/\/testlab.komood.shop\/fr\/wp-json\/wp\/v2\/giftcard-category?post=7937"}],"curies":[{"name":"wp","href":"https:\/\/api.w.org\/{rel}","templated":true}]}}