{"id":3716,"date":"2024-05-25T21:00:42","date_gmt":"2024-05-25T21:00:42","guid":{"rendered":"https:\/\/komood.shop\/?post_type=product&#038;p=3716"},"modified":"2025-11-25T12:49:17","modified_gmt":"2025-11-25T12:49:17","slug":"cappotto-002-colore-tasche-elegance-neo-neoxl","status":"publish","type":"product","link":"https:\/\/testlab.komood.shop\/it\/produkt\/mantel-002-farbfaecher-elegance-neo-neoxl\/","title":{"rendered":"Guaina #002 per i ventilatori a colori Elegance e Neo\/Neo XL"},"content":{"rendered":"<div class=\"ux-logo has-hover align-middle ux_logo inline-block\" style=\"max-width: 100%!important; width: 237px!important\"><a class=\"ux-logo-link block image-\" title=\"Passaggi di colore e materiale di consulenza da komood\" href=\"https:\/\/testlab.komood.shop\/it\/caratteristica\/komood\/\" style=\"padding: 15px;\"><img decoding=\"async\" src=\"https:\/\/testlab.komood.shop\/wp-content\/uploads\/komood-logo-klein.png\" title=\"Passaggi di colore e materiale di consulenza da komood\" alt=\"Passaggi di colore e materiale di consulenza da komood\" class=\"ux-logo-image block\" style=\"height:50px;\" \/><\/a><\/div>\n<h2>Copriabiti a ventaglio a colori, motivo n. 002 | Colori abbigliamento 01<\/h2>\n<h3>per gli appassionati del colore nelle serie Elegance, Neo e Neo XL<\/h3>\n<div class=\"is-divider divider clearfix\" style=\"max-width:small;\"><\/div>\n<p>Questo accessorio \u00e8 caratterizzato dalle seguenti particolarit\u00e0:<\/p>\n<ul>\n<li class=\"bullet-checkmark\">Cartone cromo-solfato da 330 g, bianco, senza legno, monostrato, resistente alla piegatura,<\/li>\n<li class=\"bullet-checkmark\">Fronte\/esterno: doppio rivestimento, liscio, con stampa del motivo offset,<\/li>\n<li class=\"bullet-checkmark\">Retro\/interno: non rivestito, liscio, con stampa informativa offset,<\/li>\n<li class=\"bullet-checkmark\">Dimensioni: 126 x 86 x 0,3 mm,<\/li>\n<li class=\"bullet-checkmark\">non sgualcito (la sgualcitura \u00e8 possibile gratuitamente),<\/li>\n<li class=\"bullet-checkmark\">Numero del motivo: 002,<\/li>\n<li class=\"bullet-checkmark\">Nome del motivo: Colori del vestito 01.<\/li>\n<\/ul>\n<div class=\"is-divider divider clearfix\" style=\"max-width:small;\"><\/div>\n<h3>Assegnazione conforme al tipo e uso previsto<\/h3>\n<p>Il design \u00e8 neutro e non \u00e8 assegnato a nessun tipo di colore in particolare. Il rivestimento della giacca \u00e8 quindi particolarmente adatto alle seguenti applicazioni:<\/p>\n<ul>\n<li class=\"bullet-checkmark\"><strong>Acquisto singolo:<\/strong> Sostituzione delle buste danneggiate,<\/li>\n<li class=\"bullet-checkmark\"><strong>come opzione di prodotto:<\/strong> Configurazione di ventilatori a colori individuali (clienti privati),<\/li>\n<li class=\"bullet-checkmark\"><strong>come opzione di prodotto:<\/strong> Configurazione di ventagli di colori standardizzati o compilati individualmente (B2B).<\/li>\n<\/ul>\n<div class=\"is-divider divider clearfix\" style=\"max-width:small;\"><\/div>\n<h3>Ventaglio a colori con copertina individuale<\/h3>\n<p>L'offerta comprende solo il cappotto menzionato, cio\u00e8 non il ventaglio di colori.<\/p>\n<p>Quando acquista un ventilatore a colori delle serie Elegance, Neo o Neo XL, ha la possibilit\u00e0 di scegliere un rivestimento alternativo. <strong>a condizioni significativamente scontate<\/strong> offerto.<\/p>\n<div class=\"is-divider divider clearfix\" style=\"max-width:small;\"><\/div>\n<h3>Sviluppo e produzione<\/h3>\n<p>Questo copri cappotto \u00e8 un prodotto di Komood, Marion Zens.<\/p>\n<div class=\"is-divider divider clearfix\" style=\"max-width:small;\"><\/div>\n<h3>Visualizzazione dei colori dei prodotti<\/h3>\n<p>Per motivi tecnici, le rappresentazioni dei colori all'interno del negozio Komood (ad esempio nelle foto dei prodotti) sono solo valori approssimativi e possono quindi differire significativamente dai colori reali.<\/p>\n<div class=\"is-divider divider clearfix\" style=\"max-width:small;\"><\/div>\n<h3>Ci contatti<\/h3>\n<p>Se ha domande o suggerimenti in merito a questa offerta, non esiti a contattarci -. <strong><a href=\"https:\/\/testlab.komood.shop\/it\/servizio-informazioni\/contatto\/\">Ci contatti<\/a><\/strong>.<\/p>","protected":false},"excerpt":{"rendered":"<ul>\n<li class=\"bullet-star\">Copertina neutra per i fan del colore Komood,<\/li>\n<li class=\"bullet-star\">Motivo numero 002,<\/li>\n<li class=\"bullet-star\">Nome del motivo: Colori dell'abito 01.<\/li>\n<\/ul>","protected":false},"featured_media":3718,"comment_status":"open","ping_status":"closed","template":"","meta":[],"product_brand":[],"product_cat":[341,342,352],"product_tag":[318,232,317,300,282,258,354,425],"giftcard-category":[],"class_list":{"0":"post-3716","1":"product","2":"type-product","3":"status-publish","4":"has-post-thumbnail","6":"product_cat-zubehoer","7":"product_cat-farbkarten-farbfaecher","8":"product_cat-farbfaecher-mantelumschlaege","9":"product_tag-farbfaecher","10":"product_tag-b2b","11":"product_tag-elegance","12":"product_tag-neo","13":"product_tag-neo-xl-40","14":"product_tag-komood","15":"product_tag-motiv-kleiderfarben","16":"product_tag-b2c","18":"first","19":"instock","20":"taxable","21":"shipping-taxable","22":"purchasable","23":"product-type-simple"},"_links":{"self":[{"href":"https:\/\/testlab.komood.shop\/it\/wp-json\/wp\/v2\/product\/3716","targetHints":{"allow":["GET"]}}],"collection":[{"href":"https:\/\/testlab.komood.shop\/it\/wp-json\/wp\/v2\/product"}],"about":[{"href":"https:\/\/testlab.komood.shop\/it\/wp-json\/wp\/v2\/types\/product"}],"replies":[{"embeddable":true,"href":"https:\/\/testlab.komood.shop\/it\/wp-json\/wp\/v2\/comments?post=3716"}],"wp:featuredmedia":[{"embeddable":true,"href":"https:\/\/testlab.komood.shop\/it\/wp-json\/wp\/v2\/media\/3718"}],"wp:attachment":[{"href":"https:\/\/testlab.komood.shop\/it\/wp-json\/wp\/v2\/media?parent=3716"}],"wp:term":[{"taxonomy":"product_brand","embeddable":true,"href":"https:\/\/testlab.komood.shop\/it\/wp-json\/wp\/v2\/product_brand?post=3716"},{"taxonomy":"product_cat","embeddable":true,"href":"https:\/\/testlab.komood.shop\/it\/wp-json\/wp\/v2\/product_cat?post=3716"},{"taxonomy":"product_tag","embeddable":true,"href":"https:\/\/testlab.komood.shop\/it\/wp-json\/wp\/v2\/product_tag?post=3716"},{"taxonomy":"giftcard-category","embeddable":true,"href":"https:\/\/testlab.komood.shop\/it\/wp-json\/wp\/v2\/giftcard-category?post=3716"}],"curies":[{"name":"wp","href":"https:\/\/api.w.org\/{rel}","templated":true}]}}