{"id":4691,"date":"2024-06-25T06:21:15","date_gmt":"2024-06-25T06:21:15","guid":{"rendered":"https:\/\/komood.shop\/?post_type=product&#038;p=4691"},"modified":"2025-11-20T15:28:50","modified_gmt":"2025-11-20T15:28:50","slug":"rossetto-naturale-opaco-muse-di-benecos","status":"publish","type":"product","link":"https:\/\/testlab.komood.shop\/it\/produkt\/muse-matt-natural-lipstick-von-benecos\/","title":{"rendered":"musa - Rossetto naturale opaco di Benecos"},"content":{"rendered":"<div class=\"ux-logo has-hover align-middle ux_logo inline-block\" style=\"max-width: 100%!important; width: 170px!important\"><a class=\"ux-logo-link block image-\" title=\"Cosmetici naturali da benecos\" href=\"https:\/\/testlab.komood.shop\/it\/caratteristica\/benecos\/\" style=\"padding: 15px;\"><img decoding=\"async\" src=\"https:\/\/testlab.komood.shop\/wp-content\/uploads\/benecos-logo-klein.png\" title=\"Cosmetici naturali da benecos\" alt=\"Cosmetici naturali da benecos\" class=\"ux-logo-image block\" style=\"height:50px;\" \/><\/a><\/div>\n<h2>Rossetto \"musa\" di Benecos<\/h2>\n<h3>Cosmetici naturali certificati e controllati (BDIH)<\/h3>\n<div class=\"is-divider divider clearfix\" style=\"max-width:small;\"><\/div>\n<p>Questo rossetto altamente pigmentato e nutriente di Benecos \u00e8 adatto ai seguenti tipi di colore:<\/p>\n<p><strong>Sistema freddo-caldo<\/strong><\/p>\n<ul>\n<li class=\"bullet-checkmark\">tende ad essere di tonalit\u00e0 calda<\/li>\n<\/ul>\n<p><strong>Sistema di tipi di colore 4|6|10<\/strong><\/p>\n<ul>\n<li class=\"bullet-checkmark\">Primavera<\/li>\n<li class=\"bullet-checkmark\">Primavera-Estate<\/li>\n<li class=\"bullet-checkmark\">Primavera-autunno<\/li>\n<\/ul>\n<p><strong>Sistema a 12 colori<\/strong><\/p>\n<ul>\n<li class=\"bullet-checkmark\">Primavera leggera<\/li>\n<li class=\"bullet-checkmark\">Primavera calda<\/li>\n<li class=\"bullet-checkmark\">Primavera chiara<\/li>\n<li class=\"bullet-checkmark\">Estate leggera<\/li>\n<li class=\"bullet-checkmark\">Autunno morbido<\/li>\n<\/ul>\n<div class=\"is-divider divider clearfix\" style=\"max-width:small;\"><\/div>\n<h3>Descrizione del produttore<\/h3>\n<p>Finitura vellutata-opaca, leggermente polverosa. L'effetto opaco si ottiene utilizzando la silice in combinazione con l'amido di mais biologico. Allo stesso tempo, varie cere e oli biologici come la cera d'api, l'olio di avocado e di babassu lasciano le labbra morbide e idratate.<\/p>\n<p>\u2713 <em>musa<\/em> \u00e8 un caldo palissandro<br \/>\n\u2713 Finitura vellutata-opaca, leggermente polverosa<br \/>\n\u2713 Con cera d'api e olio di avocado<br \/>\n\u2713 Rilascio di colore intenso e altamente pigmentato<br \/>\n\u2713 Complesso protettivo per labbra morbide<br \/>\n\u2713 Cosmetici naturali certificati e controllati (BDIH)<\/p>\n<h4>Applicazione<\/h4>\n<p>Applichi il rossetto direttamente sulle labbra o con il pennello labbra benecos. Per farlo durare pi\u00f9 a lungo, pu\u00f2 prima delineare le labbra con la lip liner di benecos. Per far durare il rossetto ancora pi\u00f9 a lungo, pu\u00f2 rivestire completamente le labbra con l'eyeliner e poi applicare il rossetto.<\/p>\n<h4>Buono a sapersi<\/h4>\n<p>Per enfatizzare davvero il cuore delle sue labbra, pu\u00f2 riempirle con un lucidalabbra per farle sembrare pi\u00f9 piene.<\/p>\n<p>Smaltimento: Una volta esaurito il rossetto, separi i componenti della confezione e li smaltisca nel centro di riciclaggio\/sacco giallo.<\/p>\n<h4>Ingredienti<\/h4>\n<p>INGREDIENTI (INCI): ESTERI DECILICI DELL'OLIO D'OLIVA\u00b0, POLIGLICERIDI IDROSSISTEARICI\/LINOLENICI\/OLEICI, OLIO DI SEMI DI RICINO\u00b0, SILICE, CERA ALBA (CERA D'API)\u00b0, OLIO DI PERSEA GRATISSIMA (AVOCADO)\u00b0, CERA DI COPERNICIA CERIFERA\/ CERA DI COPERNICIA CERIFERA (CARNAUBA)\u00b0, OLIO DI SEMI DI ORBIGNYA OLEIFERA (BABASSU)\u00b0, OLEATO DI OLEILE, SQUALENE, EUPHORBIA CERIFERA CERA\/ CERA DI EUPHORBIA CERIFERA (CANDELILLA), AMIDO DI ZEA MAYS (MAIS)\u00b0, TOCOFEROLO, PARFUM (FRAGRANZA), LIMONENE, LINALOLO, CI 77742, CI 77891 (BIOSSIDO DI TITANIO), CI 77491 (OSSIDI DI FERRO), CI 77492 (OSSIDI DI FERRO), CI 77499 (OSSIDI DI FERRO)<\/p>\n<p>\u00b0\u00b0 aus kontrolliert biologischem Anbau \/ da agricoltura biologica certificata \u00b0\u00b0 nat\u00fcrliche Perfumekomposition \/ fragranza naturale \u00b0\u00b0\u00b0 hergestellt aus Bio-Rohstoffen \/ realizzato con ingredienti biologici<\/p>\n<div class=\"is-divider divider clearfix\" style=\"max-width:small;\"><\/div>\n<h3>Ci contatti<\/h3>\n<p>Se ha domande o suggerimenti in merito a questa offerta, non esiti a contattarci -. <strong><a href=\"https:\/\/testlab.komood.shop\/it\/servizio-informazioni\/contatto\/\">Ci contatti<\/a><\/strong>.<\/p>","protected":false},"excerpt":{"rendered":"<ul>\n<li class=\"bullet-star\">Rossetto cosmetico naturale opaco di Benecos<\/li>\n<li class=\"bullet-star\">Complesso di cura con cera d'api e olio di avocado<\/li>\n<li class=\"bullet-star\">Dolcezza del miele nell'opaco<\/li>\n<\/ul>","protected":false},"featured_media":4581,"comment_status":"open","ping_status":"closed","template":"","meta":[],"product_brand":[],"product_cat":[321,462,463,473,464,476,470,491,587,609,588,614,589,619,590,624,593,668,449,450],"product_tag":[452,451,433,517,524,518,439,434,530,425,441,446,440],"giftcard-category":[],"class_list":{"0":"post-4691","1":"product","2":"type-product","3":"status-publish","4":"has-post-thumbnail","6":"product_cat-b2c","7":"product_cat-farbtypen","8":"product_cat-farbtyp-fruehling","9":"product_cat-lippenstifte-fruehlingstyp","10":"product_cat-farbtyp-fruehling-sommer","11":"product_cat-lippenstifte-fruehling-sommertyp","12":"product_cat-farbtyp-fruehling-herbst","13":"product_cat-lippenstifte-fruehling-herbsttyp","14":"product_cat-farbtyp-light-spring","15":"product_cat-lippenstifte-light-spring","16":"product_cat-farbtyp-warm-spring","17":"product_cat-lippenstifte-warm-spring","18":"product_cat-farbtyp-clear-spring","19":"product_cat-lippenstifte-clear-spring","20":"product_cat-farbtyp-light-summer","21":"product_cat-lippenstifte-light-summer","22":"product_cat-farbtyp-soft-autumn","23":"product_cat-lippenstifte-soft-autumn","24":"product_cat-dekorative-naturkosmetik","25":"product_cat-lippenstifte","26":"product_tag-natural-lipstick","27":"product_tag-benecos","28":"product_tag-farbtyp-clear-spring","29":"product_tag-fruehling","30":"product_tag-fruehling-herbst","31":"product_tag-fruehling-sommer","32":"product_tag-farbtyp-light-spring","33":"product_tag-farbtyp-light-summer","34":"product_tag-lippen","35":"product_tag-b2c","36":"product_tag-farbtyp-soft-autumn","37":"product_tag-tendenz-warm","38":"product_tag-farbtyp-warm-spring","40":"first","41":"instock","42":"taxable","43":"shipping-taxable","44":"purchasable","45":"product-type-simple"},"_links":{"self":[{"href":"https:\/\/testlab.komood.shop\/it\/wp-json\/wp\/v2\/product\/4691","targetHints":{"allow":["GET"]}}],"collection":[{"href":"https:\/\/testlab.komood.shop\/it\/wp-json\/wp\/v2\/product"}],"about":[{"href":"https:\/\/testlab.komood.shop\/it\/wp-json\/wp\/v2\/types\/product"}],"replies":[{"embeddable":true,"href":"https:\/\/testlab.komood.shop\/it\/wp-json\/wp\/v2\/comments?post=4691"}],"wp:featuredmedia":[{"embeddable":true,"href":"https:\/\/testlab.komood.shop\/it\/wp-json\/wp\/v2\/media\/4581"}],"wp:attachment":[{"href":"https:\/\/testlab.komood.shop\/it\/wp-json\/wp\/v2\/media?parent=4691"}],"wp:term":[{"taxonomy":"product_brand","embeddable":true,"href":"https:\/\/testlab.komood.shop\/it\/wp-json\/wp\/v2\/product_brand?post=4691"},{"taxonomy":"product_cat","embeddable":true,"href":"https:\/\/testlab.komood.shop\/it\/wp-json\/wp\/v2\/product_cat?post=4691"},{"taxonomy":"product_tag","embeddable":true,"href":"https:\/\/testlab.komood.shop\/it\/wp-json\/wp\/v2\/product_tag?post=4691"},{"taxonomy":"giftcard-category","embeddable":true,"href":"https:\/\/testlab.komood.shop\/it\/wp-json\/wp\/v2\/giftcard-category?post=4691"}],"curies":[{"name":"wp","href":"https:\/\/api.w.org\/{rel}","templated":true}]}}