{"id":4699,"date":"2024-06-25T09:39:11","date_gmt":"2024-06-25T09:39:11","guid":{"rendered":"https:\/\/komood.shop\/?post_type=product&#038;p=4699"},"modified":"2025-12-03T19:52:49","modified_gmt":"2025-12-03T19:52:49","slug":"rossetto-naturale-soft-coral-di-benecos","status":"publish","type":"product","link":"https:\/\/testlab.komood.shop\/it\/produkt\/soft-coral-natural-lipstick-von-benecos\/","title":{"rendered":"Corallo morbido - Rossetto naturale di Benecos"},"content":{"rendered":"<div class=\"ux-logo has-hover align-middle ux_logo inline-block\" style=\"max-width: 100%!important; width: 170px!important\"><a class=\"ux-logo-link block image-\" title=\"Cosmetici naturali da benecos\" href=\"https:\/\/testlab.komood.shop\/it\/caratteristica\/benecos\/\" style=\"padding: 15px;\"><img decoding=\"async\" src=\"https:\/\/testlab.komood.shop\/wp-content\/uploads\/benecos-logo-klein.png\" title=\"Cosmetici naturali da benecos\" alt=\"Cosmetici naturali da benecos\" class=\"ux-logo-image block\" style=\"height:50px;\" \/><\/a><\/div>\n<h2>Rossetto \"soft coral\" di Benecos<\/h2>\n<h3>Cosmetici naturali certificati e controllati (BDIH)<\/h3>\n<div class=\"is-divider divider clearfix\" style=\"max-width:small;\"><\/div>\n<p>Questo rossetto altamente pigmentato e nutriente di Benecos \u00e8 adatto ai seguenti tipi di colore:<\/p>\n<p><strong>Sistema freddo-caldo<\/strong><\/p>\n<ul>\n<li class=\"bullet-checkmark\">tende ad essere di tonalit\u00e0 calda<\/li>\n<\/ul>\n<p><strong>Sistema di tipi di colore 4|6|10<\/strong><\/p>\n<ul>\n<li class=\"bullet-checkmark\">Primavera<\/li>\n<li class=\"bullet-checkmark\">Estate-autunno<\/li>\n<li class=\"bullet-checkmark\">Autunno<\/li>\n<li class=\"bullet-checkmark\">Primavera-autunno<\/li>\n<\/ul>\n<p><strong>Sistema a 12 colori<\/strong><\/p>\n<ul>\n<li class=\"bullet-checkmark\">Primavera leggera<\/li>\n<li class=\"bullet-checkmark\">Primavera calda<\/li>\n<li class=\"bullet-checkmark\">Primavera chiara<\/li>\n<li class=\"bullet-checkmark\">Autunno morbido<\/li>\n<li class=\"bullet-checkmark\">Autunno caldo<\/li>\n<\/ul>\n<div class=\"is-divider divider clearfix\" style=\"max-width:small;\"><\/div>\n<h3>Descrizione del produttore<\/h3>\n<p>Rossetto cremoso con grande resa cromatica che nutre, protegge e rende le sue labbra morbide e vellutate, grazie a un complesso di olio di semi di albero miracoloso biologico, cera di candelilla e vitamina E. Per labbra irresistibili<\/p>\n<p>\u2713 Forte, caldo arancione scuro<br \/>\n\u2713 Complesso protettivo per labbra morbide e vellutate<br \/>\n\u2713 Rilascio di colore intenso e altamente pigmentato<br \/>\n\u2713 Cosmetici naturali certificati e controllati (BDIH)<\/p>\n<h4>Applicazione<\/h4>\n<p>Applichi il rossetto direttamente sulle labbra o con il pennello labbra benecos. Per farlo durare pi\u00f9 a lungo, pu\u00f2 prima delineare le labbra con la lip liner di benecos. Per far durare il rossetto ancora pi\u00f9 a lungo, pu\u00f2 rivestire completamente le labbra con l'eyeliner e poi applicare il rossetto.<\/p>\n<h4>Buono a sapersi<\/h4>\n<p>Per enfatizzare davvero il cuore delle sue labbra, pu\u00f2 riempirle con un lucidalabbra per farle sembrare pi\u00f9 piene.<\/p>\n<p>Smaltimento: Una volta esaurito il rossetto, separi i componenti della confezione e li smaltisca nel centro di riciclaggio\/sacco giallo.<\/p>\n<h4>Ingredienti<\/h4>\n<p>INGREDIENTI (INCI): OLIO DI SEMI DI RICINO\u00b0, ESTERI DI JOJOBA, CERA ALBA (CERA D'API)\u00b0, CERA DI COPERNICIA CERIFERA\/COPERNICIA CERIFERA (CARNAUBA)\u00b0, OLIO DI SEMI DI SIMMONDSIA CHINENSIS (JOJOBA)\u00b0, ISOAMIL LAURATO, POLIGLICERIL-10 DECAISOSTEARATO, EUPHORBIA CERIFERA CERA\/EUPHORBIA CERIFERA (CANDELILLA) WAX, PARFUM (FRAGRANZA), TOCOFEROLO, LECITINA, LIMONENE, OLIO DI SEMI DI HELIANTHUS ANNUUS (GIRASOLE)\u00b0, PALMITATO DI ASCORBILE, GERANIOLO, LINALOLO, ACIDO CITRICO, CI 75470 (CARMINIO), CI 77891 (BIOSSIDO DI TITANIO), CI 77492 (OSSIDI DI FERRO)<\/p>\n<p>\u00b0\u00b0 aus kontrolliert biologischem Anbau \/ da agricoltura biologica certificata \u00b0\u00b0 nat\u00fcrliche Perfumekomposition \/ fragranza naturale \u00b0\u00b0\u00b0 hergestellt aus Bio-Rohstoffen \/ realizzato con ingredienti biologici<\/p>\n<div class=\"is-divider divider clearfix\" style=\"max-width:small;\"><\/div>\n<h3>Ci contatti<\/h3>\n<p>Se ha domande o suggerimenti in merito a questa offerta, non esiti a contattarci -. <strong><a href=\"https:\/\/testlab.komood.shop\/it\/servizio-informazioni\/contatto\/\">Ci contatti<\/a><\/strong>.<\/p>","protected":false},"excerpt":{"rendered":"<ul>\n<li class=\"bullet-star\">rossetto cosmetico naturale e nutriente di Benecos<\/li>\n<li class=\"bullet-star\">con olio di semi di albero miracoloso biologico, cera di candelilla e vitamina E<\/li>\n<li class=\"bullet-star\">Un rosso ruggine morbido e caldo per l'uso quotidiano<\/li>\n<\/ul>","protected":false},"featured_media":4591,"comment_status":"open","ping_status":"closed","template":"","meta":[],"product_brand":[],"product_cat":[321,462,463,473,466,483,467,485,470,491,587,609,588,614,589,619,593,668,594,646,449,450],"product_tag":[452,451,433,517,524,521,439,530,425,441,520,446,442,440],"giftcard-category":[],"class_list":{"0":"post-4699","1":"product","2":"type-product","3":"status-publish","4":"has-post-thumbnail","6":"product_cat-b2c","7":"product_cat-farbtypen","8":"product_cat-farbtyp-fruehling","9":"product_cat-lippenstifte-fruehlingstyp","10":"product_cat-farbtyp-sommer-herbst","11":"product_cat-lippenstifte-sommer-herbsttyp","12":"product_cat-farbtyp-herbst","13":"product_cat-lippenstifte-herbsttyp","14":"product_cat-farbtyp-fruehling-herbst","15":"product_cat-lippenstifte-fruehling-herbsttyp","16":"product_cat-farbtyp-light-spring","17":"product_cat-lippenstifte-light-spring","18":"product_cat-farbtyp-warm-spring","19":"product_cat-lippenstifte-warm-spring","20":"product_cat-farbtyp-clear-spring","21":"product_cat-lippenstifte-clear-spring","22":"product_cat-farbtyp-soft-autumn","23":"product_cat-lippenstifte-soft-autumn","24":"product_cat-farbtyp-warm-autumn","25":"product_cat-lippenstifte-warm-autumn","26":"product_cat-dekorative-naturkosmetik","27":"product_cat-lippenstifte","28":"product_tag-natural-lipstick","29":"product_tag-benecos","30":"product_tag-farbtyp-clear-spring","31":"product_tag-fruehling","32":"product_tag-fruehling-herbst","33":"product_tag-herbst","34":"product_tag-farbtyp-light-spring","35":"product_tag-lippen","36":"product_tag-b2c","37":"product_tag-farbtyp-soft-autumn","38":"product_tag-sommer-herbst","39":"product_tag-tendenz-warm","40":"product_tag-farbtyp-warm-autumn","41":"product_tag-farbtyp-warm-spring","43":"first","44":"instock","45":"taxable","46":"shipping-taxable","47":"purchasable","48":"product-type-simple"},"_links":{"self":[{"href":"https:\/\/testlab.komood.shop\/it\/wp-json\/wp\/v2\/product\/4699","targetHints":{"allow":["GET"]}}],"collection":[{"href":"https:\/\/testlab.komood.shop\/it\/wp-json\/wp\/v2\/product"}],"about":[{"href":"https:\/\/testlab.komood.shop\/it\/wp-json\/wp\/v2\/types\/product"}],"replies":[{"embeddable":true,"href":"https:\/\/testlab.komood.shop\/it\/wp-json\/wp\/v2\/comments?post=4699"}],"wp:featuredmedia":[{"embeddable":true,"href":"https:\/\/testlab.komood.shop\/it\/wp-json\/wp\/v2\/media\/4591"}],"wp:attachment":[{"href":"https:\/\/testlab.komood.shop\/it\/wp-json\/wp\/v2\/media?parent=4699"}],"wp:term":[{"taxonomy":"product_brand","embeddable":true,"href":"https:\/\/testlab.komood.shop\/it\/wp-json\/wp\/v2\/product_brand?post=4699"},{"taxonomy":"product_cat","embeddable":true,"href":"https:\/\/testlab.komood.shop\/it\/wp-json\/wp\/v2\/product_cat?post=4699"},{"taxonomy":"product_tag","embeddable":true,"href":"https:\/\/testlab.komood.shop\/it\/wp-json\/wp\/v2\/product_tag?post=4699"},{"taxonomy":"giftcard-category","embeddable":true,"href":"https:\/\/testlab.komood.shop\/it\/wp-json\/wp\/v2\/giftcard-category?post=4699"}],"curies":[{"name":"wp","href":"https:\/\/api.w.org\/{rel}","templated":true}]}}