{"id":4716,"date":"2024-06-25T15:48:41","date_gmt":"2024-06-25T15:48:41","guid":{"rendered":"https:\/\/komood.shop\/?post_type=product&#038;p=4716"},"modified":"2025-11-20T15:28:44","modified_gmt":"2025-11-20T15:28:44","slug":"rossetto-velvet-opaco-02-marrone-scuro-di-lavera","status":"publish","type":"product","link":"https:\/\/testlab.komood.shop\/it\/produkt\/auburn-brown-02-velvet-matt-lipstick-von-lavera\/","title":{"rendered":"Auburn Brown 02 - Rossetto Velvet Matt di Lavera"},"content":{"rendered":"<div class=\"ux-logo has-hover align-middle ux_logo inline-block\" style=\"max-width: 100%!important; width: 139px!important\"><a class=\"ux-logo-link block image-\" title=\"Naturkosmetik von Lavera\" href=\"https:\/\/testlab.komood.shop\/merkmal\/lavera\/\" style=\"padding: 15px;\"><img decoding=\"async\" src=\"https:\/\/testlab.komood.shop\/wp-content\/uploads\/lavera-logo-klein.png\" title=\"Naturkosmetik von Lavera\" alt=\"Naturkosmetik von Lavera\" class=\"ux-logo-image block\" style=\"height:50px;\" \/><\/a><\/div>\n<h2>Matter Lippenstift &#8222;Auburn Brown&#8220; von Lavera<\/h2>\n<h3>Zertifizierte Naturkosmetik, Made in Germany<\/h3>\n<div class=\"is-divider divider clearfix\" style=\"max-width:small;\"><\/div>\n<p>Dieser nat\u00fcrlich pflegende Lippenstift von Lavera mit langanhaltend-intensiver Farbe ist f\u00fcr folgende Farbtypen geeignet:<\/p>\n<p><strong>K\u00fchl-Warm-System<\/strong><\/p>\n<ul>\n<li class=\"bullet-checkmark\">tendenziell warmtonig<\/li>\n<\/ul>\n<p><strong>4|6|10-Farbtypen-System<\/strong><\/p>\n<ul>\n<li class=\"bullet-checkmark\">Sommer-Herbst<\/li>\n<li class=\"bullet-checkmark\">Herbst<\/li>\n<li class=\"bullet-checkmark\">Herbst-Winter<\/li>\n<li class=\"bullet-checkmark\">Fr\u00fchling-Herbst<\/li>\n<\/ul>\n<p><strong>12-Farbtypen-System<\/strong><\/p>\n<ul>\n<li class=\"bullet-checkmark\">Soft Summer<\/li>\n<li class=\"bullet-checkmark\">Soft Autumn<\/li>\n<li class=\"bullet-checkmark\">Warm Autumn<\/li>\n<li class=\"bullet-checkmark\">Deep Autumn<\/li>\n<li class=\"bullet-checkmark\">Deep Winter<\/li>\n<\/ul>\n<div class=\"is-divider divider clearfix\" style=\"max-width:small;\"><\/div>\n<h3>Beschreibung des Herstellers<\/h3>\n<p>Der lavera Velvet Matt Lipstick fasziniert mit einem verf\u00fchrerisch matten Finish &#8211; ohne die Lippen auszutrocknen. Die sanfte Textur hinterl\u00e4sst ein angenehmes und weiches Gef\u00fchl auf der zarten Lippenhaut &#8211; das gute Gef\u00fchl von zertifizierter Naturkosmetik auf den Lippen<\/p>\n<p>\u2713 Cremig, matte Textur, langanhaltend-intensive Farbe<br \/>\n\u2713 Trocknet die Lippen nicht aus.<br \/>\n\u2713 Glutenfrei, ohne Silikone, ohne Mineral\u00f6l, ohne Mikroplastik, dermatologisch getestet<br \/>\n\u2713 Zertifizierte Naturkosmetik, Made in Germany<\/p>\n<h4>Anwendung<\/h4>\n<p>Beginnend an einem Mundwinkel die Farbe auf die kompletten Lippen gleichm\u00e4\u00dfig auftragen.<\/p>\n<h4>Inhaltsstoffe<\/h4>\n<p>Butyrospermum Parkii (Shea) Oil, Helianthus Annuus (Sunflower) Seed Oil*, Triheptanoin, Shea Butter Ethyl Esters, Silica, Euphorbia Cerifera (Candelilla) Wax, Oryza Sativa (Rice) Bran Wax, Polyglyceryl-3 Diisostearate, Trihydroxystearin, C10-18 Triglycerides, Glyceryl Rosinate, Butyrospermum Parkii (Shea) Butter, Rhus Verniciflua Peel Wax, Cetyl Alcohol, Tilia Cordata Flower Extract*, Rosa Centifolia Flower Extract*, Malva Sylvestris (Mallow) Flower Extract*, Cocos Nucifera (Coconut) Oil*, Theobroma Cacao (Cocoa) Seed Butter*, Olea Europaea (Olive) Fruit Oil*, Olea Europaea (Olive) Oil Unsaponifiables, Tocopherol, Maltodextrin, Helianthus Annuus (Sunflower) Seed Oil*, Alcohol* denat., Citric Acid, Ascorbyl Palmitate, Water (Aqua), Fragrance (Parfum)**, Geraniol**, Linalool**, Limonene**, Benzyl Salicylate**, Citral**, Citronellol**, Benzyl Alcohol**, [+\/- Carmine (CI 75470), Iron Oxide (CI 77491), Iron Oxide (CI 77492), Iron Oxide (CI 77499), Titanium Dioxide (CI 77891)]\n<p>* ingredients from certified organic agriculture<br \/>\n** natural essential oils<\/p>\n<h4>Allergene<\/h4>\n<p>Benzyl-Salicylate<br \/>\nBenzylalkohol<br \/>\nCitral<br \/>\nCitronellol<br \/>\nLinalool<br \/>\nd-Limonene<\/p>\n<div class=\"is-divider divider clearfix\" style=\"max-width:small;\"><\/div>\n<h3>Kontakt<\/h3>\n<p>Bei Fragen oder Anregungen zu diesem Angebot stehen wir Ihnen sehr gern zur Verf\u00fcgung &#8211; <strong><a href=\"https:\/\/testlab.komood.shop\/informationen-service\/kontakt\/\">Kontakt<\/a><\/strong>.<\/p>\n","protected":false},"excerpt":{"rendered":"<ul>\n<li class=\"bullet-star\">Rossetto cosmetico naturale con finitura opaca di Lavera<\/li>\n<li class=\"bullet-star\">Senza glutine, siliconi, olio minerale e microplastiche<\/li>\n<li class=\"bullet-star\">Castagne calde da portare via<\/li>\n<\/ul>","protected":false},"featured_media":4597,"comment_status":"open","ping_status":"closed","template":"","meta":[],"product_brand":[],"product_cat":[321,462,466,483,467,485,468,487,470,491,592,634,593,668,594,646,595,647,598,651,449,450],"product_tag":[443,444,524,521,522,456,455,530,425,441,436,520,446,442],"giftcard-category":[],"class_list":{"0":"post-4716","1":"product","2":"type-product","3":"status-publish","4":"has-post-thumbnail","6":"product_cat-b2c","7":"product_cat-farbtypen","8":"product_cat-farbtyp-sommer-herbst","9":"product_cat-lippenstifte-sommer-herbsttyp","10":"product_cat-farbtyp-herbst","11":"product_cat-lippenstifte-herbsttyp","12":"product_cat-farbtyp-herbst-winter","13":"product_cat-lippenstifte-herbst-wintertyp","14":"product_cat-farbtyp-fruehling-herbst","15":"product_cat-lippenstifte-fruehling-herbsttyp","16":"product_cat-farbtyp-soft-summer","17":"product_cat-lippenstifte-soft-summer","18":"product_cat-farbtyp-soft-autumn","19":"product_cat-lippenstifte-soft-autumn","20":"product_cat-farbtyp-warm-autumn","21":"product_cat-lippenstifte-warm-autumn","22":"product_cat-farbtyp-deep-autumn","23":"product_cat-lippenstifte-deep-autumn","24":"product_cat-farbtyp-deep-winter","25":"product_cat-lippenstifte-deep-winter","26":"product_cat-dekorative-naturkosmetik","27":"product_cat-lippenstifte","28":"product_tag-farbtyp-deep-autumn","29":"product_tag-farbtyp-deep-winter","30":"product_tag-fruehling-herbst","31":"product_tag-herbst","32":"product_tag-herbst-winter","33":"product_tag-velvet-matt-lipstick","34":"product_tag-lavera","35":"product_tag-lippen","36":"product_tag-b2c","37":"product_tag-farbtyp-soft-autumn","38":"product_tag-farbtyp-soft-summer","39":"product_tag-sommer-herbst","40":"product_tag-tendenz-warm","41":"product_tag-farbtyp-warm-autumn","43":"first","44":"instock","45":"taxable","46":"shipping-taxable","47":"purchasable","48":"product-type-simple"},"_links":{"self":[{"href":"https:\/\/testlab.komood.shop\/it\/wp-json\/wp\/v2\/product\/4716","targetHints":{"allow":["GET"]}}],"collection":[{"href":"https:\/\/testlab.komood.shop\/it\/wp-json\/wp\/v2\/product"}],"about":[{"href":"https:\/\/testlab.komood.shop\/it\/wp-json\/wp\/v2\/types\/product"}],"replies":[{"embeddable":true,"href":"https:\/\/testlab.komood.shop\/it\/wp-json\/wp\/v2\/comments?post=4716"}],"wp:featuredmedia":[{"embeddable":true,"href":"https:\/\/testlab.komood.shop\/it\/wp-json\/wp\/v2\/media\/4597"}],"wp:attachment":[{"href":"https:\/\/testlab.komood.shop\/it\/wp-json\/wp\/v2\/media?parent=4716"}],"wp:term":[{"taxonomy":"product_brand","embeddable":true,"href":"https:\/\/testlab.komood.shop\/it\/wp-json\/wp\/v2\/product_brand?post=4716"},{"taxonomy":"product_cat","embeddable":true,"href":"https:\/\/testlab.komood.shop\/it\/wp-json\/wp\/v2\/product_cat?post=4716"},{"taxonomy":"product_tag","embeddable":true,"href":"https:\/\/testlab.komood.shop\/it\/wp-json\/wp\/v2\/product_tag?post=4716"},{"taxonomy":"giftcard-category","embeddable":true,"href":"https:\/\/testlab.komood.shop\/it\/wp-json\/wp\/v2\/giftcard-category?post=4716"}],"curies":[{"name":"wp","href":"https:\/\/api.w.org\/{rel}","templated":true}]}}