{"id":5116,"date":"2024-08-01T20:02:53","date_gmt":"2024-08-01T20:02:53","guid":{"rendered":"https:\/\/komood.shop\/?post_type=product&#038;p=5116"},"modified":"2025-11-20T15:28:33","modified_gmt":"2025-11-20T15:28:33","slug":"rossetto-naturale-jumbo-apricot-affair-di-benecos","status":"publish","type":"product","link":"https:\/\/testlab.komood.shop\/it\/produkt\/apricot-affair-natural-jumbo-lipstick-von-benecos\/","title":{"rendered":"Affare albicocca - Rossetto naturale Jumbo di Benecos"},"content":{"rendered":"<div class=\"ux-logo has-hover align-middle ux_logo inline-block\" style=\"max-width: 100%!important; width: 170px!important\"><a class=\"ux-logo-link block image-\" title=\"Cosmetici naturali da benecos\" href=\"https:\/\/testlab.komood.shop\/it\/caratteristica\/benecos\/\" style=\"padding: 15px;\"><img decoding=\"async\" src=\"https:\/\/testlab.komood.shop\/wp-content\/uploads\/benecos-logo-klein.png\" title=\"Cosmetici naturali da benecos\" alt=\"Cosmetici naturali da benecos\" class=\"ux-logo-image block\" style=\"height:50px;\" \/><\/a><\/div>\n<h2>Rossetto Jumbo \"apricot affair\" di Benecos<\/h2>\n<h3>Cosmetici naturali certificati e controllati (BDIH)<\/h3>\n<div class=\"is-divider divider clearfix\" style=\"max-width:small;\"><\/div>\n<p>Consigliamo questo rossetto in legno morbido e nutriente di Benecos per i seguenti tipi di colore:<\/p>\n<p><strong>Sistema freddo-caldo<\/strong><\/p>\n<ul>\n<li class=\"bullet-checkmark\">tende ad essere di tonalit\u00e0 calda<\/li>\n<\/ul>\n<p><strong>Sistema di tipi di colore 4|6|10<\/strong><\/p>\n<ul>\n<li class=\"bullet-checkmark\">Primavera<\/li>\n<li class=\"bullet-checkmark\">Primavera-Estate<\/li>\n<li class=\"bullet-checkmark\">Estate-autunno<\/li>\n<li class=\"bullet-checkmark\">Primavera-autunno<\/li>\n<\/ul>\n<p><strong>Sistema a 12 colori<\/strong><\/p>\n<ul>\n<li class=\"bullet-checkmark\">Primavera leggera<\/li>\n<li class=\"bullet-checkmark\">Primavera calda<\/li>\n<li class=\"bullet-checkmark\">Primavera chiara<\/li>\n<li class=\"bullet-checkmark\">Estate leggera<\/li>\n<li class=\"bullet-checkmark\">Autunno morbido<\/li>\n<\/ul>\n<div class=\"is-divider divider clearfix\" style=\"max-width:small;\"><\/div>\n<h3>Descrizione del produttore<\/h3>\n<p>Il morbido benecos NATURAL JUMBO LIPSTICK in cinque colori intensi \u00e8 completamente privo di plastica*. Il bastoncino \u00e8 in legno, il tappo in alluminio! La formulazione naturale 100% con oli e cere vegetali biologici e vitamina E che protegge le cellule, le regala una mega sensazione sulle labbra. L'olio di cocco biologico idratante le mantiene morbide ed elastiche, mentre la cera di carnauba biologica assicura una consistenza piacevole e una morbida lucentezza. In ufficio, alla prossima festa o per un breve viaggio: in futuro, ci sar\u00e0 solo lei e il suo JUMBO LIPSTICK!<\/p>\n<p>\u2713 Morbido rosa salmone<br \/>\n\u2713 Certificato COSMOS ORGANIC<br \/>\n\u2713 Perno in legno, cappuccio in alluminio<br \/>\n\u2713 senza plastica*<br \/>\n\u2713 Buon rilascio del colore<br \/>\n\u2713 con olio di cocco biologico e vitamina E<\/p>\n<h4>Applicazione<\/h4>\n<p>La forma in stick \u00e8 super pratica e facile da usare: Basta applicarlo sulle labbra.<\/p>\n<h4>Buono a sapersi<\/h4>\n<p>Il NATURAL JUMBO LIPSTICK \u00e8 molto versatile e pu\u00f2 essere utilizzato anche come lip liner! Per labbra visivamente pi\u00f9 piene, basta accentuarle con un lucidalabbra, ad esempio sul cuore delle labbra.<\/p>\n<p>Pu\u00f2 ottenere risultati particolarmente precisi affilando i JUMBOS (utilizzi un'apertura maggiore).<\/p>\n<h4>Ingredienti<\/h4>\n<p>OLIO DI COCOS NUCIFERA (COCCO)\u00b0, OTTILDODECIL STEAROIL STEARATO, TRIGLICERIDI C10-18, MICA, COPERNICIA CERIFERA (CERA CARNAUBA)\u00b0, OLIO VEGETALE IDROGENATO, POLIGLICERIL-3 DIISOSTEARATO, SILICE, ORIZANOLO, TOCOFEROLO, GLICERIL UNDECILENATO, CI 77891 (BIOSSIDO DI TITANIO), CI 77491 (OSSIDI DI FERRO), CI 75470 (CARMINIO)<\/p>\n<p>\u00b0\u00b0certificato biologico \/ da coltivazione biologica controllata \u00b0\u00b0profumo naturale \/ composizione naturale del profumo \u00b0\u00b0\u00b0fatto con ingredienti biologici \/ fatto con materie prime biologiche 30% biologico del totale\/ 100% origine naturale del totale\".<\/p>\n<div class=\"is-divider divider clearfix\" style=\"max-width:small;\"><\/div>\n<h3>Ci contatti<\/h3>\n<p>Se ha domande o suggerimenti in merito a questa offerta, non esiti a contattarci -. <strong><a href=\"https:\/\/testlab.komood.shop\/it\/servizio-informazioni\/contatto\/\">Ci contatti<\/a><\/strong>.<\/p>","protected":false},"excerpt":{"rendered":"<ul>\n<li class=\"bullet-star\">rossetto jumbo nutriente di Benecos<\/li>\n<li class=\"bullet-star\">con olio di cocco biologico e vitamina E<\/li>\n<li class=\"bullet-star\">Un must per le creature delicate<\/li>\n<\/ul>","protected":false},"featured_media":5065,"comment_status":"open","ping_status":"closed","template":"","meta":[],"product_brand":[],"product_cat":[321,462,463,473,464,476,466,483,470,491,587,609,588,614,589,619,590,624,593,668,449,450],"product_tag":[516,451,433,517,524,518,439,434,530,425,441,520,446,440],"giftcard-category":[],"class_list":{"0":"post-5116","1":"product","2":"type-product","3":"status-publish","4":"has-post-thumbnail","6":"product_cat-b2c","7":"product_cat-farbtypen","8":"product_cat-farbtyp-fruehling","9":"product_cat-lippenstifte-fruehlingstyp","10":"product_cat-farbtyp-fruehling-sommer","11":"product_cat-lippenstifte-fruehling-sommertyp","12":"product_cat-farbtyp-sommer-herbst","13":"product_cat-lippenstifte-sommer-herbsttyp","14":"product_cat-farbtyp-fruehling-herbst","15":"product_cat-lippenstifte-fruehling-herbsttyp","16":"product_cat-farbtyp-light-spring","17":"product_cat-lippenstifte-light-spring","18":"product_cat-farbtyp-warm-spring","19":"product_cat-lippenstifte-warm-spring","20":"product_cat-farbtyp-clear-spring","21":"product_cat-lippenstifte-clear-spring","22":"product_cat-farbtyp-light-summer","23":"product_cat-lippenstifte-light-summer","24":"product_cat-farbtyp-soft-autumn","25":"product_cat-lippenstifte-soft-autumn","26":"product_cat-dekorative-naturkosmetik","27":"product_cat-lippenstifte","28":"product_tag-natural-jumbo-lipstick","29":"product_tag-benecos","30":"product_tag-farbtyp-clear-spring","31":"product_tag-fruehling","32":"product_tag-fruehling-herbst","33":"product_tag-fruehling-sommer","34":"product_tag-farbtyp-light-spring","35":"product_tag-farbtyp-light-summer","36":"product_tag-lippen","37":"product_tag-b2c","38":"product_tag-farbtyp-soft-autumn","39":"product_tag-sommer-herbst","40":"product_tag-tendenz-warm","41":"product_tag-farbtyp-warm-spring","43":"first","44":"instock","45":"taxable","46":"shipping-taxable","47":"purchasable","48":"product-type-simple"},"_links":{"self":[{"href":"https:\/\/testlab.komood.shop\/it\/wp-json\/wp\/v2\/product\/5116","targetHints":{"allow":["GET"]}}],"collection":[{"href":"https:\/\/testlab.komood.shop\/it\/wp-json\/wp\/v2\/product"}],"about":[{"href":"https:\/\/testlab.komood.shop\/it\/wp-json\/wp\/v2\/types\/product"}],"replies":[{"embeddable":true,"href":"https:\/\/testlab.komood.shop\/it\/wp-json\/wp\/v2\/comments?post=5116"}],"wp:featuredmedia":[{"embeddable":true,"href":"https:\/\/testlab.komood.shop\/it\/wp-json\/wp\/v2\/media\/5065"}],"wp:attachment":[{"href":"https:\/\/testlab.komood.shop\/it\/wp-json\/wp\/v2\/media?parent=5116"}],"wp:term":[{"taxonomy":"product_brand","embeddable":true,"href":"https:\/\/testlab.komood.shop\/it\/wp-json\/wp\/v2\/product_brand?post=5116"},{"taxonomy":"product_cat","embeddable":true,"href":"https:\/\/testlab.komood.shop\/it\/wp-json\/wp\/v2\/product_cat?post=5116"},{"taxonomy":"product_tag","embeddable":true,"href":"https:\/\/testlab.komood.shop\/it\/wp-json\/wp\/v2\/product_tag?post=5116"},{"taxonomy":"giftcard-category","embeddable":true,"href":"https:\/\/testlab.komood.shop\/it\/wp-json\/wp\/v2\/giftcard-category?post=5116"}],"curies":[{"name":"wp","href":"https:\/\/api.w.org\/{rel}","templated":true}]}}