{"id":7040,"date":"2025-01-20T20:12:38","date_gmt":"2025-01-20T20:12:38","guid":{"rendered":"https:\/\/komood.shop\/?post_type=product&#038;p=7040"},"modified":"2026-02-25T17:52:31","modified_gmt":"2026-02-25T17:52:31","slug":"rossetto-al-melograno-di-grn-gruen","status":"publish","type":"product","link":"https:\/\/testlab.komood.shop\/it\/produkt\/pomegranate-lipstick-von-grn-gruen\/","title":{"rendered":"pomegranate &#8211; Lipstick von GRN [GR\u00dcN]"},"content":{"rendered":"<div class=\"ux-logo has-hover align-middle ux_logo inline-block\" style=\"max-width: 100%!important; width: 115px!important\"><div class=\"ux-logo-link block image-\" title=\"Naturkosmetik von Gruen\" href=\"\" style=\"padding: 15px;\"><img decoding=\"async\" src=\"https:\/\/testlab.komood.shop\/wp-content\/uploads\/gruen-logo-klein.png\" title=\"Naturkosmetik von Gruen\" alt=\"Naturkosmetik von Gruen\" class=\"ux-logo-image block\" style=\"height:100px;\" \/><\/div><\/div>\n<h2>Lipstick &#8222;pomegranate&#8220; von GRN<\/h2>\n<h3>COSMOS ORGANIC zertifizierte Biokosmetik<\/h3>\n<div class=\"is-divider divider clearfix\" style=\"max-width:small;\"><\/div>\n<p>Dieser pflegende Lippenstift von GRN [GR\u00dcN] schenkt folgenden Farbtypen den subtil gl\u00e4nzenden Kussmund-Look.<\/p>\n<p><strong>K\u00fchl-Warm-System<\/strong><\/p>\n<ul>\n<li class=\"bullet-checkmark\">tendenziell warmtonig<\/li>\n<\/ul>\n<p><strong>4|6|10-Farbtypen-System<\/strong><\/p>\n<ul>\n<li class=\"bullet-checkmark\">Sommer-Herbst<\/li>\n<li class=\"bullet-checkmark\">Herbst<\/li>\n<li class=\"bullet-checkmark\">Herbst-Winter<\/li>\n<li class=\"bullet-checkmark\">Fr\u00fchling-Herbst<\/li>\n<li class=\"bullet-checkmark\">Fr\u00fchling-Winter<\/li>\n<\/ul>\n<p><strong>12-Farbtypen-System<\/strong><\/p>\n<ul>\n<li class=\"bullet-checkmark\">Warm Spring<\/li>\n<li class=\"bullet-checkmark\">Clear Spring<\/li>\n<li class=\"bullet-checkmark\">Soft Summer<\/li>\n<li class=\"bullet-checkmark\">Soft Autumn<\/li>\n<li class=\"bullet-checkmark\">Warm Autumn<\/li>\n<li class=\"bullet-checkmark\">Deep Autumn<\/li>\n<li class=\"bullet-checkmark\">Deep Winter<\/li>\n<\/ul>\n<div class=\"is-divider divider clearfix\" style=\"max-width:small;\"><\/div>\n<h3>Beschreibung des Herstellers<\/h3>\n<p>F\u00fcr intensive Lippenbekenntnisse<\/p>\n<p>Die gl\u00e4nzende Lippenstiftfarbe \u201epomegranate\u201c pflegt deine Lippen mit Bio-Wunderbaumsamen- und Bio-Jojoba\u00f6l \u2013 f\u00fcr unwiderstehliche Kussmomente! Die angenehme Textur mit wertvollem Candelillawachs sorgt zudem f\u00fcr ein tolles Tragegef\u00fchl und eine gute Lippenhaftung.<\/p>\n<p>\u2713 Mit Bio-Jojoba\u00f6l<br \/>\n\u2713 Talkfrei<br \/>\n\u2713 Unwiderstehliche Farbbrillanz<br \/>\n\u2713 COSMOS ORGANIC zertifizierte Biokosmetik<br \/>\n\u2713 Inhalt: 4g<\/p>\n<h4>Anwendung<\/h4>\n<p>Lippen mit einem Lip Pencil umranden. Anschlie\u00dfend den Lipstick auf den gesamten Lippen auftragen.<\/p>\n<h4>Good to Know<\/h4>\n<p>F\u00fcr einen besonders langen Halt, Lippen komplett mit dem Lip Pencil ausmalen, und danach den Lippenstift auftragen.<\/p>\n<h4>Inhaltsstoffe<\/h4>\n<p>GRN [GR\u00dcN] COLOUR COSMETICS Lipstick pomegranate: OCTYLDODECANOL, RICINUS COMMUNIS (CASTOR) SEED OIL\u00b0, C10-18 TRIGLYCERIDES, HYDROGENATED OLIVE OIL STEARYL ESTERS\u00b0\u00b0\u00b0, JOJOBA ESTERS, SIMMONDSIA CHINENSIS (JOJOBA) SEED OIL\u00b0, COPERNICIA CERIFERA CERA\/ COPERNICIA CERIFERA (CARNAUBA) WAX\u00b0, TRIBEHENIN, HELIANTHUS ANNUUS (SUNFLOWER) SEED WAX, EUPHORBIA CERIFERA CERA\/ EUPHORBIA CERIFERA (CANDELILLA) WAX, ACACIA DECURRENS FLOWER WAX, POLYGLYCERIN-3, PARFUM (FRAGRANCE)\u00b0\u00b0, LECITHIN, TOCOPHEROL, ASCORBYL PALMITATE, CITRIC ACID, LIMONENE\u00b0\u00b0, GERANIOL\u00b0\u00b0, LINALOOL\u00b0\u00b0, CI 75470 (CARMINE) , CI 77491 (IRON OXIDES)<\/p>\n<p>\u00b0 aus kontrolliert biologischem Anbau<br \/>\n\u00b0\u00b0 nat\u00fcrliche Parf\u00fcmkomposition<\/p>\n<div class=\"is-divider divider clearfix\" style=\"max-width:small;\"><\/div>\n<h3>Kontakt<\/h3>\n<p>Bei Fragen oder Anregungen zu diesem Angebot stehen wir Ihnen sehr gern zur Verf\u00fcgung &#8211; <strong><a href=\"https:\/\/testlab.komood.shop\/informationen-service\/kontakt\/\">Kontakt<\/a><\/strong>.<\/p>\n","protected":false},"excerpt":{"rendered":"<ul>\n<li class=\"bullet-star\">rossetto cosmetico naturale colorato di tendenza di GRN<\/li>\n<li class=\"bullet-star\">con olio di semi di albero miracoloso biologico e olio di jojoba biologico<\/li>\n<li class=\"bullet-star\">Un vero tocco di colore per le serate calde<\/li>\n<\/ul>","protected":false},"featured_media":7037,"comment_status":"open","ping_status":"closed","template":"","meta":[],"product_brand":[],"product_cat":[321,466,483,467,485,468,487,470,491,471,493,588,614,589,619,592,634,593,668,594,646,595,647,598,651,449,450],"product_tag":[433,443,444,524,525,606,605,521,522,530,425,441,436,520,446,442,440],"giftcard-category":[],"class_list":{"0":"post-7040","1":"product","2":"type-product","3":"status-publish","4":"has-post-thumbnail","6":"product_cat-b2c","7":"product_cat-farbtyp-sommer-herbst","8":"product_cat-lippenstifte-sommer-herbsttyp","9":"product_cat-farbtyp-herbst","10":"product_cat-lippenstifte-herbsttyp","11":"product_cat-farbtyp-herbst-winter","12":"product_cat-lippenstifte-herbst-wintertyp","13":"product_cat-farbtyp-fruehling-herbst","14":"product_cat-lippenstifte-fruehling-herbsttyp","15":"product_cat-farbtyp-fruehling-winter","16":"product_cat-lippenstifte-fruehling-wintertyp","17":"product_cat-farbtyp-warm-spring","18":"product_cat-lippenstifte-warm-spring","19":"product_cat-farbtyp-clear-spring","20":"product_cat-lippenstifte-clear-spring","21":"product_cat-farbtyp-soft-summer","22":"product_cat-lippenstifte-soft-summer","23":"product_cat-farbtyp-soft-autumn","24":"product_cat-lippenstifte-soft-autumn","25":"product_cat-farbtyp-warm-autumn","26":"product_cat-lippenstifte-warm-autumn","27":"product_cat-farbtyp-deep-autumn","28":"product_cat-lippenstifte-deep-autumn","29":"product_cat-farbtyp-deep-winter","30":"product_cat-lippenstifte-deep-winter","31":"product_cat-dekorative-naturkosmetik","32":"product_cat-lippenstifte","33":"product_tag-farbtyp-clear-spring","34":"product_tag-farbtyp-deep-autumn","35":"product_tag-farbtyp-deep-winter","36":"product_tag-fruehling-herbst","37":"product_tag-fruehling-winter","38":"product_tag-grn-gruen","39":"product_tag-grn-lipstick","40":"product_tag-herbst","41":"product_tag-herbst-winter","42":"product_tag-lippen","43":"product_tag-b2c","44":"product_tag-farbtyp-soft-autumn","45":"product_tag-farbtyp-soft-summer","46":"product_tag-sommer-herbst","47":"product_tag-tendenz-warm","48":"product_tag-farbtyp-warm-autumn","49":"product_tag-farbtyp-warm-spring","51":"first","52":"instock","53":"taxable","54":"shipping-taxable","55":"purchasable","56":"product-type-simple"},"_links":{"self":[{"href":"https:\/\/testlab.komood.shop\/it\/wp-json\/wp\/v2\/product\/7040","targetHints":{"allow":["GET"]}}],"collection":[{"href":"https:\/\/testlab.komood.shop\/it\/wp-json\/wp\/v2\/product"}],"about":[{"href":"https:\/\/testlab.komood.shop\/it\/wp-json\/wp\/v2\/types\/product"}],"replies":[{"embeddable":true,"href":"https:\/\/testlab.komood.shop\/it\/wp-json\/wp\/v2\/comments?post=7040"}],"wp:featuredmedia":[{"embeddable":true,"href":"https:\/\/testlab.komood.shop\/it\/wp-json\/wp\/v2\/media\/7037"}],"wp:attachment":[{"href":"https:\/\/testlab.komood.shop\/it\/wp-json\/wp\/v2\/media?parent=7040"}],"wp:term":[{"taxonomy":"product_brand","embeddable":true,"href":"https:\/\/testlab.komood.shop\/it\/wp-json\/wp\/v2\/product_brand?post=7040"},{"taxonomy":"product_cat","embeddable":true,"href":"https:\/\/testlab.komood.shop\/it\/wp-json\/wp\/v2\/product_cat?post=7040"},{"taxonomy":"product_tag","embeddable":true,"href":"https:\/\/testlab.komood.shop\/it\/wp-json\/wp\/v2\/product_tag?post=7040"},{"taxonomy":"giftcard-category","embeddable":true,"href":"https:\/\/testlab.komood.shop\/it\/wp-json\/wp\/v2\/giftcard-category?post=7040"}],"curies":[{"name":"wp","href":"https:\/\/api.w.org\/{rel}","templated":true}]}}